{"id":6954,"date":"2020-06-24T09:09:04","date_gmt":"2020-06-24T07:09:04","guid":{"rendered":"http:\/\/www.naturclic.com\/?post_type=product&#038;p=6954"},"modified":"2022-02-03T18:19:04","modified_gmt":"2022-02-03T17:19:04","slug":"commando-2000-60-comprimidos-natures-plus","status":"publish","type":"product","link":"https:\/\/www.naturclic.com\/?product=commando-2000-60-comprimidos-natures-plus","title":{"rendered":"Commando 2000 60 comprimidos Nature&#8217;sPlus"},"content":{"rendered":"<p>Los radicales libres se forman de manera natural y continua en el organismo, como resultado del deporte, del metabolismo de las grasas, prote\u00ednas y az\u00facares de los alimentos, de la incidencia de la radiaci\u00f3n ultravioleta sobre nuestra piel y ojos, etc. Estos radicales libres producen en el organismo da\u00f1o oxidativo, que se traduce en alteraciones degenerativas, enfermedades cr\u00f3nicas, da\u00f1o cardiovascular y fen\u00f3menos de envejecimiento en general.<\/p>\n<p>Commando 2000 es una combinaci\u00f3n \u00fanica de antioxidantes que act\u00faan de forma sin\u00e9rgica contra los radicales libres y los da\u00f1os que \u00e9stos causan. Commando 2000 aporta nutrientes de apoyo a la funci\u00f3n hep\u00e1tica y extractos bot\u00e1nicos que act\u00faan favorablemente sobre las defensas.<\/p>\n<p>Composici\u00f3n por comprimido:<br \/>\n500 mg de vitamina C (\u00e1cido L-asc\u00f3rbico).<br \/>\n300 mcg de vitamina A (betacaroteno).<br \/>\n100 mg de complejo de bioflavonoides c\u00edtricos (flavonoides activos, flavononas, flavonas y naringina).<br \/>\n100 mg de vitamina E (succinato de D-alfa tocoferilo).<br \/>\n10 mg de zinc (mono-L-metionina sulfato de zinc).<br \/>\n50 mcg de selenio (L-seleniometionina).<br \/>\n125 mg de equin\u00e1cea (echinacea purpurea).<br \/>\n75 mg de astr\u00e1galo (astragalus membranaceus).<br \/>\n35 mg de ajo desodorizado.<br \/>\n10 mg de N-Acetil-ciste\u00edna.<br \/>\n7,5 mg de L-Metionina (amino\u00e1cido libre).<br \/>\n5 mg de L-Glutation.<br \/>\n2,5 mg de ginkgo biloba (hojas) (estandarizado al 24% ginkgo flavon-glic\u00f3sidos).<\/p>\n<p>Modo de empleo:<br \/>\nTomar de 1 a 2 comprimidos al d\u00eda.<\/p>\n<p>Presentaci\u00f3n:<br \/>\nBote de 60 comprimidos.<\/p>\n<p>* Los complementos alimenticios no deben utilizarse como sustitutos de una dieta variada y equilibrada. No superar la dosis diaria expresamente recomendada. Mantener fuera del alcance de los ni\u00f1os m\u00e1s peque\u00f1os.<\/p>\n<p>La informaci\u00f3n contenida en nuestra web tiene car\u00e1cter informativo y no puede ser considerada como sustitutiva de la prescripci\u00f3n, diagn\u00f3stico o tratamiento m\u00e9dico. Los resultados de los complementos nutricionales pueden variar en funci\u00f3n de la persona, y el tiempo para obtener los beneficios indicados depender\u00e1 de cada caso.<\/p>\n","protected":false},"excerpt":{"rendered":"<p>Composici\u00f3n por comprimido:<br \/>\n500 mg de vitamina C (\u00e1cido L-asc\u00f3rbico).<br \/>\n300 mcg de vitamina A (betacaroteno).<br \/>\n100 mg de complejo de bioflavonoides c\u00edtricos (flavonoides activos, flavononas, flavonas y naringina).<br \/>\n100 mg de vitamina E (succinato de D-alfa tocoferilo).<br \/>\n10 mg de zinc (mono-L-metionina sulfato de zinc).<br \/>\n50 mcg de selenio (L-seleniometionina).<br \/>\n125 mg de equin\u00e1cea (echinacea purpurea).<br \/>\n75 mg de astr\u00e1galo (astragalus membranaceus).<br \/>\n35 mg de ajo desodorizado.<br \/>\n10 mg de N-Acetil-ciste\u00edna.<br \/>\n7,5 mg de L-Metionina (amino\u00e1cido libre).<br \/>\n5 mg de L-Glutation.<br \/>\n2,5 mg de ginkgo biloba (hojas) (estandarizado al 24% ginkgo flavon-glic\u00f3sidos).<\/p>\n","protected":false},"featured_media":6955,"comment_status":"open","ping_status":"closed","template":"","meta":{"_joinchat":[]},"product_brand":[],"product_cat":[128,127,126],"product_tag":[232,233],"class_list":{"0":"post-6954","1":"product","2":"type-product","3":"status-publish","4":"has-post-thumbnail","6":"product_cat-fitoterapia-capsulas-y-comprimidos","7":"product_cat-nutricion-ortomolecular","8":"product_cat-suplementos-naturales","9":"product_tag-antioxidantes","10":"product_tag-ortomolecular","12":"first","13":"instock","14":"taxable","15":"shipping-taxable","16":"purchasable","17":"product-type-simple"},"_links":{"self":[{"href":"https:\/\/www.naturclic.com\/index.php?rest_route=\/wp\/v2\/product\/6954","targetHints":{"allow":["GET"]}}],"collection":[{"href":"https:\/\/www.naturclic.com\/index.php?rest_route=\/wp\/v2\/product"}],"about":[{"href":"https:\/\/www.naturclic.com\/index.php?rest_route=\/wp\/v2\/types\/product"}],"replies":[{"embeddable":true,"href":"https:\/\/www.naturclic.com\/index.php?rest_route=%2Fwp%2Fv2%2Fcomments&post=6954"}],"wp:featuredmedia":[{"embeddable":true,"href":"https:\/\/www.naturclic.com\/index.php?rest_route=\/wp\/v2\/media\/6955"}],"wp:attachment":[{"href":"https:\/\/www.naturclic.com\/index.php?rest_route=%2Fwp%2Fv2%2Fmedia&parent=6954"}],"wp:term":[{"taxonomy":"product_brand","embeddable":true,"href":"https:\/\/www.naturclic.com\/index.php?rest_route=%2Fwp%2Fv2%2Fproduct_brand&post=6954"},{"taxonomy":"product_cat","embeddable":true,"href":"https:\/\/www.naturclic.com\/index.php?rest_route=%2Fwp%2Fv2%2Fproduct_cat&post=6954"},{"taxonomy":"product_tag","embeddable":true,"href":"https:\/\/www.naturclic.com\/index.php?rest_route=%2Fwp%2Fv2%2Fproduct_tag&post=6954"}],"curies":[{"name":"wp","href":"https:\/\/api.w.org\/{rel}","templated":true}]}}