{"id":6957,"date":"2020-06-27T08:32:09","date_gmt":"2020-06-27T06:32:09","guid":{"rendered":"http:\/\/www.naturclic.com\/?post_type=product&#038;p=6957"},"modified":"2025-11-18T23:26:13","modified_gmt":"2025-11-18T22:26:13","slug":"cartucho-recambio-wellisair","status":"publish","type":"product","link":"https:\/\/www.naturclic.com\/?product=cartucho-recambio-wellisair","title":{"rendered":"1 Cartucho Recambio Wellisair oficial WADU02"},"content":{"rendered":"<p>El producto consiste en un dep\u00f3sito con soluci\u00f3n d-limoneno y mecha para evaporaci\u00f3n.<\/p>\n<p>Una vez instalado en el dispositivo Wellisair, permite una autonom\u00eda de funcionamiento de 3 meses.<\/p>\n<p>Recambio desinfectante contiene:<\/p>\n<ul>\n<li>\u00a0\u00a0\u00a0 Cartucho de terpeno para Welliair para 3 meses<\/li>\n<li>\u00a0\u00a0\u00a0 Indicaciones de seguridad del liquido<\/li>\n<li>PVP RECOMENDADO OFICIAL 30\u20ac<\/li>\n<\/ul>\n","protected":false},"excerpt":{"rendered":"<p>El producto consiste en un dep\u00f3sito con soluci\u00f3n d-limoneno y mecha para evaporaci\u00f3n.<\/p>\n<p>Una vez instalado en el dispositivo Wellisair, permite una autonom\u00eda de funcionamiento de 3 meses.<\/p>\n<p>Recambio desinfectante contiene:<\/p>\n<ul>\n<li>\u00a0Cartucho de terpeno para Welliair para 3 meses<\/li>\n<\/ul>\n","protected":false},"featured_media":8322,"comment_status":"open","ping_status":"closed","template":"","meta":{"_joinchat":[]},"product_brand":[],"product_cat":[234],"product_tag":[],"class_list":{"0":"post-6957","1":"product","2":"type-product","3":"status-publish","4":"has-post-thumbnail","6":"product_cat-tecnologia-saludable","8":"first","9":"instock","10":"sale","11":"taxable","12":"shipping-taxable","13":"purchasable","14":"product-type-simple"},"_links":{"self":[{"href":"https:\/\/www.naturclic.com\/index.php?rest_route=\/wp\/v2\/product\/6957","targetHints":{"allow":["GET"]}}],"collection":[{"href":"https:\/\/www.naturclic.com\/index.php?rest_route=\/wp\/v2\/product"}],"about":[{"href":"https:\/\/www.naturclic.com\/index.php?rest_route=\/wp\/v2\/types\/product"}],"replies":[{"embeddable":true,"href":"https:\/\/www.naturclic.com\/index.php?rest_route=%2Fwp%2Fv2%2Fcomments&post=6957"}],"wp:featuredmedia":[{"embeddable":true,"href":"https:\/\/www.naturclic.com\/index.php?rest_route=\/wp\/v2\/media\/8322"}],"wp:attachment":[{"href":"https:\/\/www.naturclic.com\/index.php?rest_route=%2Fwp%2Fv2%2Fmedia&parent=6957"}],"wp:term":[{"taxonomy":"product_brand","embeddable":true,"href":"https:\/\/www.naturclic.com\/index.php?rest_route=%2Fwp%2Fv2%2Fproduct_brand&post=6957"},{"taxonomy":"product_cat","embeddable":true,"href":"https:\/\/www.naturclic.com\/index.php?rest_route=%2Fwp%2Fv2%2Fproduct_cat&post=6957"},{"taxonomy":"product_tag","embeddable":true,"href":"https:\/\/www.naturclic.com\/index.php?rest_route=%2Fwp%2Fv2%2Fproduct_tag&post=6957"}],"curies":[{"name":"wp","href":"https:\/\/api.w.org\/{rel}","templated":true}]}}