{"id":7029,"date":"2020-08-15T11:03:04","date_gmt":"2020-08-15T09:03:04","guid":{"rendered":"https:\/\/www.naturclic.com\/?post_type=product&#038;p=7029"},"modified":"2024-01-07T22:42:52","modified_gmt":"2024-01-07T21:42:52","slug":"brainceutics-omega-60-capsulas-naturesplus","status":"publish","type":"product","link":"https:\/\/www.naturclic.com\/?product=brainceutics-omega-60-capsulas-naturesplus","title":{"rendered":"Brainceutics omega+ 60 capsulas Nature&#8217;sPlus"},"content":{"rendered":"<div class=\"sectitle\">BRAINCEUTIX OMEGA +<\/div>\n<div class=\"secp\">BrainCeutix Omega + es un suplemento de Omega 3 mejorado que no solo proporciona la forma de triglic\u00e9ridos naturales de los \u00e1cidos grasos esenciales, sino tambi\u00e9n antioxidantes que son fundamentales para apoyar el control saludable de la inflamaci\u00f3n y las c\u00e9lulas cerebrales saludables.\u00a0Rejuvenezca y revitalice su cerebro con la nutrici\u00f3n de \u00e1cidos grasos esenciales que necesita.<\/div>\n<div class=\"secp\">\n<ul class=\"section-list\">\n<li>Fundaci\u00f3n para la salud del cerebro<\/li>\n<li>Alta concentraci\u00f3n de EPA y DHA<\/li>\n<li>Protege, fortalece y repara las c\u00e9lulas cerebrales<\/li>\n<li>Apoya la funci\u00f3n cerebral \u00f3ptima<\/li>\n<\/ul>\n<\/div>\n","protected":false},"excerpt":{"rendered":"<div class=\"sectitle\">BRAINCEUTIX OMEGA +<\/div>\n<div class=\"secp\">BrainCeutix Omega + es un suplemento de Omega 3 mejorado que no solo proporciona la forma de triglic\u00e9ridos naturales de los \u00e1cidos grasos esenciales, sino tambi\u00e9n antioxidantes que son fundamentales para apoyar el control saludable de la inflamaci\u00f3n y las c\u00e9lulas cerebrales saludables.\u00a0Rejuvenezca y revitalice su cerebro con la nutrici\u00f3n de \u00e1cidos grasos esenciales que necesita.<\/div>\n<p>&nbsp;<\/p>\n<div class=\"secp\">\n<ul class=\"section-list\">\n<li>Fundaci\u00f3n para la salud del cerebro<\/li>\n<li>Alta concentraci\u00f3n de EPA y DHA<\/li>\n<li>Protege, fortalece y repara las c\u00e9lulas cerebrales<\/li>\n<li>Apoya la funci\u00f3n cerebral \u00f3ptima<\/li>\n<\/ul>\n<\/div>\n","protected":false},"featured_media":7030,"comment_status":"open","ping_status":"closed","template":"","meta":{"_joinchat":[]},"product_brand":[],"product_cat":[127],"product_tag":[],"class_list":{"0":"post-7029","1":"product","2":"type-product","3":"status-publish","4":"has-post-thumbnail","6":"product_cat-nutricion-ortomolecular","8":"first","9":"outofstock","10":"taxable","11":"shipping-taxable","12":"purchasable","13":"product-type-simple"},"_links":{"self":[{"href":"https:\/\/www.naturclic.com\/index.php?rest_route=\/wp\/v2\/product\/7029","targetHints":{"allow":["GET"]}}],"collection":[{"href":"https:\/\/www.naturclic.com\/index.php?rest_route=\/wp\/v2\/product"}],"about":[{"href":"https:\/\/www.naturclic.com\/index.php?rest_route=\/wp\/v2\/types\/product"}],"replies":[{"embeddable":true,"href":"https:\/\/www.naturclic.com\/index.php?rest_route=%2Fwp%2Fv2%2Fcomments&post=7029"}],"wp:featuredmedia":[{"embeddable":true,"href":"https:\/\/www.naturclic.com\/index.php?rest_route=\/wp\/v2\/media\/7030"}],"wp:attachment":[{"href":"https:\/\/www.naturclic.com\/index.php?rest_route=%2Fwp%2Fv2%2Fmedia&parent=7029"}],"wp:term":[{"taxonomy":"product_brand","embeddable":true,"href":"https:\/\/www.naturclic.com\/index.php?rest_route=%2Fwp%2Fv2%2Fproduct_brand&post=7029"},{"taxonomy":"product_cat","embeddable":true,"href":"https:\/\/www.naturclic.com\/index.php?rest_route=%2Fwp%2Fv2%2Fproduct_cat&post=7029"},{"taxonomy":"product_tag","embeddable":true,"href":"https:\/\/www.naturclic.com\/index.php?rest_route=%2Fwp%2Fv2%2Fproduct_tag&post=7029"}],"curies":[{"name":"wp","href":"https:\/\/api.w.org\/{rel}","templated":true}]}}