{"id":7048,"date":"2020-09-10T08:41:07","date_gmt":"2020-09-10T06:41:07","guid":{"rendered":"https:\/\/www.naturclic.com\/?post_type=product&#038;p=7048"},"modified":"2022-02-03T18:05:26","modified_gmt":"2022-02-03T17:05:26","slug":"oligen-dha-120-capsulas-ifigen","status":"publish","type":"product","link":"https:\/\/www.naturclic.com\/?product=oligen-dha-120-capsulas-ifigen","title":{"rendered":"Oligen DHA 120 c\u00e1psulas Ifigen"},"content":{"rendered":"<p>DESCRIPCI\u00d3N<br \/>\nOligen DHA 80% Tg Enzim\u00e1tico de Ifigen es un complemento alimenticio rico en \u00e1cidos grasos omega-3, especialmente, DHA (\u00e1cido docosahexaenoico) con un 80%. En total, Oligen contiene m\u00e1s del 90% de la totalidad de los \u00e1cidos grasos omega-3. De hecho, de cada c\u00e1psula de 700 mg, 500 mg son de aceite.<\/p>\n<p>Propiedades de Oligen DHA 80% Tg Enzim\u00e1tico<br \/>\nOligen DHA 80% Tg Enzim\u00e1tico de Ifigen se ha elaborado para ser presentado en forma de triglic\u00e9rido para mejorar su capacidad de asimilaci\u00f3n y absorci\u00f3n. Contiene un alto porcentaje de DHA, hasta un 80%.<\/p>\n<p>Adem\u00e1s, Oligen DHA 80% Tg Enzim\u00e1tico ha sido preparado siguiendo un proceso enzim\u00e1tico. De esta forma, se consigue un producto libre de \u00e1cido fit\u00e1nico, metales pesados y otros t\u00f3xicos que pueden afectar a su composici\u00f3n 100% natural. El recubrimiento de las c\u00e1psulas est\u00e1 hecho con gelatina de pescado.<\/p>\n<p>Beneficios de Oligen DHA 80% Tg Enzim\u00e1tico<br \/>\nOligen DHA 80% Tg Enzim\u00e1tico contribuye a mantener el funcionamiento normal del cerebro para potenciar la memoria y la concentraci\u00f3n. Asimismo, ayuda a prevenir problemas de visi\u00f3n derivados de la degeneraci\u00f3n macular propia de la edad. Con todo, permite que los triglic\u00e9ridos en sangre est\u00e9n dentro de los niveles recomendados.<\/p>\n<p>Advertencias de Oligen DHA 80% Tg Enzim\u00e1tico<br \/>\nAunque Oligen DHA 80% Tg Enzim\u00e1tico es un complemento beneficioso, es conveniente tener presentes las siguientes advertencias:<\/p>\n<p>No superes la dosis expresa salvo indicaci\u00f3n de tu m\u00e9dico.<br \/>\nEste complemento no sustituye una dieta variada y equilibrada.<br \/>\nMantenlo fuera del alcance de los ni\u00f1os m\u00e1s peque\u00f1os.<br \/>\n\u00bfC\u00f3mo tomar Oligen DHA 80% Tg Enzim\u00e1tico?<br \/>\nTe recomendamos tomar 1-2 c\u00e1psulas al d\u00eda, salvo indicaci\u00f3n expresa de tu m\u00e9dico.<\/p>\n<p>Composici\u00f3n<br \/>\nAceite de pescado DHA 80%, antioxidantes (\u03b1-tocoferol, \u03b2+\u03b3 tocoferol y \u03b4-tocoferol, palmitato de ascorbilo y galato de propilo).<\/p>\n<p>Por 1 c\u00e1psula:<\/p>\n<p>\u00c1cidos grasos omega-3: 455 mg<\/p>\n<p>DHA (\u00e1cido docosahexaenoico): 400 mg<\/p>\n<p>EPA (\u00e1cido eicosapentaenoico): 20 mg<\/p>\n<p>Otros omega-3: 35 mg<\/p>\n<p>Advertencias<br \/>\nNo superar esta dosis salvo indicaci\u00f3n expresa.<\/p>\n","protected":false},"excerpt":{"rendered":"<p>Composici\u00f3n<br \/>\nAceite de pescado DHA 80%, antioxidantes (\u03b1-tocoferol, \u03b2+\u03b3 tocoferol y \u03b4-tocoferol, palmitato de ascorbilo y galato de propilo).<\/p>\n","protected":false},"featured_media":7049,"comment_status":"open","ping_status":"closed","template":"","meta":{"_joinchat":[]},"product_brand":[],"product_cat":[127],"product_tag":[],"class_list":{"0":"post-7048","1":"product","2":"type-product","3":"status-publish","4":"has-post-thumbnail","6":"product_cat-nutricion-ortomolecular","8":"first","9":"instock","10":"taxable","11":"shipping-taxable","12":"purchasable","13":"product-type-simple"},"_links":{"self":[{"href":"https:\/\/www.naturclic.com\/index.php?rest_route=\/wp\/v2\/product\/7048","targetHints":{"allow":["GET"]}}],"collection":[{"href":"https:\/\/www.naturclic.com\/index.php?rest_route=\/wp\/v2\/product"}],"about":[{"href":"https:\/\/www.naturclic.com\/index.php?rest_route=\/wp\/v2\/types\/product"}],"replies":[{"embeddable":true,"href":"https:\/\/www.naturclic.com\/index.php?rest_route=%2Fwp%2Fv2%2Fcomments&post=7048"}],"wp:featuredmedia":[{"embeddable":true,"href":"https:\/\/www.naturclic.com\/index.php?rest_route=\/wp\/v2\/media\/7049"}],"wp:attachment":[{"href":"https:\/\/www.naturclic.com\/index.php?rest_route=%2Fwp%2Fv2%2Fmedia&parent=7048"}],"wp:term":[{"taxonomy":"product_brand","embeddable":true,"href":"https:\/\/www.naturclic.com\/index.php?rest_route=%2Fwp%2Fv2%2Fproduct_brand&post=7048"},{"taxonomy":"product_cat","embeddable":true,"href":"https:\/\/www.naturclic.com\/index.php?rest_route=%2Fwp%2Fv2%2Fproduct_cat&post=7048"},{"taxonomy":"product_tag","embeddable":true,"href":"https:\/\/www.naturclic.com\/index.php?rest_route=%2Fwp%2Fv2%2Fproduct_tag&post=7048"}],"curies":[{"name":"wp","href":"https:\/\/api.w.org\/{rel}","templated":true}]}}