{"id":7050,"date":"2020-09-10T08:47:42","date_gmt":"2020-09-10T06:47:42","guid":{"rendered":"https:\/\/www.naturclic.com\/?post_type=product&#038;p=7050"},"modified":"2026-04-01T15:54:04","modified_gmt":"2026-04-01T13:54:04","slug":"brainceutics-multi-90-capsulas-natures-plus","status":"publish","type":"product","link":"https:\/\/www.naturclic.com\/?product=brainceutics-multi-90-capsulas-natures-plus","title":{"rendered":"Brainceutics Multi 90 c\u00e1psulas Nature&#8217;s Plus"},"content":{"rendered":"<p>DESCRIPCI\u00d3N<br \/>\nBrainceutix multi de Nature&#8217;s Plus, es un sistema integral para el apoyo del cerebro, cuidadosamente dise\u00f1ado para proporcionar los mejores ingredientes con respaldo cient\u00edfico que estimulan, protegen y reparan espec\u00edficamente el cerebro al tiempo que benefician a todas las c\u00e9lulas del cuerpo.<\/p>\n<p>Indicaci\u00f3n<br \/>\nLos nutrientes vitales, los alimentos integrales, los probi\u00f3ticos y los antioxidantes dirigidos al cerebro proporcionan una f\u00f3rmula fundamental que deber\u00eda ser parte de cualquier programa inteligente. BrainCeutix Multi es una nutrici\u00f3n completa de alta potencia, cargada de soportes centrados en el cerebro que tambi\u00e9n tienen un beneficio total para el cuerpo. Con probi\u00f3ticos especializados y algunos de los antioxidantes m\u00e1s fuertes conocidos hasta la fecha, no hay otro multivitam\u00ednico de este tipo.<\/p>\n<p>Caracter\u00edsticas m\u00faltiples de BrainCeutix:<br \/>\n\u2022 Una gama completa de vitaminas B necesarias para la salud de los nervios y las c\u00e9lulas rojas de la sangre.<br \/>\n\u2022 Minerales esenciales de apoyo mejoran la respuesta nerviosa y funcionalidad.<br \/>\n\u2022 PQQ (pirroloquinolina quinona) promueve la funci\u00f3n cognitiva para superar el estr\u00e9s.<br \/>\n\u2022 NAC (N-acetilciste\u00edna) es compatible con la recuperaci\u00f3n del cerebro y ayuda a la memoria y cognici\u00f3n.<br \/>\n\u2022 El \u00e1cido lipoico mejora el flujo sangu\u00edneo y la conducci\u00f3n nerviosa del nervio al promover niveles saludables de acetilcolina.<br \/>\n\u2022 Apoya las mitocondrias saludables, la funci\u00f3n intestinal mejorada y la clave para la salud y el bienestar en general.<\/p>\n<p>Composici\u00f3n<br \/>\nPor 3 c\u00e1psula:<\/p>\n<p>Vitamina A (1500 \u03bcg), Vitamina B12 (1000 \u03bcg), Astaxantina (460 mg), Folatos (400 \u03bcg), Biotina (300 \u03bcg), Yodo (150 \u03bcg), Selenio (140 \u03bcg), Vitamina C (120 mg), Cromo (120 \u03bcg), Colina (100 mg), Vitamina K2 (80 \u03bcg), Molibdeno (75 \u03bcg), Inositol (25 mg), Vitamina E (20.14 mg), Vitamina B3 (20 mg), Zinc (15 mg), Vitamina B5 (10 mg), Vitamina D3 (10 \u03bcg), Vitamina B6 (3.5 mg), Vitamina B2 (3.4 mg), Vitamina B1 (3 mg), Manganeso (1 mg), Cobre (0.5 mg), Coenzima Q10, N acetil l ciste\u00edna, S. thermophillus, Ar\u00e1ndano, Ciruela, Mezcla de vegetales, Pirroloquinolina quinona PQQ, Higo, Agave, Zumo de grosellero negro, Acido Lipoico, Extracto de Granada, Manzana, Sa\u00faco, Mora, Maracuy\u00e1, Bifidobacterium longum., Celulosa, Proteasa, Amilasa, Extracto de semilla de Uva, Lactobacillus Bulgaricus, Cereza, Lipasa, Uva, Ar\u00e1ndano Rojo, Acetil L-Carnitina, Fosfatidilserina, Lactasa.<\/p>\n","protected":false},"excerpt":{"rendered":"<p>omposici\u00f3n<br \/>\nPor 3 c\u00e1psula:<\/p>\n<p>Vitamina A (1500 \u03bcg), Vitamina B12 (1000 \u03bcg), Astaxantina (460 mg), Folatos (400 \u03bcg), Biotina (300 \u03bcg), Yodo (150 \u03bcg), Selenio (140 \u03bcg), Vitamina C (120 mg), Cromo (120 \u03bcg), Colina (100 mg), Vitamina K2 (80 \u03bcg), Molibdeno (75 \u03bcg), Inositol (25 mg), Vitamina E (20.14 mg), Vitamina B3 (20 mg), Zinc (15 mg), Vitamina B5 (10 mg), Vitamina D3 (10 \u03bcg), Vitamina B6 (3.5 mg), Vitamina B2 (3.4 mg), Vitamina B1 (3 mg), Manganeso (1 mg), Cobre (0.5 mg), Coenzima Q10, N acetil l ciste\u00edna, S. thermophillus, Ar\u00e1ndano, Ciruela, Mezcla de vegetales, Pirroloquinolina quinona PQQ, Higo, Agave, Zumo de grosellero negro, Acido Lipoico, Extracto de Granada, Manzana, Sa\u00faco, Mora, Maracuy\u00e1, Bifidobacterium longum., Celulosa, Proteasa, Amilasa, Extracto de semilla de Uva, Lactobacillus Bulgaricus, Cereza, Lipasa, Uva, Ar\u00e1ndano Rojo, Acetil L-Carnitina, Fosfatidilserina, Lactasa.<\/p>\n","protected":false},"featured_media":7051,"comment_status":"open","ping_status":"closed","template":"","meta":{"_joinchat":[]},"product_brand":[],"product_cat":[127],"product_tag":[],"class_list":{"0":"post-7050","1":"product","2":"type-product","3":"status-publish","4":"has-post-thumbnail","6":"product_cat-nutricion-ortomolecular","8":"first","9":"outofstock","10":"taxable","11":"shipping-taxable","12":"purchasable","13":"product-type-simple"},"_links":{"self":[{"href":"https:\/\/www.naturclic.com\/index.php?rest_route=\/wp\/v2\/product\/7050","targetHints":{"allow":["GET"]}}],"collection":[{"href":"https:\/\/www.naturclic.com\/index.php?rest_route=\/wp\/v2\/product"}],"about":[{"href":"https:\/\/www.naturclic.com\/index.php?rest_route=\/wp\/v2\/types\/product"}],"replies":[{"embeddable":true,"href":"https:\/\/www.naturclic.com\/index.php?rest_route=%2Fwp%2Fv2%2Fcomments&post=7050"}],"wp:featuredmedia":[{"embeddable":true,"href":"https:\/\/www.naturclic.com\/index.php?rest_route=\/wp\/v2\/media\/7051"}],"wp:attachment":[{"href":"https:\/\/www.naturclic.com\/index.php?rest_route=%2Fwp%2Fv2%2Fmedia&parent=7050"}],"wp:term":[{"taxonomy":"product_brand","embeddable":true,"href":"https:\/\/www.naturclic.com\/index.php?rest_route=%2Fwp%2Fv2%2Fproduct_brand&post=7050"},{"taxonomy":"product_cat","embeddable":true,"href":"https:\/\/www.naturclic.com\/index.php?rest_route=%2Fwp%2Fv2%2Fproduct_cat&post=7050"},{"taxonomy":"product_tag","embeddable":true,"href":"https:\/\/www.naturclic.com\/index.php?rest_route=%2Fwp%2Fv2%2Fproduct_tag&post=7050"}],"curies":[{"name":"wp","href":"https:\/\/api.w.org\/{rel}","templated":true}]}}