{"id":7052,"date":"2020-09-10T08:55:08","date_gmt":"2020-09-10T06:55:08","guid":{"rendered":"https:\/\/www.naturclic.com\/?post_type=product&#038;p=7052"},"modified":"2022-02-03T18:04:14","modified_gmt":"2022-02-03T17:04:14","slug":"rhodiola-60-capsulas-natures-plus","status":"publish","type":"product","link":"https:\/\/www.naturclic.com\/?product=rhodiola-60-capsulas-natures-plus","title":{"rendered":"Rhodiola 60 c\u00e1psulas Nature&#8217;s Plus"},"content":{"rendered":"<p>DESCRIPCI\u00d3N<br \/>\nRhodiola, complemento alimenticio de extracto de ra\u00edz de Rodiola rosea para optimizar la actividad mental y cognitiva.<\/p>\n<p>Indicaci\u00f3n<br \/>\nSin gluten.<\/p>\n<p>Modo de empleo<br \/>\n1 c\u00e1psula al d\u00eda, como ayuda para situaciones de cansancio, astenia, falta de concentraci\u00f3n deterioro cognitivo, alteraciones an\u00edmicas como consecuencia del estr\u00e9s.<\/p>\n<p>Para una acci\u00f3n r\u00e1pida sobre la capacidad mental y capacidad de trabajo f\u00edsico, se tomaran de 2 a 3 c\u00e1psulas, en 1 sola toma.<\/p>\n<p>Los beneficios se obtienen a los 30 minutos tras su administraci\u00f3n, con una duraci\u00f3n aproximada de 4-6h<\/p>\n<p>Composici\u00f3n<br \/>\nPor 1 c\u00e1psula:<br \/>\nExtracto de Rhodiola rosea, ra\u00edz &#8230;&#8230;&#8230;&#8230;&#8230;&#8230;&#8230;&#8230;&#8230;250 mg<br \/>\n(valorado al 2,3% rosavinas [5,75mg], 2,8% [7 mg] salidr\u00f3sidos) 20% [50 mg] polifenoles<br \/>\nRa\u00edz de Rhodiola rosea en polvo &#8230;&#8230;&#8230;&#8230;&#8230;&#8230;&#8230;&#8230;&#8230;100 mg<br \/>\nMezcla de extractos de plantas&#8230;&#8230;&#8230;&#8230;&#8230;&#8230;&#8230;&#8230;&#8230;. 100 mg<br \/>\n(t\u00e9 verde, semilla de uva, uva fruto, sauco, br\u00f3coli, espinacas, zanahoria, tomate, espirulina, clorela)<\/p>\n","protected":false},"excerpt":{"rendered":"<p>Por 1 c\u00e1psula:<br \/>\nExtracto de Rhodiola rosea, ra\u00edz &#8230;&#8230;&#8230;&#8230;&#8230;&#8230;&#8230;&#8230;&#8230;250 mg<br \/>\n(valorado al 2,3% rosavinas [5,75mg], 2,8% [7 mg] salidr\u00f3sidos) 20% [50 mg] polifenoles<br \/>\nRa\u00edz de Rhodiola rosea en polvo &#8230;&#8230;&#8230;&#8230;&#8230;&#8230;&#8230;&#8230;&#8230;100 mg<br \/>\nMezcla de extractos de plantas&#8230;&#8230;&#8230;&#8230;&#8230;&#8230;&#8230;&#8230;&#8230;. 100 mg<br \/>\n(t\u00e9 verde, semilla de uva, uva fruto, sauco, br\u00f3coli, espinacas, zanahoria, tomate, espirulina, clorela)<\/p>\n","protected":false},"featured_media":7053,"comment_status":"open","ping_status":"closed","template":"","meta":{"_joinchat":[]},"product_brand":[],"product_cat":[127],"product_tag":[],"class_list":{"0":"post-7052","1":"product","2":"type-product","3":"status-publish","4":"has-post-thumbnail","6":"product_cat-nutricion-ortomolecular","8":"first","9":"instock","10":"taxable","11":"shipping-taxable","12":"purchasable","13":"product-type-simple"},"_links":{"self":[{"href":"https:\/\/www.naturclic.com\/index.php?rest_route=\/wp\/v2\/product\/7052","targetHints":{"allow":["GET"]}}],"collection":[{"href":"https:\/\/www.naturclic.com\/index.php?rest_route=\/wp\/v2\/product"}],"about":[{"href":"https:\/\/www.naturclic.com\/index.php?rest_route=\/wp\/v2\/types\/product"}],"replies":[{"embeddable":true,"href":"https:\/\/www.naturclic.com\/index.php?rest_route=%2Fwp%2Fv2%2Fcomments&post=7052"}],"wp:featuredmedia":[{"embeddable":true,"href":"https:\/\/www.naturclic.com\/index.php?rest_route=\/wp\/v2\/media\/7053"}],"wp:attachment":[{"href":"https:\/\/www.naturclic.com\/index.php?rest_route=%2Fwp%2Fv2%2Fmedia&parent=7052"}],"wp:term":[{"taxonomy":"product_brand","embeddable":true,"href":"https:\/\/www.naturclic.com\/index.php?rest_route=%2Fwp%2Fv2%2Fproduct_brand&post=7052"},{"taxonomy":"product_cat","embeddable":true,"href":"https:\/\/www.naturclic.com\/index.php?rest_route=%2Fwp%2Fv2%2Fproduct_cat&post=7052"},{"taxonomy":"product_tag","embeddable":true,"href":"https:\/\/www.naturclic.com\/index.php?rest_route=%2Fwp%2Fv2%2Fproduct_tag&post=7052"}],"curies":[{"name":"wp","href":"https:\/\/api.w.org\/{rel}","templated":true}]}}