{"id":7060,"date":"2020-09-10T17:34:17","date_gmt":"2020-09-10T15:34:17","guid":{"rendered":"https:\/\/www.naturclic.com\/?post_type=product&#038;p=7060"},"modified":"2023-02-06T12:57:04","modified_gmt":"2023-02-06T11:57:04","slug":"source-of-life-60-comprimidos-natures-plus","status":"publish","type":"product","link":"https:\/\/www.naturclic.com\/?product=source-of-life-60-comprimidos-natures-plus","title":{"rendered":"Source of life 60 comprimidos Nature&#8217;s Plus"},"content":{"rendered":"<p>DESCRIPCI\u00d3N<br \/>\n\u00bfPara qu\u00e9 sirve Source of Life?<br \/>\nSource of Life de Nature\u2019s Plus es un complejo multivitam\u00ednico y mineral completo que aporta gran variedad de vitaminas y minerales al organismo.<\/p>\n<p>Propiedades de Source of Life<br \/>\nSource of Life aporta una mezcla equilibrada de vitaminas, minerales, \u00e1cidos grasos, enzimas vegetales, l\u00edpidos, bioflavonoides y pigmentos en una base de alimentos, como el salvado de arroz, aceite de girasol, zumo de hierba de cebada y zumo de remolacha. Esta combinaci\u00f3n mejora la absorci\u00f3n de este complemento por parte del organismo.<\/p>\n<p>Las enzimas vegetales permitan una mejor absorci\u00f3n del resto de los micronutrientes. Adem\u00e1s, todas las vitaminas y minerales de Source of Life proceden de ingredientes de origen natural.<\/p>\n<p>Beneficios de Source of Life<br \/>\nSource of Life es un complemento que est\u00e1 destinado especialmente para cubrir las necesidades del organismo cuando est\u00e1 sometido a un elevado desgaste. Adem\u00e1s, como incorpora enzimas digestivas, mejora la asimilaci\u00f3n de los nutrientes.<\/p>\n<p>Advertencias de Source of Life<br \/>\nEste complemento no sustituye a una dieta variada y equilibrada, no debe superarse la dosis diaria recomendada y se recomienda mantenerlo fuera del alcance de los ni\u00f1os.<\/p>\n<p>\u00bfC\u00f3mo tomar Source of Life?<br \/>\nSe recomienda tomar 1 comprimido al d\u00eda.<\/p>\n<p>Composici\u00f3n<br \/>\nPor 1 comprimido:<br \/>\nVitamina C (166,7 mg), Espirulina (166,7 mg), Vitamina E (30 mg), Aceite de girasol (11,7 mg), Vitamina B5 (10 mg), Citroflavonoides (10 mg), Zumo de grosellero (8,3 mg), Vitamina B3 (6,7 mg), Bromela\u00edna (6,7 mg), Colina (5 mg), Inositol (5 mg), Quercetina (5 mg), Papa\u00edna (5 mg), Ra\u00edz de astr\u00e1galo (5 mg), Hierba de cebada (5 mg), Ra\u00edz de equin\u00e1cea (5 mg), Musgo de Irlanda (5 mg), Hoja de tomillo (5 mg), Fruto de schisandra (5 mg), Vitamina A (4,8 mg), Vitamina B1 (4,2 mg), Vitamina B2 (4,2 mg), Rutina (4,2 mg), Mostaza parda (4 mg), Pectina de manzana (3,3 mg), Salvado de arroz (3 mg), Hierro (3 mg), Zinc (2,7 mg), Vitamina B6 (2 mg), Zumo de remolacha (2 mg), Hesperidina (1,7 mg), Clorofila (1,25 mg), Carotenoides (0,7 mg), Manganeso (0,54 mg), \u00c1cido f\u00f3lico (66,6 microgramos), Yodo (25 microgramos), Cromo (24 microgramos), Vitamina B8 (16 microgramos), Vitamina B12 (3 microgramos), Vitamina D2 (1,6 microgramos).<\/p>\n","protected":false},"excerpt":{"rendered":"<p>Composici\u00f3n<br \/>\nPor 1 comprimido:<br \/>\nVitamina C (166,7 mg), Espirulina (166,7 mg), Vitamina E (30 mg), Aceite de girasol (11,7 mg), Vitamina B5 (10 mg), Citroflavonoides (10 mg), Zumo de grosellero (8,3 mg), Vitamina B3 (6,7 mg), Bromela\u00edna (6,7 mg), Colina (5 mg), Inositol (5 mg), Quercetina (5 mg), Papa\u00edna (5 mg), Ra\u00edz de astr\u00e1galo (5 mg), Hierba de cebada (5 mg), Ra\u00edz de equin\u00e1cea (5 mg), Musgo de Irlanda (5 mg), Hoja de tomillo (5 mg), Fruto de schisandra (5 mg), Vitamina A (4,8 mg), Vitamina B1 (4,2 mg), Vitamina B2 (4,2 mg), Rutina (4,2 mg), Mostaza parda (4 mg), Pectina de manzana (3,3 mg), Salvado de arroz (3 mg), Hierro (3 mg), Zinc (2,7 mg), Vitamina B6 (2 mg), Zumo de remolacha (2 mg), Hesperidina (1,7 mg), Clorofila (1,25 mg), Carotenoides (0,7 mg), Manganeso (0,54 mg), \u00c1cido f\u00f3lico (66,6 microgramos), Yodo (25 microgramos), Cromo (24 microgramos), Vitamina B8 (16 microgramos), Vitamina B12 (3 microgramos), Vitamina D2 (1,6 microgramos).<\/p>\n","protected":false},"featured_media":7061,"comment_status":"open","ping_status":"closed","template":"","meta":{"_joinchat":[]},"product_brand":[],"product_cat":[127],"product_tag":[],"class_list":{"0":"post-7060","1":"product","2":"type-product","3":"status-publish","4":"has-post-thumbnail","6":"product_cat-nutricion-ortomolecular","8":"first","9":"instock","10":"taxable","11":"shipping-taxable","12":"purchasable","13":"product-type-simple"},"_links":{"self":[{"href":"https:\/\/www.naturclic.com\/index.php?rest_route=\/wp\/v2\/product\/7060","targetHints":{"allow":["GET"]}}],"collection":[{"href":"https:\/\/www.naturclic.com\/index.php?rest_route=\/wp\/v2\/product"}],"about":[{"href":"https:\/\/www.naturclic.com\/index.php?rest_route=\/wp\/v2\/types\/product"}],"replies":[{"embeddable":true,"href":"https:\/\/www.naturclic.com\/index.php?rest_route=%2Fwp%2Fv2%2Fcomments&post=7060"}],"wp:featuredmedia":[{"embeddable":true,"href":"https:\/\/www.naturclic.com\/index.php?rest_route=\/wp\/v2\/media\/7061"}],"wp:attachment":[{"href":"https:\/\/www.naturclic.com\/index.php?rest_route=%2Fwp%2Fv2%2Fmedia&parent=7060"}],"wp:term":[{"taxonomy":"product_brand","embeddable":true,"href":"https:\/\/www.naturclic.com\/index.php?rest_route=%2Fwp%2Fv2%2Fproduct_brand&post=7060"},{"taxonomy":"product_cat","embeddable":true,"href":"https:\/\/www.naturclic.com\/index.php?rest_route=%2Fwp%2Fv2%2Fproduct_cat&post=7060"},{"taxonomy":"product_tag","embeddable":true,"href":"https:\/\/www.naturclic.com\/index.php?rest_route=%2Fwp%2Fv2%2Fproduct_tag&post=7060"}],"curies":[{"name":"wp","href":"https:\/\/api.w.org\/{rel}","templated":true}]}}