{"id":7066,"date":"2020-09-10T17:46:23","date_gmt":"2020-09-10T15:46:23","guid":{"rendered":"https:\/\/www.naturclic.com\/?post_type=product&#038;p=7066"},"modified":"2023-02-06T12:49:08","modified_gmt":"2023-02-06T11:49:08","slug":"gi-natural-90-comprimidos-natures-plus","status":"publish","type":"product","link":"https:\/\/www.naturclic.com\/?product=gi-natural-90-comprimidos-natures-plus","title":{"rendered":"GI Natural 90 comprimidos Nature&#8217;s Plus"},"content":{"rendered":"<p>DESCRIPCI\u00d3N<br \/>\nGi Natural bienestar digestivo de Nature\u2019s Plus es una mezcla \u00fanica de fermentos l\u00e1cticos, fibras solubles y enzimas digestivas. Se presenta en forma de comprimidos de liberaci\u00f3n bif\u00e1sica y permite una liberaci\u00f3n de los ingredientes en dos etapas.<\/p>\n<p>Propiedades de Gi Natural bienestar digestivo<br \/>\nGi Natural bienestar digestivo est\u00e1 indicado para combatir problemas de acidez ocasional, reflujo, gases, hinchaz\u00f3n, diarrea, flatulencia y otras molestias digestivas.<\/p>\n<p>Esta f\u00f3rmula libera 1000 mg de L-Glutamina, alimentos enteros alcalinizantes y ricos en enzimas, fibras que alimentan a las bacterias amigas del intestino y cepas bacterianas amigas. Adem\u00e1s, libera calcio, que contribuye al funcionamiento normal de las enzimas digestivas, y zinc, que protege a las c\u00e9lulas del estr\u00e9s oxidativo y contribuye al metabolismo normal \u00e1cido-base y al metabolismo normal de los hidratos de carbono y de los \u00e1cidos grasos, para ayudarte a disfrutar de una adecuada digesti\u00f3n.<\/p>\n<p>Beneficios de Gi Natural bienestar digestivo<br \/>\nGi Natural bienestar digestivo combate los problemas de acidez puntuales, previene los gases y el reflujo g\u00e1strico, contribuye a evitar la aparici\u00f3n de flatulencias y la hinchaz\u00f3n. Asimismo, reduce los episodios de diarrea.<\/p>\n<p>Advertencias de Gi Natural bienestar digestivo<br \/>\nAntes de tomar este complemento conviene tener en cuenta estas advertencias:<\/p>\n<p>No debe superarse la dosis diaria recomendada.<br \/>\nNo conviene utilizarlo como sustituto de una dieta variada y equilibrada.<br \/>\nEl envase debe mantenerse fuera del alcance de los ni\u00f1os.<br \/>\nUna vez abierto debe conservarse en el frigor\u00edfico.<br \/>\n\u00bfC\u00f3mo tomar Gi Natural bienestar digestivo?<br \/>\nSe recomienda tomar 3 comprimidos al d\u00eda repartidos entre las principales comidas.<\/p>\n<p>Composici\u00f3n<br \/>\nPor 1 comprimido:<\/p>\n<p>L-Glutamina 333,3 mg, Mezcla de fibras solubles 133,3 mg (Goma guar (extracto de Cyamopsis tetragonolobus) 43,33 mg, Arabinogalactanos (extracto de Larix occidentalis) 43,33 mg, L-Glutamina 43,33 mg), Calcio (carbonato de calcio, fosfato de calcio) 3,33 mg, Vitamina C (\u00e1cido L-asc\u00f3rbico) 100 mg, Vitamina E (acetato de D-alfa-tocoferilo) 66,67 mg, Mezcla de bacterias l\u00e1cticas y FOS 22,23 mg (Lactobacillus acidophilus (30 millones cel. viables), Lactospore (Bacillus coagulans) (30 millones cel. viables), Bifidobacterium breve (30 millones cel. viables), Fructooligosac\u00e1ridos (FOS) 2,08 mg), Mezcla de alimentos (papaya, banana, mango, d\u00e1til, remolacha, frambuesa, cereza) 2,08 mg), Mezcla de enzimas (amilasa, lactasa, lipasa, bromela\u00edna, papa\u00edna, proteasa, Activessence\u00ae, oxidasa, fosfatasa) 8,33 mg, Zinc (gluconato de zinc) 5 mg, Selenio (L-selenometionina) 13,13 \u00b5g.<\/p>\n<p>Otros ingredientes: celulosa microcristalina, hidroxipropilmetilcelulosa, fosfato dic\u00e1lcico, di\u00f3xido de silicio, \u00e1cido este\u00e1rico, estearato de magnesio, agente de recubrimiento (goma laca).<\/p>\n","protected":false},"excerpt":{"rendered":"<p>Composici\u00f3n<br \/>\nPor 1 comprimido:<\/p>\n<p>L-Glutamina 333,3 mg, Mezcla de fibras solubles 133,3 mg (Goma guar (extracto de Cyamopsis tetragonolobus) 43,33 mg, Arabinogalactanos (extracto de Larix occidentalis) 43,33 mg, L-Glutamina 43,33 mg), Calcio (carbonato de calcio, fosfato de calcio) 3,33 mg, Vitamina C (\u00e1cido L-asc\u00f3rbico) 100 mg, Vitamina E (acetato de D-alfa-tocoferilo) 66,67 mg, Mezcla de bacterias l\u00e1cticas y FOS 22,23 mg (Lactobacillus acidophilus (30 millones cel. viables), Lactospore (Bacillus coagulans) (30 millones cel. viables), Bifidobacterium breve (30 millones cel. viables), Fructooligosac\u00e1ridos (FOS) 2,08 mg), Mezcla de alimentos (papaya, banana, mango, d\u00e1til, remolacha, frambuesa, cereza) 2,08 mg), Mezcla de enzimas (amilasa, lactasa, lipasa, bromela\u00edna, papa\u00edna, proteasa, Activessence\u00ae, oxidasa, fosfatasa) 8,33 mg, Zinc (gluconato de zinc) 5 mg, Selenio (L-selenometionina) 13,13 \u00b5g.<\/p>\n<p>Otros ingredientes: celulosa microcristalina, hidroxipropilmetilcelulosa, fosfato dic\u00e1lcico, di\u00f3xido de silicio, \u00e1cido este\u00e1rico, estearato de magnesio, agente de recubrimiento (goma laca).<\/p>\n","protected":false},"featured_media":7067,"comment_status":"open","ping_status":"closed","template":"","meta":{"_joinchat":[]},"product_brand":[],"product_cat":[127],"product_tag":[],"class_list":{"0":"post-7066","1":"product","2":"type-product","3":"status-publish","4":"has-post-thumbnail","6":"product_cat-nutricion-ortomolecular","8":"first","9":"instock","10":"taxable","11":"shipping-taxable","12":"purchasable","13":"product-type-simple"},"_links":{"self":[{"href":"https:\/\/www.naturclic.com\/index.php?rest_route=\/wp\/v2\/product\/7066","targetHints":{"allow":["GET"]}}],"collection":[{"href":"https:\/\/www.naturclic.com\/index.php?rest_route=\/wp\/v2\/product"}],"about":[{"href":"https:\/\/www.naturclic.com\/index.php?rest_route=\/wp\/v2\/types\/product"}],"replies":[{"embeddable":true,"href":"https:\/\/www.naturclic.com\/index.php?rest_route=%2Fwp%2Fv2%2Fcomments&post=7066"}],"wp:featuredmedia":[{"embeddable":true,"href":"https:\/\/www.naturclic.com\/index.php?rest_route=\/wp\/v2\/media\/7067"}],"wp:attachment":[{"href":"https:\/\/www.naturclic.com\/index.php?rest_route=%2Fwp%2Fv2%2Fmedia&parent=7066"}],"wp:term":[{"taxonomy":"product_brand","embeddable":true,"href":"https:\/\/www.naturclic.com\/index.php?rest_route=%2Fwp%2Fv2%2Fproduct_brand&post=7066"},{"taxonomy":"product_cat","embeddable":true,"href":"https:\/\/www.naturclic.com\/index.php?rest_route=%2Fwp%2Fv2%2Fproduct_cat&post=7066"},{"taxonomy":"product_tag","embeddable":true,"href":"https:\/\/www.naturclic.com\/index.php?rest_route=%2Fwp%2Fv2%2Fproduct_tag&post=7066"}],"curies":[{"name":"wp","href":"https:\/\/api.w.org\/{rel}","templated":true}]}}