{"id":7068,"date":"2020-09-10T17:48:56","date_gmt":"2020-09-10T15:48:56","guid":{"rendered":"https:\/\/www.naturclic.com\/?post_type=product&#038;p=7068"},"modified":"2023-02-06T12:47:22","modified_gmt":"2023-02-06T11:47:22","slug":"ultra-hair-plus-60-comprimidos-natures-plus","status":"publish","type":"product","link":"https:\/\/www.naturclic.com\/?product=ultra-hair-plus-60-comprimidos-natures-plus","title":{"rendered":"Ultra Hair Plus 60 comprimidos Nature&#8217;s Plus"},"content":{"rendered":"<p>DESCRIPCI\u00d3N<br \/>\nUltra Hair Plus de Nature\u2019s Plus es un complemento alimenticio en comprimidos para hombre y mujer elaborado con plantas medicinales, vitaminas, minerales, amino\u00e1cidos y MSM.<\/p>\n<p>Propiedades de Ultra Hair Plus de Nature\u2019s Plus<br \/>\nLa f\u00f3rmula de Ultra Hair Plus de Nature\u2019s Plus es rica en compuestos azufrados (MSM, L-ciste\u00edna, metionina y L-glutation) y sustancias que dan soporte a la s\u00edntesis de prote\u00ednas del cabello como la queratina.<\/p>\n<p>Ultra Hair Plus de Nature\u2019s Plus est\u00e1 formulado para restructurar, fortalecer y proporcionar elasticidad al cabello. Adem\u00e1s, contiene MSM y prote\u00ednas cruciales para la belleza del cabello.<\/p>\n<p>\u00bfC\u00f3mo tomar Ultra Hair Plus de Nature\u2019s Plus?<br \/>\nTomar 1 comprimido al d\u00eda con la comida. No tomar con Sulfamidas, contiene PABA. No superar la dosis expresamente recomendada por el fabricante.<\/p>\n<p>Composici\u00f3n<br \/>\nPor 2 comprimido:<\/p>\n<p>Vitamina A (500 \u03bcg), Biotina (400 \u03bcg), Vitamina C (250 mg), Cola de Caballo (200 mg), MSM (200 mg), \u00c1cido f\u00f3lico (200 \u03bcg), Inositol (100 mg), PABA (50 mg), L-Metionina (50 mg), Colina (50 mg), L-Ciste\u00edna (50 mg), Sulfato de Glucosamina (25 mg), Bromela\u00edna (25 mg), Papa\u00edna (25 mg), L-taurina (20 mg), Niacina (16 mg), \u00c1cido pantot\u00e9nico (15 mg), L-Glutati\u00f3n (10 mg), Espirulina (5 mg), Escaramujo (5 mg), Zinc (5 mg), Aceite de Girasol (5 mg), Salvado de Arroz (5 mg), Vitamina B2 (4 mg), Vitamina B1 (4 mg), Vitamina B6 (2 mg), Hidroxipropil Metilcelulosa, \u00c1cido este\u00e1ricoD, Agente de recubrimientoD, Fosfato dic\u00e1lcicoD, Estearato de magnesioD.<\/p>\n","protected":false},"excerpt":{"rendered":"<p>Composici\u00f3n<br \/>\nPor 2 comprimido:<\/p>\n<p>Vitamina A (500 \u03bcg), Biotina (400 \u03bcg), Vitamina C (250 mg), Cola de Caballo (200 mg), MSM (200 mg), \u00c1cido f\u00f3lico (200 \u03bcg), Inositol (100 mg), PABA (50 mg), L-Metionina (50 mg), Colina (50 mg), L-Ciste\u00edna (50 mg), Sulfato de Glucosamina (25 mg), Bromela\u00edna (25 mg), Papa\u00edna (25 mg), L-taurina (20 mg), Niacina (16 mg), \u00c1cido pantot\u00e9nico (15 mg), L-Glutati\u00f3n (10 mg), Espirulina (5 mg), Escaramujo (5 mg), Zinc (5 mg), Aceite de Girasol (5 mg), Salvado de Arroz (5 mg), Vitamina B2 (4 mg), Vitamina B1 (4 mg), Vitamina B6 (2 mg), Hidroxipropil Metilcelulosa, \u00c1cido este\u00e1ricoD, Agente de recubrimientoD, Fosfato dic\u00e1lcicoD, Estearato de magnesioD.<\/p>\n","protected":false},"featured_media":7069,"comment_status":"open","ping_status":"closed","template":"","meta":{"_joinchat":[]},"product_brand":[],"product_cat":[127],"product_tag":[],"class_list":{"0":"post-7068","1":"product","2":"type-product","3":"status-publish","4":"has-post-thumbnail","6":"product_cat-nutricion-ortomolecular","8":"first","9":"instock","10":"taxable","11":"shipping-taxable","12":"purchasable","13":"product-type-simple"},"_links":{"self":[{"href":"https:\/\/www.naturclic.com\/index.php?rest_route=\/wp\/v2\/product\/7068","targetHints":{"allow":["GET"]}}],"collection":[{"href":"https:\/\/www.naturclic.com\/index.php?rest_route=\/wp\/v2\/product"}],"about":[{"href":"https:\/\/www.naturclic.com\/index.php?rest_route=\/wp\/v2\/types\/product"}],"replies":[{"embeddable":true,"href":"https:\/\/www.naturclic.com\/index.php?rest_route=%2Fwp%2Fv2%2Fcomments&post=7068"}],"wp:featuredmedia":[{"embeddable":true,"href":"https:\/\/www.naturclic.com\/index.php?rest_route=\/wp\/v2\/media\/7069"}],"wp:attachment":[{"href":"https:\/\/www.naturclic.com\/index.php?rest_route=%2Fwp%2Fv2%2Fmedia&parent=7068"}],"wp:term":[{"taxonomy":"product_brand","embeddable":true,"href":"https:\/\/www.naturclic.com\/index.php?rest_route=%2Fwp%2Fv2%2Fproduct_brand&post=7068"},{"taxonomy":"product_cat","embeddable":true,"href":"https:\/\/www.naturclic.com\/index.php?rest_route=%2Fwp%2Fv2%2Fproduct_cat&post=7068"},{"taxonomy":"product_tag","embeddable":true,"href":"https:\/\/www.naturclic.com\/index.php?rest_route=%2Fwp%2Fv2%2Fproduct_tag&post=7068"}],"curies":[{"name":"wp","href":"https:\/\/api.w.org\/{rel}","templated":true}]}}