{"id":7073,"date":"2020-09-10T18:01:52","date_gmt":"2020-09-10T16:01:52","guid":{"rendered":"https:\/\/www.naturclic.com\/?post_type=product&#038;p=7073"},"modified":"2022-02-02T19:20:39","modified_gmt":"2022-02-02T18:20:39","slug":"vitamina-d3-natures-plus","status":"publish","type":"product","link":"https:\/\/www.naturclic.com\/?product=vitamina-d3-natures-plus","title":{"rendered":"Vitamina d3 Nature&#8217;s Plus"},"content":{"rendered":"<p>DESCRIPCI\u00d3N<br \/>\nVitamin D3 1000IU de Natures Plus es una vitamina liposoluble que recomendamos tomar con alimentos, idealmente ricos en grasa ya que proporciona el 250% del valor diario de vitamina D y suministra la forma biodisponible de colecalciferol<\/p>\n<p>Indicaci\u00f3n<br \/>\nFormula ideal para personas con problemas de degluci\u00f3n y alteraciones gastrointestinales que dificultan la absorci\u00f3n y utilizaci\u00f3n de la vitamina<\/p>\n<p>Modo de empleo<br \/>\nSe recomienda en adultos los comprimidos masticables<\/p>\n<p>Composici\u00f3n<br \/>\nPor 1 comprimido:<\/p>\n<p>Vitamina D3 (1000 \u03bcg), Calcio (80 mg), Potasio (5 mg), Carbohidratos (2 g), Az\u00facar (1 g), Aceite de Onagra, L. acidophillus, Aceite vegetal de lino.<\/p>\n<p>Advertencias<br \/>\nPersonas con insuficiencia renal o hiperparatiroidismo, consulten con su m\u00e9dico.<\/p>\n","protected":false},"excerpt":{"rendered":"<p>Composici\u00f3n<br \/>\nPor 1 comprimido:<\/p>\n<p>Vitamina D3 (1000 \u03bcg), Calcio (80 mg), Potasio (5 mg), Carbohidratos (2 g), Az\u00facar (1 g), Aceite de Onagra, L. acidophillus, Aceite vegetal de lino.<\/p>\n","protected":false},"featured_media":7074,"comment_status":"open","ping_status":"closed","template":"","meta":{"_joinchat":[]},"product_brand":[],"product_cat":[129,127],"product_tag":[],"class_list":{"0":"post-7073","1":"product","2":"type-product","3":"status-publish","4":"has-post-thumbnail","6":"product_cat-fitoterapia-extracto-liquido","7":"product_cat-nutricion-ortomolecular","9":"first","10":"instock","11":"taxable","12":"shipping-taxable","13":"purchasable","14":"product-type-simple"},"_links":{"self":[{"href":"https:\/\/www.naturclic.com\/index.php?rest_route=\/wp\/v2\/product\/7073","targetHints":{"allow":["GET"]}}],"collection":[{"href":"https:\/\/www.naturclic.com\/index.php?rest_route=\/wp\/v2\/product"}],"about":[{"href":"https:\/\/www.naturclic.com\/index.php?rest_route=\/wp\/v2\/types\/product"}],"replies":[{"embeddable":true,"href":"https:\/\/www.naturclic.com\/index.php?rest_route=%2Fwp%2Fv2%2Fcomments&post=7073"}],"wp:featuredmedia":[{"embeddable":true,"href":"https:\/\/www.naturclic.com\/index.php?rest_route=\/wp\/v2\/media\/7074"}],"wp:attachment":[{"href":"https:\/\/www.naturclic.com\/index.php?rest_route=%2Fwp%2Fv2%2Fmedia&parent=7073"}],"wp:term":[{"taxonomy":"product_brand","embeddable":true,"href":"https:\/\/www.naturclic.com\/index.php?rest_route=%2Fwp%2Fv2%2Fproduct_brand&post=7073"},{"taxonomy":"product_cat","embeddable":true,"href":"https:\/\/www.naturclic.com\/index.php?rest_route=%2Fwp%2Fv2%2Fproduct_cat&post=7073"},{"taxonomy":"product_tag","embeddable":true,"href":"https:\/\/www.naturclic.com\/index.php?rest_route=%2Fwp%2Fv2%2Fproduct_tag&post=7073"}],"curies":[{"name":"wp","href":"https:\/\/api.w.org\/{rel}","templated":true}]}}