{"id":7075,"date":"2020-09-10T18:05:25","date_gmt":"2020-09-10T16:05:25","guid":{"rendered":"https:\/\/www.naturclic.com\/?post_type=product&#038;p=7075"},"modified":"2022-02-02T19:19:44","modified_gmt":"2022-02-02T18:19:44","slug":"coenzyme-q10-30-perlas-natures-plus","status":"publish","type":"product","link":"https:\/\/www.naturclic.com\/?product=coenzyme-q10-30-perlas-natures-plus","title":{"rendered":"Coenzyme q10 30 perlas Nature&#8217;s Plus"},"content":{"rendered":"<p>DESCRIPCI\u00d3N<br \/>\nCoenzyme Q10 de Natures Plus ha seleccionado la mejor ubiquinona, procedente de Jap\u00f3n. Las perlas presentan un sistema especial de sellado que protege de la oxidaci\u00f3n, ayudando a mantener un frescor m\u00e1ximo.<\/p>\n<p>Modo de empleo<br \/>\nSe recomienda tomar las perlas con el desayuno<\/p>\n<p>Composici\u00f3n<br \/>\nPor 1 perla:<\/p>\n<p>Coenzima Q10 (30 mg), Coenzyme Q10 (30 mg).<\/p>\n<p>Advertencias<br \/>\nNo se han descrito.<\/p>\n","protected":false},"excerpt":{"rendered":"<p>ESCRIPCI\u00d3N<br \/>\nCoenzyme Q10 de Natures Plus ha seleccionado la mejor ubiquinona, procedente de Jap\u00f3n. Las perlas presentan un sistema especial de sellado que protege de la oxidaci\u00f3n, ayudando a mantener un frescor m\u00e1ximo.<\/p>\n<p>Modo de empleo<br \/>\nSe recomienda tomar las perlas con el desayuno<\/p>\n<p>Composici\u00f3n<br \/>\nPor 1 perla:<\/p>\n<p>Coenzima Q10 (30 mg), Coenzyme Q10 (30 mg).<\/p>\n<p>Advertencias<br \/>\nNo se han descrito.<\/p>\n","protected":false},"featured_media":7076,"comment_status":"open","ping_status":"closed","template":"","meta":{"_joinchat":[]},"product_brand":[],"product_cat":[127],"product_tag":[],"class_list":{"0":"post-7075","1":"product","2":"type-product","3":"status-publish","4":"has-post-thumbnail","6":"product_cat-nutricion-ortomolecular","8":"first","9":"instock","10":"taxable","11":"shipping-taxable","12":"purchasable","13":"product-type-simple"},"_links":{"self":[{"href":"https:\/\/www.naturclic.com\/index.php?rest_route=\/wp\/v2\/product\/7075","targetHints":{"allow":["GET"]}}],"collection":[{"href":"https:\/\/www.naturclic.com\/index.php?rest_route=\/wp\/v2\/product"}],"about":[{"href":"https:\/\/www.naturclic.com\/index.php?rest_route=\/wp\/v2\/types\/product"}],"replies":[{"embeddable":true,"href":"https:\/\/www.naturclic.com\/index.php?rest_route=%2Fwp%2Fv2%2Fcomments&post=7075"}],"wp:featuredmedia":[{"embeddable":true,"href":"https:\/\/www.naturclic.com\/index.php?rest_route=\/wp\/v2\/media\/7076"}],"wp:attachment":[{"href":"https:\/\/www.naturclic.com\/index.php?rest_route=%2Fwp%2Fv2%2Fmedia&parent=7075"}],"wp:term":[{"taxonomy":"product_brand","embeddable":true,"href":"https:\/\/www.naturclic.com\/index.php?rest_route=%2Fwp%2Fv2%2Fproduct_brand&post=7075"},{"taxonomy":"product_cat","embeddable":true,"href":"https:\/\/www.naturclic.com\/index.php?rest_route=%2Fwp%2Fv2%2Fproduct_cat&post=7075"},{"taxonomy":"product_tag","embeddable":true,"href":"https:\/\/www.naturclic.com\/index.php?rest_route=%2Fwp%2Fv2%2Fproduct_tag&post=7075"}],"curies":[{"name":"wp","href":"https:\/\/api.w.org\/{rel}","templated":true}]}}