{"id":7077,"date":"2020-09-10T18:09:22","date_gmt":"2020-09-10T16:09:22","guid":{"rendered":"https:\/\/www.naturclic.com\/?post_type=product&#038;p=7077"},"modified":"2022-02-02T19:18:20","modified_gmt":"2022-02-02T18:18:20","slug":"papaya-enzyme-360-comprimidos-masticables-natures-plus","status":"publish","type":"product","link":"https:\/\/www.naturclic.com\/?product=papaya-enzyme-360-comprimidos-masticables-natures-plus","title":{"rendered":"Papaya enzyme 360 comprimidos Masticables Nature&#8217;s Plus"},"content":{"rendered":"<p>DESCRIPCI\u00d3N<br \/>\nPapaya Enzyme Masticable de Natures Plus ayuda las enzim\u00e1ticas a base de papa\u00edna que queden en forma de c\u00f3modos<\/p>\n<p>Indicaci\u00f3n<br \/>\nLos productos Nature&#8217;s Plus provienen de materias primas de alta calidad, que abarcan una amplia variedad de vitaminas, minerales, extractos de hierbas estandarizados e ingredientes patentados que han sido estudiados cient\u00edficamente. Todos los ingredientes utilizados en las f\u00f3rmulas de Nature&#8217;s Plus son de origen natural.<\/p>\n<p>Modo de empleo<br \/>\nSe recomienda 1 comprimido masticable al d\u00eda o seg\u00fan criterio pofesional.<\/p>\n<p>Composici\u00f3n<br \/>\nPor 1 comprimido:<\/p>\n<p>Prolasa (100 \u03bcg), Papa\u00edna (6 mg), Amilasa (1 mg), Milasa (1 mg).<\/p>\n","protected":false},"excerpt":{"rendered":"<p>Composici\u00f3n<br \/>\nPor 1 comprimido:<\/p>\n<p>Prolasa (100 \u03bcg), Papa\u00edna (6 mg), Amilasa (1 mg), Milasa (1 mg).<\/p>\n","protected":false},"featured_media":7078,"comment_status":"open","ping_status":"closed","template":"","meta":{"_joinchat":[]},"product_brand":[],"product_cat":[127],"product_tag":[],"class_list":{"0":"post-7077","1":"product","2":"type-product","3":"status-publish","4":"has-post-thumbnail","6":"product_cat-nutricion-ortomolecular","8":"first","9":"instock","10":"taxable","11":"shipping-taxable","12":"purchasable","13":"product-type-simple"},"_links":{"self":[{"href":"https:\/\/www.naturclic.com\/index.php?rest_route=\/wp\/v2\/product\/7077","targetHints":{"allow":["GET"]}}],"collection":[{"href":"https:\/\/www.naturclic.com\/index.php?rest_route=\/wp\/v2\/product"}],"about":[{"href":"https:\/\/www.naturclic.com\/index.php?rest_route=\/wp\/v2\/types\/product"}],"replies":[{"embeddable":true,"href":"https:\/\/www.naturclic.com\/index.php?rest_route=%2Fwp%2Fv2%2Fcomments&post=7077"}],"wp:featuredmedia":[{"embeddable":true,"href":"https:\/\/www.naturclic.com\/index.php?rest_route=\/wp\/v2\/media\/7078"}],"wp:attachment":[{"href":"https:\/\/www.naturclic.com\/index.php?rest_route=%2Fwp%2Fv2%2Fmedia&parent=7077"}],"wp:term":[{"taxonomy":"product_brand","embeddable":true,"href":"https:\/\/www.naturclic.com\/index.php?rest_route=%2Fwp%2Fv2%2Fproduct_brand&post=7077"},{"taxonomy":"product_cat","embeddable":true,"href":"https:\/\/www.naturclic.com\/index.php?rest_route=%2Fwp%2Fv2%2Fproduct_cat&post=7077"},{"taxonomy":"product_tag","embeddable":true,"href":"https:\/\/www.naturclic.com\/index.php?rest_route=%2Fwp%2Fv2%2Fproduct_tag&post=7077"}],"curies":[{"name":"wp","href":"https:\/\/api.w.org\/{rel}","templated":true}]}}