{"id":7079,"date":"2020-09-10T18:12:03","date_gmt":"2020-09-10T16:12:03","guid":{"rendered":"https:\/\/www.naturclic.com\/?post_type=product&#038;p=7079"},"modified":"2023-02-06T12:39:58","modified_gmt":"2023-02-06T11:39:58","slug":"animal-parade-90-comprimidos-vitamina-c","status":"publish","type":"product","link":"https:\/\/www.naturclic.com\/?product=animal-parade-90-comprimidos-vitamina-c","title":{"rendered":"Animal parade 90 comprimidos Vitamina C"},"content":{"rendered":"<p>DESCRIPCI\u00d3N<br \/>\nAnimal Parade Vitamina C Natures Plus es un complemento alimenticio especialmente para ni\u00f1os a partir de 4 a\u00f1os. Est\u00e1n formulados a base de un concentrado de alimentos enteros que incluye semillas de uva, ar\u00e1ndano, bioflavonoides de lim\u00f3n, papaya y mango.<\/p>\n<p>Indicaci\u00f3n<br \/>\nLa Vitamina C es un importante antioxidante. Protege de la oxidaci\u00f3n a otras vitaminas, contribuye a la eliminaci\u00f3n de sustancias t\u00f3xicas e interviene en la detoxificaci\u00f3n pulmonar. Es de gran importancia para el funcionamiento y equilibrio del sistema nervioso, para la adaptaci\u00f3n del organismo a situaciones de estr\u00e9s y mejora la utilizaci\u00f3n de la glucosa. En combinaci\u00f3n con los bioflavonoides, estimula la s\u00edntesis y renovaci\u00f3n del col\u00e1geno y participa en la s\u00edntesis de la elastina, condroitina y otras mol\u00e9culas constituyentes de la piel y articulaciones.<\/p>\n<p>Modo de empleo<br \/>\nMasticar 1 al d\u00eda.<\/p>\n<p>Composici\u00f3n<br \/>\nPor 1 comprimido:<\/p>\n<p>C-Source (300 mg), Vitamina C (125 mg), Bioflavonoides de lim\u00f3n (25 mg).<\/p>\n<p>Advertencias<br \/>\nNo se han descrito.<\/p>\n","protected":false},"excerpt":{"rendered":"<p>Composici\u00f3n<br \/>\nPor 1 comprimido:<\/p>\n<p>C-Source (300 mg), Vitamina C (125 mg), Bioflavonoides de lim\u00f3n (25 mg).<\/p>\n<p>Advertencias<br \/>\nNo se han descrito.<\/p>\n","protected":false},"featured_media":7080,"comment_status":"open","ping_status":"closed","template":"","meta":{"_joinchat":[]},"product_brand":[],"product_cat":[127],"product_tag":[],"class_list":{"0":"post-7079","1":"product","2":"type-product","3":"status-publish","4":"has-post-thumbnail","6":"product_cat-nutricion-ortomolecular","8":"first","9":"instock","10":"taxable","11":"shipping-taxable","12":"purchasable","13":"product-type-simple"},"_links":{"self":[{"href":"https:\/\/www.naturclic.com\/index.php?rest_route=\/wp\/v2\/product\/7079","targetHints":{"allow":["GET"]}}],"collection":[{"href":"https:\/\/www.naturclic.com\/index.php?rest_route=\/wp\/v2\/product"}],"about":[{"href":"https:\/\/www.naturclic.com\/index.php?rest_route=\/wp\/v2\/types\/product"}],"replies":[{"embeddable":true,"href":"https:\/\/www.naturclic.com\/index.php?rest_route=%2Fwp%2Fv2%2Fcomments&post=7079"}],"wp:featuredmedia":[{"embeddable":true,"href":"https:\/\/www.naturclic.com\/index.php?rest_route=\/wp\/v2\/media\/7080"}],"wp:attachment":[{"href":"https:\/\/www.naturclic.com\/index.php?rest_route=%2Fwp%2Fv2%2Fmedia&parent=7079"}],"wp:term":[{"taxonomy":"product_brand","embeddable":true,"href":"https:\/\/www.naturclic.com\/index.php?rest_route=%2Fwp%2Fv2%2Fproduct_brand&post=7079"},{"taxonomy":"product_cat","embeddable":true,"href":"https:\/\/www.naturclic.com\/index.php?rest_route=%2Fwp%2Fv2%2Fproduct_cat&post=7079"},{"taxonomy":"product_tag","embeddable":true,"href":"https:\/\/www.naturclic.com\/index.php?rest_route=%2Fwp%2Fv2%2Fproduct_tag&post=7079"}],"curies":[{"name":"wp","href":"https:\/\/api.w.org\/{rel}","templated":true}]}}