{"id":7083,"date":"2020-09-10T18:22:24","date_gmt":"2020-09-10T16:22:24","guid":{"rendered":"https:\/\/www.naturclic.com\/?post_type=product&#038;p=7083"},"modified":"2022-02-02T19:14:35","modified_gmt":"2022-02-02T18:14:35","slug":"ergybase-60-capsulas-nutergia","status":"publish","type":"product","link":"https:\/\/www.naturclic.com\/?product=ergybase-60-capsulas-nutergia","title":{"rendered":"Ergybase 60 c\u00e1psulas Nutergia"},"content":{"rendered":"<p>DESCRIPCI\u00d3N<br \/>\n\u00bfPara qu\u00e9 sirve Ergybase de Nutergia?<br \/>\nErgybase de Nutergia es un complejo de sales minerales b\u00e1sicas dentro de las que se encuentra el magnesio y el calcio que contribuyen al mantenimiento \u00f3ptimo de los huesos.<\/p>\n<p>Propiedades de Ergybase de Nutergia<br \/>\nLa f\u00f3rmula de Ergybase de Nutergia est\u00e1 enriquecida con zinc, lo que permite ayudar al equilibrio \u00e1cido b\u00e1sico. Junto con otros ingredientes, como el calcio, potasio y magnesio, resulta un complemento que se recomienda en casos de molestia osteo-articular, alimentaci\u00f3n pobre en frutas y verduras, reg\u00edmenes hiperproteicos.<\/p>\n<p>Beneficios de Ergybase de Nutergia<br \/>\nErgybase de Nutergia contribuye a mantener los huesos sanos y fuertes.<\/p>\n<p>Advertencias de Ergybase de Nutergia<br \/>\nEste complemento no tiene contraindicaciones, sin embargo, conviene mantener el envase fuera del alcance de los ni\u00f1os y no superar la dosis recomendada.<\/p>\n<p>\u00bfC\u00f3mo tomar Ergybase de Nutergia?<br \/>\nSe deben tomar de 2 a 4 c\u00e1psulas al d\u00eda fuera de las comidas, preferentemente por la ma\u00f1ana y antes de dormir.<\/p>\n<p>Composici\u00f3n<br \/>\nPor 4 c\u00e1psulas:<\/p>\n<p>Potasio (300 mg), Magnesio (160 mg), Calcio (130 mg), Vitamina B3 \/ Niacina3 \/ \u00c1cido Nicot\u00ednico \/ Vitamina PP (16 mg), Vitamina B5 \/ \u00e1cido pantot\u00e9nico (6 mg), Zinc (6 mg), Vitamina B6 \/ piridoxina (1.4 mg), Vitamina B1 \/ Tiamina (1.1 mg), Gluconato de Zinc, Bicarbonato de Sodio, Estearato de Magnesio Vegetal, Hidr\u00f3xido de magnesio, Citrato de Calcio.<\/p>\n","protected":false},"excerpt":{"rendered":"<p>Composici\u00f3n<br \/>\nPor 4 c\u00e1psulas:<\/p>\n<p>Potasio (300 mg), Magnesio (160 mg), Calcio (130 mg), Vitamina B3 \/ Niacina3 \/ \u00c1cido Nicot\u00ednico \/ Vitamina PP (16 mg), Vitamina B5 \/ \u00e1cido pantot\u00e9nico (6 mg), Zinc (6 mg), Vitamina B6 \/ piridoxina (1.4 mg), Vitamina B1 \/ Tiamina (1.1 mg), Gluconato de Zinc, Bicarbonato de Sodio, Estearato de Magnesio Vegetal, Hidr\u00f3xido de magnesio, Citrato de Calcio.<\/p>\n","protected":false},"featured_media":7084,"comment_status":"open","ping_status":"closed","template":"","meta":{"_joinchat":[]},"product_brand":[],"product_cat":[127],"product_tag":[],"class_list":{"0":"post-7083","1":"product","2":"type-product","3":"status-publish","4":"has-post-thumbnail","6":"product_cat-nutricion-ortomolecular","8":"first","9":"instock","10":"taxable","11":"shipping-taxable","12":"purchasable","13":"product-type-simple"},"_links":{"self":[{"href":"https:\/\/www.naturclic.com\/index.php?rest_route=\/wp\/v2\/product\/7083","targetHints":{"allow":["GET"]}}],"collection":[{"href":"https:\/\/www.naturclic.com\/index.php?rest_route=\/wp\/v2\/product"}],"about":[{"href":"https:\/\/www.naturclic.com\/index.php?rest_route=\/wp\/v2\/types\/product"}],"replies":[{"embeddable":true,"href":"https:\/\/www.naturclic.com\/index.php?rest_route=%2Fwp%2Fv2%2Fcomments&post=7083"}],"wp:featuredmedia":[{"embeddable":true,"href":"https:\/\/www.naturclic.com\/index.php?rest_route=\/wp\/v2\/media\/7084"}],"wp:attachment":[{"href":"https:\/\/www.naturclic.com\/index.php?rest_route=%2Fwp%2Fv2%2Fmedia&parent=7083"}],"wp:term":[{"taxonomy":"product_brand","embeddable":true,"href":"https:\/\/www.naturclic.com\/index.php?rest_route=%2Fwp%2Fv2%2Fproduct_brand&post=7083"},{"taxonomy":"product_cat","embeddable":true,"href":"https:\/\/www.naturclic.com\/index.php?rest_route=%2Fwp%2Fv2%2Fproduct_cat&post=7083"},{"taxonomy":"product_tag","embeddable":true,"href":"https:\/\/www.naturclic.com\/index.php?rest_route=%2Fwp%2Fv2%2Fproduct_tag&post=7083"}],"curies":[{"name":"wp","href":"https:\/\/api.w.org\/{rel}","templated":true}]}}