{"id":7085,"date":"2020-09-10T18:28:25","date_gmt":"2020-09-10T16:28:25","guid":{"rendered":"https:\/\/www.naturclic.com\/?post_type=product&#038;p=7085"},"modified":"2022-02-02T19:13:41","modified_gmt":"2022-02-02T18:13:41","slug":"ergyantiox-forte-60-capsulas","status":"publish","type":"product","link":"https:\/\/www.naturclic.com\/?product=ergyantiox-forte-60-capsulas","title":{"rendered":"Ergyantiox Forte 60 c\u00e1psulas"},"content":{"rendered":"<p>DESCRIPCI\u00d3N<br \/>\nERGYANTIOX Forte es un complejo de vitaminas, oligoelementos y antioxidantes vegetales para una protecci\u00f3n celular \u00f3ptima. F\u00f3rmula completa que aporta 2 tipos de antioxidantes para una protecci\u00f3n \u00f3ptima:<\/p>\n<p>&#8211; Cofactores de los mecanismos end\u00f3genos de protecci\u00f3n: oligoelementos como el zinc, el manganeso, el cobre o el selenio, y las vitaminas C y B2.<\/p>\n<p>&#8211; Antioxidantes ex\u00f3genos vegetales: resveratrol, polifenoles, rutina, lute\u00edna y antocianos<\/p>\n<p>ERGYANTIOX Forte se puede aconsejar por su papel protector y antioxidante.<\/p>\n<p>&#8211; Para frenar el envejecimiento celular. La uva, neutralizando los radicales libres, ayuda a luchar frente al envejecimiento celular. El t\u00e9 verde contribuye a mantener intacto el ADN celular, apoyando un envejecimiento saludable.<\/p>\n<p>&#8211; Para proteger la piel, en caso de exposiciones solares. El t\u00e9 verde ayuda a proteger la piel frente a los da\u00f1os oxidativos generados por los UV. La uva ayuda a mantener una piel sana.<\/p>\n<p>&#8211; Para proteger los ojos. El t\u00e9 verde contribuye a proteger los ojos frente al estr\u00e9s oxidativo.<\/p>\n<p>&#8211; Como prevenci\u00f3n, para limitar el estr\u00e9s oxidativo (Terreno O IoMET), deportistas, fumadores&#8230; La uva, el mirtilo y el t\u00e9 verde contienen antioxidantes naturales. El zinc, el manganeso, el cobre y el selenio, as\u00ed como tambi\u00e9n las vitaminas C y B2 contribuyen a proteger las c\u00e9lulas frente al estr\u00e9s oxidativo.<\/p>\n<p>Modo de empleo<br \/>\n2 c\u00e1psulas por d\u00eda, junto con una comida.<\/p>\n<p>Composici\u00f3n<br \/>\nVitamina C (\u00e1cido L-asc\u00f3rbico), extractos de t\u00e9 verde (Camellia sinensis (L.) Kuntze) y de sophora (Styphnolobium japonicum (L.) Schott), lute\u00edna que proviene de tagetes (Tagetes erectaL.), antiaglomerante: fosfato de calcio; gluconato de zinc, extracto de mirtilo (Vaccinium myrtillus L.), agente de carga: mono y diglic\u00e9ridos de \u00e1cidos grasos; vitamina E (D alpha tocoferil succinato), selenita de sodio, extracto de uva (Vitis vinifera L.) [sulfitos], vitaminas B2 (riboflavina), B6 (cloridrato piridoxina), B9 (L-metilfolato c\u00e1lcico) y B12 (metilcobalamina), vitamina A, gluconato de cobre, trans-resveratrol de origen vegetal, citrato de manganeso. C\u00e1psula: gelatina de pescado, colorante: \u00f3xido de hierro<\/p>\n<p>Advertencias<br \/>\nDesaconsejado en ni\u00f1os y adolescentes.<\/p>\n<p>Desaconsejado en caso de embarazo o lactancia<\/p>\n<p>&nbsp;<\/p>\n","protected":false},"excerpt":{"rendered":"<p>Modo de empleo<br \/>\n2 c\u00e1psulas por d\u00eda, junto con una comida.<\/p>\n<p>Composici\u00f3n<br \/>\nVitamina C (\u00e1cido L-asc\u00f3rbico), extractos de t\u00e9 verde (Camellia sinensis (L.) Kuntze) y de sophora (Styphnolobium japonicum (L.) Schott), lute\u00edna que proviene de tagetes (Tagetes erectaL.), antiaglomerante: fosfato de calcio; gluconato de zinc, extracto de mirtilo (Vaccinium myrtillus L.), agente de carga: mono y diglic\u00e9ridos de \u00e1cidos grasos; vitamina E (D alpha tocoferil succinato), selenita de sodio, extracto de uva (Vitis vinifera L.) [sulfitos], vitaminas B2 (riboflavina), B6 (cloridrato piridoxina), B9 (L-metilfolato c\u00e1lcico) y B12 (metilcobalamina), vitamina A, gluconato de cobre, trans-resveratrol de origen vegetal, citrato de manganeso. C\u00e1psula: gelatina de pescado, colorante: \u00f3xido de hierro<\/p>\n<p>Advertencias<br \/>\nDesaconsejado en ni\u00f1os y adolescentes.<\/p>\n<p>Desaconsejado en caso de embarazo o lactancia<\/p>\n","protected":false},"featured_media":7086,"comment_status":"open","ping_status":"closed","template":"","meta":{"_joinchat":[]},"product_brand":[],"product_cat":[127],"product_tag":[],"class_list":{"0":"post-7085","1":"product","2":"type-product","3":"status-publish","4":"has-post-thumbnail","6":"product_cat-nutricion-ortomolecular","8":"first","9":"instock","10":"taxable","11":"shipping-taxable","12":"purchasable","13":"product-type-simple"},"_links":{"self":[{"href":"https:\/\/www.naturclic.com\/index.php?rest_route=\/wp\/v2\/product\/7085","targetHints":{"allow":["GET"]}}],"collection":[{"href":"https:\/\/www.naturclic.com\/index.php?rest_route=\/wp\/v2\/product"}],"about":[{"href":"https:\/\/www.naturclic.com\/index.php?rest_route=\/wp\/v2\/types\/product"}],"replies":[{"embeddable":true,"href":"https:\/\/www.naturclic.com\/index.php?rest_route=%2Fwp%2Fv2%2Fcomments&post=7085"}],"wp:featuredmedia":[{"embeddable":true,"href":"https:\/\/www.naturclic.com\/index.php?rest_route=\/wp\/v2\/media\/7086"}],"wp:attachment":[{"href":"https:\/\/www.naturclic.com\/index.php?rest_route=%2Fwp%2Fv2%2Fmedia&parent=7085"}],"wp:term":[{"taxonomy":"product_brand","embeddable":true,"href":"https:\/\/www.naturclic.com\/index.php?rest_route=%2Fwp%2Fv2%2Fproduct_brand&post=7085"},{"taxonomy":"product_cat","embeddable":true,"href":"https:\/\/www.naturclic.com\/index.php?rest_route=%2Fwp%2Fv2%2Fproduct_cat&post=7085"},{"taxonomy":"product_tag","embeddable":true,"href":"https:\/\/www.naturclic.com\/index.php?rest_route=%2Fwp%2Fv2%2Fproduct_tag&post=7085"}],"curies":[{"name":"wp","href":"https:\/\/api.w.org\/{rel}","templated":true}]}}