{"id":7087,"date":"2020-09-10T18:31:28","date_gmt":"2020-09-10T16:31:28","guid":{"rendered":"https:\/\/www.naturclic.com\/?post_type=product&#038;p=7087"},"modified":"2023-02-06T12:37:35","modified_gmt":"2023-02-06T11:37:35","slug":"ergyprotect-confort-60-capsulas-nutergia","status":"publish","type":"product","link":"https:\/\/www.naturclic.com\/?product=ergyprotect-confort-60-capsulas-nutergia","title":{"rendered":"Ergyprotect confort 60 c\u00e1psulas Nutergia"},"content":{"rendered":"<p>DESCRIPCI\u00d3N<br \/>\n\u00bfPara qu\u00e9 sirve Ergyprotect Confort?<br \/>\nErgyprotect Confort de Nutergia es un compuesto que contribuye al mantenimiento de las mucosas sanas y a la protecci\u00f3n de las c\u00e9lulas frente el estr\u00e9s oxidativo.<\/p>\n<p>Propiedades de Ergyprotect Confort<br \/>\nErgyprotect Confort es un complemento que contiene melisa para facilitar la digesti\u00f3n. Tambi\u00e9n, entre sus ingredientes est\u00e1 la vitamina B2 que contribuye al mantenimiento de las mucosas. Un \u00faltimo elemento es la glutamina que protege el sistema inmune.<\/p>\n<p>Beneficios de Ergyprotect Confort<br \/>\nErgyprotect Confort est\u00e1 recomendado para malestares digestivos relacionados con el estr\u00e9s, mantenimiento de las mucosas normales (intestino incluido), en caso de intolerancias alimentarias.<\/p>\n<p>Contraindicaciones de Ergyprotect Confort<br \/>\nAntes de tomar este complemento conviene tener presentes las siguientes contraindicaciones:<\/p>\n<p>No deben consumirlo mujeres embarazadas o en periodo de lactancia.<br \/>\nEste complemento no est\u00e1 recomendado para ni\u00f1os.<br \/>\nNo se aconseja superar la dosis diaria recomendada.<br \/>\n\u00bfC\u00f3mo tomar Ergyprotect Confort?<br \/>\nNutergia recomienda tomar de 2 a 4 c\u00e1psulas fuera de las comidas.<\/p>\n<p>Composici\u00f3n<br \/>\nL-glutamina, extractos de cebolla (Alliumcepa), de melisa (Melissa officinalis) y de manzanilla (Matricaria chamomilla), curcumina, p\u00e9ptidos de algarrobo (Ceratonia siliqua), antiaglomerante:estearato de magnesio vegetal; vitamina B2.<br \/>\nC\u00e1psula: gelatina de pescado, colorante: \u00f3xido de hierro<\/p>\n<p>Por 2 c\u00e1psulas:<\/p>\n<p>L-glutamina: 500 mg<br \/>\nExtracto de melisa 80 mg<br \/>\nExtracto de manzanilla 80 mg<br \/>\nExtracto de cebolla 75 mg<br \/>\nCurcumina 30 mg<br \/>\nVitamina B2 0,42 mg 30%VRN*<\/p>\n<p>*VRN = Valores de Referencia de Nutrientes<\/p>\n","protected":false},"excerpt":{"rendered":"<p>Por 2 c\u00e1psulas:<\/p>\n<p>L-glutamina: 500 mg<br \/>\nExtracto de melisa 80 mg<br \/>\nExtracto de manzanilla 80 mg<br \/>\nExtracto de cebolla 75 mg<br \/>\nCurcumina 30 mg<br \/>\nVitamina B2 0,42 mg 30%VRN*<\/p>\n<p>*VRN = Valores de Referencia de Nutrientes<\/p>\n","protected":false},"featured_media":7088,"comment_status":"open","ping_status":"closed","template":"","meta":{"_joinchat":[]},"product_brand":[],"product_cat":[127],"product_tag":[],"class_list":{"0":"post-7087","1":"product","2":"type-product","3":"status-publish","4":"has-post-thumbnail","6":"product_cat-nutricion-ortomolecular","8":"first","9":"instock","10":"taxable","11":"shipping-taxable","12":"purchasable","13":"product-type-simple"},"_links":{"self":[{"href":"https:\/\/www.naturclic.com\/index.php?rest_route=\/wp\/v2\/product\/7087","targetHints":{"allow":["GET"]}}],"collection":[{"href":"https:\/\/www.naturclic.com\/index.php?rest_route=\/wp\/v2\/product"}],"about":[{"href":"https:\/\/www.naturclic.com\/index.php?rest_route=\/wp\/v2\/types\/product"}],"replies":[{"embeddable":true,"href":"https:\/\/www.naturclic.com\/index.php?rest_route=%2Fwp%2Fv2%2Fcomments&post=7087"}],"wp:featuredmedia":[{"embeddable":true,"href":"https:\/\/www.naturclic.com\/index.php?rest_route=\/wp\/v2\/media\/7088"}],"wp:attachment":[{"href":"https:\/\/www.naturclic.com\/index.php?rest_route=%2Fwp%2Fv2%2Fmedia&parent=7087"}],"wp:term":[{"taxonomy":"product_brand","embeddable":true,"href":"https:\/\/www.naturclic.com\/index.php?rest_route=%2Fwp%2Fv2%2Fproduct_brand&post=7087"},{"taxonomy":"product_cat","embeddable":true,"href":"https:\/\/www.naturclic.com\/index.php?rest_route=%2Fwp%2Fv2%2Fproduct_cat&post=7087"},{"taxonomy":"product_tag","embeddable":true,"href":"https:\/\/www.naturclic.com\/index.php?rest_route=%2Fwp%2Fv2%2Fproduct_tag&post=7087"}],"curies":[{"name":"wp","href":"https:\/\/api.w.org\/{rel}","templated":true}]}}