{"id":7089,"date":"2020-09-10T18:35:45","date_gmt":"2020-09-10T16:35:45","guid":{"rendered":"https:\/\/www.naturclic.com\/?post_type=product&#038;p=7089"},"modified":"2022-02-02T19:09:56","modified_gmt":"2022-02-02T18:09:56","slug":"ergypaina-plus-60-capsulas-nutergia","status":"publish","type":"product","link":"https:\/\/www.naturclic.com\/?product=ergypaina-plus-60-capsulas-nutergia","title":{"rendered":"Ergypaina plus 60 c\u00e1psulas Nutergia"},"content":{"rendered":"<p>DESCRIPCI\u00d3N<br \/>\n\u00bfPara qu\u00e9 sirve Ergypaina Plus de Nutergia?<br \/>\nErgypaina Plus de Nutergia es un complemento alimentario que participa en la reducci\u00f3n de la grasa cut\u00e1nea.<\/p>\n<p>Propiedades de Ergypaina Plus de Nutergia<br \/>\nErgypaina Plus de Nutergia contiene papaya, pi\u00f1a y polifenoles, componentes que participan en la reducci\u00f3n de la grasa cut\u00e1nea.<\/p>\n<p>Los polifenoles de uva con propiedades anti-radicales permiten reforzar la circulaci\u00f3n venosa. Esto, adem\u00e1s, convierte a Ergypaina Plus es un complemento rico en enzimas proteol\u00edticas y antioxidantes que contribuye a la detoxinaci\u00f3n y optimiza las diferentes reacciones de nuestro organismo.<\/p>\n<p>El aporte de estas enzimas funcionan para la acci\u00f3n detoxinante y desinfiltrante (celulitis&#8230;), modular los fen\u00f3menos inflamatorios, favorecer la desaparici\u00f3n de edemas, reforzar el terreno en caso de infecci\u00f3n, procesos degenerativos, limitar los trastornos circulatorios, estimular la acci\u00f3n digestiva.<\/p>\n<p>Beneficios de Ergypaina Plus de Nutergia<br \/>\nErgypaina Plus de Nutergia contribuye a contrarrestar los trastornos circulatorios y estimula la acci\u00f3n digestiva. Adem\u00e1s, es un complemento que ayuda a combatir la celulitis.<\/p>\n<p>Contraindicaciones de Ergypaina Plus de Nutergia<br \/>\nAntes de tomar este complemento, deben tenerse en cuenta las siguientes contraindicaciones:<\/p>\n<p>No se debe tomar si se tiene alergia a alguno de sus constituyentes.<br \/>\nNo esta recomendado para mujeres embarazadas o ni\u00f1os menores de 3 a\u00f1os.<br \/>\n\u00bfC\u00f3mo tomar Ergypaina Plus de Nutergia?<br \/>\nNutergia recomienda tomar de 1 a 4 c\u00e1psulas al d\u00eda fuera de las comidas, 1h 30 despu\u00e9s.<\/p>\n<p>Composici\u00f3n<br \/>\nExtracto seco de pi\u00f1a, Estearato de Magnesio Vegetal, Vitis Vinifera.<\/p>\n","protected":false},"excerpt":{"rendered":"<p>Composici\u00f3n<br \/>\nExtracto seco de pi\u00f1a, Estearato de Magnesio Vegetal, Vitis Vinifera.<\/p>\n","protected":false},"featured_media":7090,"comment_status":"open","ping_status":"closed","template":"","meta":{"_joinchat":[]},"product_brand":[],"product_cat":[127],"product_tag":[],"class_list":{"0":"post-7089","1":"product","2":"type-product","3":"status-publish","4":"has-post-thumbnail","6":"product_cat-nutricion-ortomolecular","8":"first","9":"instock","10":"taxable","11":"shipping-taxable","12":"purchasable","13":"product-type-simple"},"_links":{"self":[{"href":"https:\/\/www.naturclic.com\/index.php?rest_route=\/wp\/v2\/product\/7089","targetHints":{"allow":["GET"]}}],"collection":[{"href":"https:\/\/www.naturclic.com\/index.php?rest_route=\/wp\/v2\/product"}],"about":[{"href":"https:\/\/www.naturclic.com\/index.php?rest_route=\/wp\/v2\/types\/product"}],"replies":[{"embeddable":true,"href":"https:\/\/www.naturclic.com\/index.php?rest_route=%2Fwp%2Fv2%2Fcomments&post=7089"}],"wp:featuredmedia":[{"embeddable":true,"href":"https:\/\/www.naturclic.com\/index.php?rest_route=\/wp\/v2\/media\/7090"}],"wp:attachment":[{"href":"https:\/\/www.naturclic.com\/index.php?rest_route=%2Fwp%2Fv2%2Fmedia&parent=7089"}],"wp:term":[{"taxonomy":"product_brand","embeddable":true,"href":"https:\/\/www.naturclic.com\/index.php?rest_route=%2Fwp%2Fv2%2Fproduct_brand&post=7089"},{"taxonomy":"product_cat","embeddable":true,"href":"https:\/\/www.naturclic.com\/index.php?rest_route=%2Fwp%2Fv2%2Fproduct_cat&post=7089"},{"taxonomy":"product_tag","embeddable":true,"href":"https:\/\/www.naturclic.com\/index.php?rest_route=%2Fwp%2Fv2%2Fproduct_tag&post=7089"}],"curies":[{"name":"wp","href":"https:\/\/api.w.org\/{rel}","templated":true}]}}