{"id":7091,"date":"2020-09-10T18:37:34","date_gmt":"2020-09-10T16:37:34","guid":{"rendered":"https:\/\/www.naturclic.com\/?post_type=product&#038;p=7091"},"modified":"2022-02-02T19:09:02","modified_gmt":"2022-02-02T18:09:02","slug":"ergyflex-30-sobres-nutergia","status":"publish","type":"product","link":"https:\/\/www.naturclic.com\/?product=ergyflex-30-sobres-nutergia","title":{"rendered":"Ergyflex 30 sobres Nutergia"},"content":{"rendered":"<p>DESCRIPCI\u00d3N<br \/>\nErgyflex es un complemento alimenticio para ayudar a tener un tejido conectivo sano y flexible que aporta col\u00e1geno, glucosamina, \u00e1cido hialur\u00f3nico y curcumina.<\/p>\n<p>Ergyflex, propiedades<br \/>\nErgyflex contiene, adem\u00e1s, una sinergia exclusiva de componentes como glicina, lisina, MSM, c\u00farcuma, zinc y manganeso.<\/p>\n<p>El col\u00e1geno, la glucosamina y el \u00e1cido hialur\u00f3nico son componentes naturales de los cart\u00edlagos y de la piel.<\/p>\n<p>Contiene tambi\u00e9n vitamina C, que contribuye a la formaci\u00f3n del col\u00e1geno.<\/p>\n<p>Contiene manganeso, que participa en la formaci\u00f3n normal de los tejidos conjuntivos.<\/p>\n<p>\u00bfC\u00f3mo tomar Ergyflex de Nutergia?<br \/>\nSe recomienda tomar un sobre al d\u00eda diluido en un vaso de agua (150 ml). Agitar y disolver bien el polvo antes de beber. No superar la dosis expresamente recomendada por el fabricante.<\/p>\n<p>Composici\u00f3n<br \/>\nCol\u00e1geno marino hidrolizado (pescado), glucosamina sulfato 2KCl de origen vegetal, condroitina sulfato de sodio (pescado), metilsulfonilmetano, citrato de magnesio, L ascorbato de calcio, L-lisina, sabor natural de lim\u00f3n con otros sabores naturales, sabor natural de manzana, extracto de c\u00farcuma BCM-95 (Curcuma longa L.), \u00e1cido hialur\u00f3nico, acidificante: \u00e1cido c\u00edtrico: citratos de zinc y de manganeso, edulcorante: glic\u00f3sidos de steviol: estabilizante: gluconato de sodio: gluconato de cobre.<\/p>\n<p>Por 1 sobre:<\/p>\n<p>Col\u00e1geno tipo II (1500 mg), Sulfato de Glucosamina (500 mg), MSM \/ Metilsulfonilmetano \/ Dimethyl sulfone (500 mg), Vitamina C \/ \u00c1cido Asc\u00f3rbico (200 mg), Lisina \/ L-Lisina (200 mg), Glicina \/ \u00c1cido Aminoac\u00e9tico \/ L-Glicina (200 mg), Magnesio (100 mg), \u00c1cido Hialur\u00f3nico (100 mg), C\u00farcuma (25 mg), Zinc (3 mg), Manganeso (1 mg).<\/p>\n<p>Advertencias<br \/>\nPrecauci\u00f3n en mujeres embarazadas o en periodo de lactancia y en caso de toma de anticoagulantes.<\/p>\n","protected":false},"excerpt":{"rendered":"<p>Por 1 sobre:<\/p>\n<p>Col\u00e1geno tipo II (1500 mg), Sulfato de Glucosamina (500 mg), MSM \/ Metilsulfonilmetano \/ Dimethyl sulfone (500 mg), Vitamina C \/ \u00c1cido Asc\u00f3rbico (200 mg), Lisina \/ L-Lisina (200 mg), Glicina \/ \u00c1cido Aminoac\u00e9tico \/ L-Glicina (200 mg), Magnesio (100 mg), \u00c1cido Hialur\u00f3nico (100 mg), C\u00farcuma (25 mg), Zinc (3 mg), Manganeso (1 mg).<\/p>\n<p>Advertencias<br \/>\nPrecauci\u00f3n en mujeres embarazadas o en periodo de lactancia y en caso de toma de anticoagulantes.<\/p>\n","protected":false},"featured_media":7092,"comment_status":"open","ping_status":"closed","template":"","meta":{"_joinchat":[]},"product_brand":[],"product_cat":[127],"product_tag":[],"class_list":{"0":"post-7091","1":"product","2":"type-product","3":"status-publish","4":"has-post-thumbnail","6":"product_cat-nutricion-ortomolecular","8":"first","9":"instock","10":"taxable","11":"shipping-taxable","12":"purchasable","13":"product-type-simple"},"_links":{"self":[{"href":"https:\/\/www.naturclic.com\/index.php?rest_route=\/wp\/v2\/product\/7091","targetHints":{"allow":["GET"]}}],"collection":[{"href":"https:\/\/www.naturclic.com\/index.php?rest_route=\/wp\/v2\/product"}],"about":[{"href":"https:\/\/www.naturclic.com\/index.php?rest_route=\/wp\/v2\/types\/product"}],"replies":[{"embeddable":true,"href":"https:\/\/www.naturclic.com\/index.php?rest_route=%2Fwp%2Fv2%2Fcomments&post=7091"}],"wp:featuredmedia":[{"embeddable":true,"href":"https:\/\/www.naturclic.com\/index.php?rest_route=\/wp\/v2\/media\/7092"}],"wp:attachment":[{"href":"https:\/\/www.naturclic.com\/index.php?rest_route=%2Fwp%2Fv2%2Fmedia&parent=7091"}],"wp:term":[{"taxonomy":"product_brand","embeddable":true,"href":"https:\/\/www.naturclic.com\/index.php?rest_route=%2Fwp%2Fv2%2Fproduct_brand&post=7091"},{"taxonomy":"product_cat","embeddable":true,"href":"https:\/\/www.naturclic.com\/index.php?rest_route=%2Fwp%2Fv2%2Fproduct_cat&post=7091"},{"taxonomy":"product_tag","embeddable":true,"href":"https:\/\/www.naturclic.com\/index.php?rest_route=%2Fwp%2Fv2%2Fproduct_tag&post=7091"}],"curies":[{"name":"wp","href":"https:\/\/api.w.org\/{rel}","templated":true}]}}