{"id":7093,"date":"2020-09-10T18:42:35","date_gmt":"2020-09-10T16:42:35","guid":{"rendered":"https:\/\/www.naturclic.com\/?post_type=product&#038;p=7093"},"modified":"2022-02-02T19:07:38","modified_gmt":"2022-02-02T18:07:38","slug":"ergysil-liquido-500ml-nutergia","status":"publish","type":"product","link":"https:\/\/www.naturclic.com\/?product=ergysil-liquido-500ml-nutergia","title":{"rendered":"Ergysil liquido 500ml Nutergia"},"content":{"rendered":"<p>DESCRIPCI\u00d3N<br \/>\nErgysil Soluci\u00f3n de Nutergia es un complemento alimentario de extracto que contribuye a proteger las c\u00e9lulas frente el estr\u00e9s oxidativo, con propiedades relajantes optimizar la hidrataci\u00f3n y la elasticidad cut\u00e1nea.<\/p>\n<p>Indicaci\u00f3n<br \/>\nEs rico en silicio a base de ortiga y oligoelementos. Esta soluci\u00f3n es una asociaci\u00f3n de extracto que contribuye a proteger las c\u00e9lulas frente el estr\u00e9s oxidativo. La ortiga tiene un papel en el sistema osteo articular y tiene propiedades relajantes y remineralizaci\u00f3n del organismo y en la integridad estructural de los tejidos. Es particularmente recomendado para reforzar el terreno en caso de trastornos osteo articulares (rigidez articular, debilidad \u00f3sea&#8230;), problemas musculares (contracturas&#8230;) y tendinosos. Optimizar la hidrataci\u00f3n y la elasticidad cut\u00e1nea.<\/p>\n<p>Modo de empleo<br \/>\nSe recomienda tomar puras antes de comer.<\/p>\n<p>Composici\u00f3n<br \/>\nMagnesio, Potasio, Sulfato de Cobre, Sulfato de Manganeso, Selenita de Sodio, Ortiga Verde, Cloruro de zinc.<\/p>\n<p>Advertencias<br \/>\nNo hay descritos<\/p>\n","protected":false},"excerpt":{"rendered":"<p>Composici\u00f3n<br \/>\nMagnesio, Potasio, Sulfato de Cobre, Sulfato de Manganeso, Selenita de Sodio, Ortiga Verde, Cloruro de zinc.<\/p>\n<p>Advertencias<br \/>\nno hay<\/p>\n","protected":false},"featured_media":7094,"comment_status":"open","ping_status":"closed","template":"","meta":{"_joinchat":[]},"product_brand":[],"product_cat":[127],"product_tag":[],"class_list":{"0":"post-7093","1":"product","2":"type-product","3":"status-publish","4":"has-post-thumbnail","6":"product_cat-nutricion-ortomolecular","8":"first","9":"instock","10":"taxable","11":"shipping-taxable","12":"purchasable","13":"product-type-simple"},"_links":{"self":[{"href":"https:\/\/www.naturclic.com\/index.php?rest_route=\/wp\/v2\/product\/7093","targetHints":{"allow":["GET"]}}],"collection":[{"href":"https:\/\/www.naturclic.com\/index.php?rest_route=\/wp\/v2\/product"}],"about":[{"href":"https:\/\/www.naturclic.com\/index.php?rest_route=\/wp\/v2\/types\/product"}],"replies":[{"embeddable":true,"href":"https:\/\/www.naturclic.com\/index.php?rest_route=%2Fwp%2Fv2%2Fcomments&post=7093"}],"wp:featuredmedia":[{"embeddable":true,"href":"https:\/\/www.naturclic.com\/index.php?rest_route=\/wp\/v2\/media\/7094"}],"wp:attachment":[{"href":"https:\/\/www.naturclic.com\/index.php?rest_route=%2Fwp%2Fv2%2Fmedia&parent=7093"}],"wp:term":[{"taxonomy":"product_brand","embeddable":true,"href":"https:\/\/www.naturclic.com\/index.php?rest_route=%2Fwp%2Fv2%2Fproduct_brand&post=7093"},{"taxonomy":"product_cat","embeddable":true,"href":"https:\/\/www.naturclic.com\/index.php?rest_route=%2Fwp%2Fv2%2Fproduct_cat&post=7093"},{"taxonomy":"product_tag","embeddable":true,"href":"https:\/\/www.naturclic.com\/index.php?rest_route=%2Fwp%2Fv2%2Fproduct_tag&post=7093"}],"curies":[{"name":"wp","href":"https:\/\/api.w.org\/{rel}","templated":true}]}}