{"id":7116,"date":"2020-09-12T18:33:07","date_gmt":"2020-09-12T16:33:07","guid":{"rendered":"https:\/\/www.naturclic.com\/?post_type=product&#038;p=7116"},"modified":"2022-01-31T13:31:27","modified_gmt":"2022-01-31T12:31:27","slug":"extracto-pasiflora-liquido-50ml-soria-natural","status":"publish","type":"product","link":"https:\/\/www.naturclic.com\/?product=extracto-pasiflora-liquido-50ml-soria-natural","title":{"rendered":"Extracto pasiflora l\u00edquido 50ml Soria Natural"},"content":{"rendered":"<p>DESCRIPCI\u00d3N<br \/>\nEl Extracto de Pasiflora F\u00f3rmula XXI est\u00e1 elaborado solo con ingredientes naturales para favorecer el buen descanso, combatir el insomnio y reducir la sensaci\u00f3n de ansiedad. Propiedades del Extracto de Pasiflora F\u00f3rmula XXI<br \/>\nEl Extracto de Pasiflora (F\u00f3rmula XXI) de Soria Natural ofrece esta nueva gama mejorada de extractos que ha sido desarrollada en el centro de I+D+i de Soria Natural. Se basa en un mayor estudio y conocimiento cient\u00edfico de las plantas medicinales, tanto de su composici\u00f3n qu\u00edmica, como de su actividad farmacol\u00f3gica, eficacia cl\u00ednica y toxicidad, lo que ha dado como resultado unos productos desarrollados bajo criterios de calidad, seguridad y eficacia.<\/p>\n<p>Beneficios del Extracto de Pasiflora F\u00f3rmula XXI<br \/>\nEl Extracto de Pasiflora F\u00f3rmula XXI ayuda a combatir la ansiedad, angustia, reduce las palpitaciones, mejora la sensaci\u00f3n de opresi\u00f3n tor\u00e1cica, incluso es bueno para la sintomatolog\u00eda que suele predominar durante la menopausia (sofocos, cambios de humor, etc.).<\/p>\n<p>Advertencias del Extracto de Pasiflora F\u00f3rmula XXI<br \/>\nDebe agitarse antes de usar y apretar la tetina para, despu\u00e9s, esperar unos segundos.<\/p>\n<p>\u00bfC\u00f3mo utilizar el Extracto de Pasiflora F\u00f3rmula XXI?<br \/>\nSe recomienda en adultos tomar 1 ml 2 o 3 veces al d\u00eda diluido con un poco de agua.<\/p>\n<p>Composici\u00f3n<br \/>\nExtracto liofilizado de Pasiflora (540 mg), Gamma ciclodextrinas (180 mg), Alfa ciclodextrinas (90 mg), Agua, Pasiflora, Glicerina.<\/p>\n<p>Advertencias<br \/>\nAgitar antes de usar. Apretar la tetina y esperar unos segundos.<\/p>\n","protected":false},"excerpt":{"rendered":"<p>Composici\u00f3n<br \/>\nExtracto liofilizado de Pasiflora (540 mg), Gamma ciclodextrinas (180 mg), Alfa ciclodextrinas (90 mg), Agua, Pasiflora, Glicerina.<\/p>\n","protected":false},"featured_media":7117,"comment_status":"open","ping_status":"closed","template":"","meta":{"_joinchat":[]},"product_brand":[],"product_cat":[129],"product_tag":[],"class_list":{"0":"post-7116","1":"product","2":"type-product","3":"status-publish","4":"has-post-thumbnail","6":"product_cat-fitoterapia-extracto-liquido","8":"first","9":"instock","10":"taxable","11":"shipping-taxable","12":"purchasable","13":"product-type-simple"},"_links":{"self":[{"href":"https:\/\/www.naturclic.com\/index.php?rest_route=\/wp\/v2\/product\/7116","targetHints":{"allow":["GET"]}}],"collection":[{"href":"https:\/\/www.naturclic.com\/index.php?rest_route=\/wp\/v2\/product"}],"about":[{"href":"https:\/\/www.naturclic.com\/index.php?rest_route=\/wp\/v2\/types\/product"}],"replies":[{"embeddable":true,"href":"https:\/\/www.naturclic.com\/index.php?rest_route=%2Fwp%2Fv2%2Fcomments&post=7116"}],"wp:featuredmedia":[{"embeddable":true,"href":"https:\/\/www.naturclic.com\/index.php?rest_route=\/wp\/v2\/media\/7117"}],"wp:attachment":[{"href":"https:\/\/www.naturclic.com\/index.php?rest_route=%2Fwp%2Fv2%2Fmedia&parent=7116"}],"wp:term":[{"taxonomy":"product_brand","embeddable":true,"href":"https:\/\/www.naturclic.com\/index.php?rest_route=%2Fwp%2Fv2%2Fproduct_brand&post=7116"},{"taxonomy":"product_cat","embeddable":true,"href":"https:\/\/www.naturclic.com\/index.php?rest_route=%2Fwp%2Fv2%2Fproduct_cat&post=7116"},{"taxonomy":"product_tag","embeddable":true,"href":"https:\/\/www.naturclic.com\/index.php?rest_route=%2Fwp%2Fv2%2Fproduct_tag&post=7116"}],"curies":[{"name":"wp","href":"https:\/\/api.w.org\/{rel}","templated":true}]}}