{"id":7118,"date":"2020-09-12T18:34:42","date_gmt":"2020-09-12T16:34:42","guid":{"rendered":"https:\/\/www.naturclic.com\/?post_type=product&#038;p=7118"},"modified":"2022-02-03T17:47:54","modified_gmt":"2022-02-03T16:47:54","slug":"extracto-valeriana-liquido-50ml-soria-natural","status":"publish","type":"product","link":"https:\/\/www.naturclic.com\/?product=extracto-valeriana-liquido-50ml-soria-natural","title":{"rendered":"Extracto Valeriana l\u00edquido 50ml Soria Natural"},"content":{"rendered":"<p>DESCRIPCI\u00d3N<br \/>\nExtracto de Valeriana (F\u00f3rmula XXl) de Soria Natural ofrece esta nueva gama mejorada de extractos que ha sido desarrollada en el centro de I+D+i de Soria Natural. Se basa en un mayor estudio y conocimiento cient\u00edfico de las plantas medicinales, tanto de su composici\u00f3n qu\u00edmica, como de su actividad farmacol\u00f3gica, eficacia cl\u00ednica y toxicidad, lo que ha dado como resultado unos productos desarrollados bajo criterios de calidad, seguridad y eficacia.<\/p>\n<p>Indicaci\u00f3n<br \/>\nEl Extracto de Valeriana S\/AL ayuda contra el nerviosismo, insomnio, excitabilidad, asma nerviosa, convulsiones y menopausia.<\/p>\n<p>Modo de empleo<br \/>\nSe recomienda en adultos tomar 2 o 3 veces al d\u00eda diluido con un poco de agua.<\/p>\n<p>Composici\u00f3n<br \/>\nExtracto liofilizado de valeriana (540 mg), Gamma ciclodextrinas (180 mg), Alfa ciclodextrinas (90 mg), Agua, Glicerina.<\/p>\n<p>Advertencias<br \/>\nAgitar antes de usar. Apretar la tetina y esperar unos segundos.<\/p>\n","protected":false},"excerpt":{"rendered":"<p>Composici\u00f3n<br \/>\nExtracto liofilizado de valeriana (540 mg), Gamma ciclodextrinas (180 mg), Alfa ciclodextrinas (90 mg), Agua, Glicerina.<\/p>\n","protected":false},"featured_media":7119,"comment_status":"open","ping_status":"closed","template":"","meta":{"_joinchat":[]},"product_brand":[],"product_cat":[129],"product_tag":[],"class_list":{"0":"post-7118","1":"product","2":"type-product","3":"status-publish","4":"has-post-thumbnail","6":"product_cat-fitoterapia-extracto-liquido","8":"first","9":"instock","10":"taxable","11":"shipping-taxable","12":"purchasable","13":"product-type-simple"},"_links":{"self":[{"href":"https:\/\/www.naturclic.com\/index.php?rest_route=\/wp\/v2\/product\/7118","targetHints":{"allow":["GET"]}}],"collection":[{"href":"https:\/\/www.naturclic.com\/index.php?rest_route=\/wp\/v2\/product"}],"about":[{"href":"https:\/\/www.naturclic.com\/index.php?rest_route=\/wp\/v2\/types\/product"}],"replies":[{"embeddable":true,"href":"https:\/\/www.naturclic.com\/index.php?rest_route=%2Fwp%2Fv2%2Fcomments&post=7118"}],"wp:featuredmedia":[{"embeddable":true,"href":"https:\/\/www.naturclic.com\/index.php?rest_route=\/wp\/v2\/media\/7119"}],"wp:attachment":[{"href":"https:\/\/www.naturclic.com\/index.php?rest_route=%2Fwp%2Fv2%2Fmedia&parent=7118"}],"wp:term":[{"taxonomy":"product_brand","embeddable":true,"href":"https:\/\/www.naturclic.com\/index.php?rest_route=%2Fwp%2Fv2%2Fproduct_brand&post=7118"},{"taxonomy":"product_cat","embeddable":true,"href":"https:\/\/www.naturclic.com\/index.php?rest_route=%2Fwp%2Fv2%2Fproduct_cat&post=7118"},{"taxonomy":"product_tag","embeddable":true,"href":"https:\/\/www.naturclic.com\/index.php?rest_route=%2Fwp%2Fv2%2Fproduct_tag&post=7118"}],"curies":[{"name":"wp","href":"https:\/\/api.w.org\/{rel}","templated":true}]}}