{"id":7122,"date":"2020-09-12T18:39:46","date_gmt":"2020-09-12T16:39:46","guid":{"rendered":"https:\/\/www.naturclic.com\/?post_type=product&#038;p=7122"},"modified":"2022-01-31T13:26:42","modified_gmt":"2022-01-31T12:26:42","slug":"composor-12-eucalyptus-complex-xxi-liquido-50ml-soria-natural","status":"publish","type":"product","link":"https:\/\/www.naturclic.com\/?product=composor-12-eucalyptus-complex-xxi-liquido-50ml-soria-natural","title":{"rendered":"Composor 12 Eucalyptus Complex XXI l\u00edquido 50ml Soria Natural"},"content":{"rendered":"<p>DESCRIPCI\u00d3N<br \/>\nComposor 12 Eucalyptus Complex (F\u00f3rmula XXI) de Soria Natural, comprometida al m\u00e1ximo con los consumidores de Medicina Natural, ha conseguido lo que parec\u00eda imposible, mejorar el funcionamiento de nuestra GAMA COMPOSOR, que ha sido capaz de permanecer m\u00e1s de 30 a\u00f1os en el mercado por su eficacia, siendo la referencia de la fitoterapia en Espa\u00f1a y en el mundo. El uso de las ciclodextrinas, junto con un novedoso proceso de extracci\u00f3n de los principios activos de las plantas m\u00e1s r\u00e1pido y eficaz, estandarizado para que cada dosis tenga siempre la misma actividad terap\u00e9utica, nos permite ofrecer a los usuarios de esta familia l\u00edder del mercado la nueva Gama Composor Siglo XXI, m\u00e1s beneficiosa y efectiva para el organismo.<\/p>\n<p>Modo de empleo<br \/>\nSe recomienda en adultos tomar 2 o 3 veces al d\u00eda diluido con un poco de agua.<\/p>\n<p>Composici\u00f3n<br \/>\nExtracto liofilizado de gordolobo (271 mg), Extracto liofilizado de llant\u00e9n (213 mg), Gamma ciclodextrinas (85 mg), Alfa ciclodextrinas (72 mg), Aceite Esencial de Eucalipto (6.6 mg), Extracto fluido de helenio (1.68 g), Agua, Glicerina, \u00c1c asc\u00f3rbico.<\/p>\n<p>Advertencias<br \/>\nAgitar antes de usar. Apretar la tetina y esperar unos segundos.<\/p>\n","protected":false},"excerpt":{"rendered":"<p>Composici\u00f3n<br \/>\nExtracto liofilizado de gordolobo (271 mg), Extracto liofilizado de llant\u00e9n (213 mg), Gamma ciclodextrinas (85 mg), Alfa ciclodextrinas (72 mg), Aceite Esencial de Eucalipto (6.6 mg), Extracto fluido de helenio (1.68 g), Agua, Glicerina, \u00c1c asc\u00f3rbico.<\/p>\n","protected":false},"featured_media":7123,"comment_status":"open","ping_status":"closed","template":"","meta":{"_joinchat":[]},"product_brand":[],"product_cat":[127],"product_tag":[],"class_list":{"0":"post-7122","1":"product","2":"type-product","3":"status-publish","4":"has-post-thumbnail","6":"product_cat-nutricion-ortomolecular","8":"first","9":"instock","10":"taxable","11":"shipping-taxable","12":"purchasable","13":"product-type-simple"},"_links":{"self":[{"href":"https:\/\/www.naturclic.com\/index.php?rest_route=\/wp\/v2\/product\/7122","targetHints":{"allow":["GET"]}}],"collection":[{"href":"https:\/\/www.naturclic.com\/index.php?rest_route=\/wp\/v2\/product"}],"about":[{"href":"https:\/\/www.naturclic.com\/index.php?rest_route=\/wp\/v2\/types\/product"}],"replies":[{"embeddable":true,"href":"https:\/\/www.naturclic.com\/index.php?rest_route=%2Fwp%2Fv2%2Fcomments&post=7122"}],"wp:featuredmedia":[{"embeddable":true,"href":"https:\/\/www.naturclic.com\/index.php?rest_route=\/wp\/v2\/media\/7123"}],"wp:attachment":[{"href":"https:\/\/www.naturclic.com\/index.php?rest_route=%2Fwp%2Fv2%2Fmedia&parent=7122"}],"wp:term":[{"taxonomy":"product_brand","embeddable":true,"href":"https:\/\/www.naturclic.com\/index.php?rest_route=%2Fwp%2Fv2%2Fproduct_brand&post=7122"},{"taxonomy":"product_cat","embeddable":true,"href":"https:\/\/www.naturclic.com\/index.php?rest_route=%2Fwp%2Fv2%2Fproduct_cat&post=7122"},{"taxonomy":"product_tag","embeddable":true,"href":"https:\/\/www.naturclic.com\/index.php?rest_route=%2Fwp%2Fv2%2Fproduct_tag&post=7122"}],"curies":[{"name":"wp","href":"https:\/\/api.w.org\/{rel}","templated":true}]}}