{"id":7125,"date":"2020-09-12T19:02:37","date_gmt":"2020-09-12T17:02:37","guid":{"rendered":"https:\/\/www.naturclic.com\/?post_type=product&#038;p=7125"},"modified":"2022-01-31T13:24:50","modified_gmt":"2022-01-31T12:24:50","slug":"composor-8-echina-complex-liquido-50ml-soria-natural","status":"publish","type":"product","link":"https:\/\/www.naturclic.com\/?product=composor-8-echina-complex-liquido-50ml-soria-natural","title":{"rendered":"Composor 8 Echina complex l\u00edquido 50ml Soria Natural"},"content":{"rendered":"<p>DESCRIPCI\u00d3N<br \/>\nComposor 08 Echina complex de Soria Natural es un complemento alimenticio elaborado con extracto de equin\u00e1cea (Echinacea purpurea), prop\u00f3leo y aceite esencial de tomillo (Thymus vulgaris).<\/p>\n<p>Propiedades de Composor 08 Echina complex de Soria Natural<br \/>\nLa equin\u00e1cea es una planta medicinal de la familia de las margaritas. Existen varias especies de equin\u00e1cea, pero pocas son utilizadas por sus propiedades medicinales. Echina complex contiene Echinacea purpurea que contribuye a la funci\u00f3n adecuada del sistema inmunitario. Se suele emplear antes de contraer un resfriado com\u00fan con el objetivo de reducir la gravedad y duraci\u00f3n de sus s\u00edntomas.<\/p>\n<p>El prop\u00f3leo es una resina que producen las abejas para construir sus colmenas que tiene propiedades antibacterianas y antiinflamatorias.<\/p>\n<p>El aceite esencial de tomillo tiene propiedades expectorantes y antis\u00e9pticas, siendo especialmente indicado para el tratamiento de algunos s\u00edntomas del resfriado, como tos, laringitis y bronquitis.<\/p>\n<p>\u00bfC\u00f3mo tomar Composor 08 Echina complex de Soria Natural?<br \/>\nTomar 1 ml 3 veces al d\u00eda diluido en agua. No superar la dosis expresamente recomendada.<\/p>\n<p>Composici\u00f3n<br \/>\nGamma ciclodextrinas (260 mg), Alfa ciclodextrinas (160 mg), Aceite esencial de tomillo (135 mg), Extracto liofilizado de Prop\u00f3leo (75 mg), Extracto fluido de Equin\u00e1cea (1.38 g), Agua, Glicerina.<\/p>\n<p>Advertencias<br \/>\nAgitar antes de usar. Apretar la tetina y esperar unos segundos.<\/p>\n","protected":false},"excerpt":{"rendered":"<p>Composici\u00f3n<br \/>\nGamma ciclodextrinas (260 mg), Alfa ciclodextrinas (160 mg), Aceite esencial de tomillo (135 mg), Extracto liofilizado de Prop\u00f3leo (75 mg), Extracto fluido de Equin\u00e1cea (1.38 g), Agua, Glicerina.<\/p>\n","protected":false},"featured_media":7126,"comment_status":"open","ping_status":"closed","template":"","meta":{"_joinchat":[]},"product_brand":[],"product_cat":[129],"product_tag":[],"class_list":{"0":"post-7125","1":"product","2":"type-product","3":"status-publish","4":"has-post-thumbnail","6":"product_cat-fitoterapia-extracto-liquido","8":"first","9":"instock","10":"taxable","11":"shipping-taxable","12":"purchasable","13":"product-type-simple"},"_links":{"self":[{"href":"https:\/\/www.naturclic.com\/index.php?rest_route=\/wp\/v2\/product\/7125","targetHints":{"allow":["GET"]}}],"collection":[{"href":"https:\/\/www.naturclic.com\/index.php?rest_route=\/wp\/v2\/product"}],"about":[{"href":"https:\/\/www.naturclic.com\/index.php?rest_route=\/wp\/v2\/types\/product"}],"replies":[{"embeddable":true,"href":"https:\/\/www.naturclic.com\/index.php?rest_route=%2Fwp%2Fv2%2Fcomments&post=7125"}],"wp:featuredmedia":[{"embeddable":true,"href":"https:\/\/www.naturclic.com\/index.php?rest_route=\/wp\/v2\/media\/7126"}],"wp:attachment":[{"href":"https:\/\/www.naturclic.com\/index.php?rest_route=%2Fwp%2Fv2%2Fmedia&parent=7125"}],"wp:term":[{"taxonomy":"product_brand","embeddable":true,"href":"https:\/\/www.naturclic.com\/index.php?rest_route=%2Fwp%2Fv2%2Fproduct_brand&post=7125"},{"taxonomy":"product_cat","embeddable":true,"href":"https:\/\/www.naturclic.com\/index.php?rest_route=%2Fwp%2Fv2%2Fproduct_cat&post=7125"},{"taxonomy":"product_tag","embeddable":true,"href":"https:\/\/www.naturclic.com\/index.php?rest_route=%2Fwp%2Fv2%2Fproduct_tag&post=7125"}],"curies":[{"name":"wp","href":"https:\/\/api.w.org\/{rel}","templated":true}]}}