{"id":7227,"date":"2021-03-15T15:46:51","date_gmt":"2021-03-15T14:46:51","guid":{"rendered":"https:\/\/www.naturclic.com\/?post_type=product&#038;p=7227"},"modified":"2022-02-02T19:00:42","modified_gmt":"2022-02-02T18:00:42","slug":"femelle-30-capsulas-bromatech","status":"publish","type":"product","link":"https:\/\/www.naturclic.com\/?product=femelle-30-capsulas-bromatech","title":{"rendered":"Femelle 30 c\u00e1psulas Bromatech"},"content":{"rendered":"<p>Los fermentos l\u00e1cteos favorecen el equilibrio de la flora intestinal.<\/p>\n<p>Precauciones:<br \/>\nNo se han descrito.<\/p>\n<p>Composici\u00f3n:<br \/>\nMaltodextrina de ma\u00edz, almid\u00f3n de ma\u00edz, gelatina (c\u00e1psula), mezcla de fermentos l\u00e1cteos (lactobacullus plantarum LP 115, lactobacillus acidophilus LA 14, lactobacillus rhamnosus LR 32), antiaglomerantes: sales de magnesio de los \u00e1cidos grasos, di\u00f3xido de silicio.<\/p>\n<p>Modo de empleo:<br \/>\nTomar 2 c\u00e1psulas al d\u00eda, despu\u00e9s de las comidas.<\/p>\n","protected":false},"excerpt":{"rendered":"<p>Los fermentos l\u00e1cteos favorecen el equilibrio de la flora intestinal.<\/p>\n<p>Precauciones:<br \/>\nNo se han descrito.<\/p>\n<p>Composici\u00f3n:<br \/>\nMaltodextrina de ma\u00edz, almid\u00f3n de ma\u00edz, gelatina (c\u00e1psula), mezcla de fermentos l\u00e1cteos (lactobacullus plantarum LP 115, lactobacillus acidophilus LA 14, lactobacillus rhamnosus LR 32), antiaglomerantes: sales de magnesio de los \u00e1cidos grasos, di\u00f3xido de silicio.<\/p>\n<p>Modo de empleo:<br \/>\nTomar 2 c\u00e1psulas al d\u00eda, despu\u00e9s de las comidas.<\/p>\n","protected":false},"featured_media":7228,"comment_status":"open","ping_status":"closed","template":"","meta":{"_joinchat":[]},"product_brand":[],"product_cat":[128,127],"product_tag":[],"class_list":{"0":"post-7227","1":"product","2":"type-product","3":"status-publish","4":"has-post-thumbnail","6":"product_cat-fitoterapia-capsulas-y-comprimidos","7":"product_cat-nutricion-ortomolecular","9":"first","10":"instock","11":"taxable","12":"shipping-taxable","13":"purchasable","14":"product-type-simple"},"_links":{"self":[{"href":"https:\/\/www.naturclic.com\/index.php?rest_route=\/wp\/v2\/product\/7227","targetHints":{"allow":["GET"]}}],"collection":[{"href":"https:\/\/www.naturclic.com\/index.php?rest_route=\/wp\/v2\/product"}],"about":[{"href":"https:\/\/www.naturclic.com\/index.php?rest_route=\/wp\/v2\/types\/product"}],"replies":[{"embeddable":true,"href":"https:\/\/www.naturclic.com\/index.php?rest_route=%2Fwp%2Fv2%2Fcomments&post=7227"}],"wp:featuredmedia":[{"embeddable":true,"href":"https:\/\/www.naturclic.com\/index.php?rest_route=\/wp\/v2\/media\/7228"}],"wp:attachment":[{"href":"https:\/\/www.naturclic.com\/index.php?rest_route=%2Fwp%2Fv2%2Fmedia&parent=7227"}],"wp:term":[{"taxonomy":"product_brand","embeddable":true,"href":"https:\/\/www.naturclic.com\/index.php?rest_route=%2Fwp%2Fv2%2Fproduct_brand&post=7227"},{"taxonomy":"product_cat","embeddable":true,"href":"https:\/\/www.naturclic.com\/index.php?rest_route=%2Fwp%2Fv2%2Fproduct_cat&post=7227"},{"taxonomy":"product_tag","embeddable":true,"href":"https:\/\/www.naturclic.com\/index.php?rest_route=%2Fwp%2Fv2%2Fproduct_tag&post=7227"}],"curies":[{"name":"wp","href":"https:\/\/api.w.org\/{rel}","templated":true}]}}