{"id":7231,"date":"2021-03-15T15:52:44","date_gmt":"2021-03-15T14:52:44","guid":{"rendered":"https:\/\/www.naturclic.com\/?post_type=product&#038;p=7231"},"modified":"2022-07-25T17:18:55","modified_gmt":"2022-07-25T15:18:55","slug":"serobioma-24-capsulas-bromatech","status":"publish","type":"product","link":"https:\/\/www.naturclic.com\/?product=serobioma-24-capsulas-bromatech","title":{"rendered":"SEROBIOMA 24 c\u00e1psulas Bromatech"},"content":{"rendered":"<p>Los fermentos l\u00e1cteos favorecen el equilibrio de la flora intestinal: la vitamina B2 contribuye a la normalidad fisiol\u00f3gica de las mucosas.<\/p>\n<p>Precauciones:<br \/>\nNo se han descrito.<\/p>\n<p>Composici\u00f3n:<br \/>\nAlmid\u00f3n de ma\u00edz, L-teanina, gelatina (c\u00e1psula), L-cistina, mezcla de fermentos l\u00e1cteos (lactobacillus rhamnosus LR 32, bifidobacterium lactis BL 04, bifidobacterium longum BL 05), \u00e1cidos grasos, antiaglomerantes: sales de magnesio de los \u00e1cidos grasos, di\u00f3xido de silicio, vitamina B2 (riboflavina), colorante: di\u00f3xido de titanio.<\/p>\n<p>Modo de empleo:<br \/>\nTomar 2 c\u00e1psulas al d\u00eda, despu\u00e9s de las comidas.<\/p>\n","protected":false},"excerpt":{"rendered":"<p>Los fermentos l\u00e1cteos favorecen el equilibrio de la flora intestinal: la vitamina B2 contribuye a la normalidad fisiol\u00f3gica de las mucosas.<\/p>\n<p>Precauciones:<br \/>\nNo se han descrito.<\/p>\n<p>Composici\u00f3n:<br \/>\nAlmid\u00f3n de ma\u00edz, L-teanina, gelatina (c\u00e1psula), L-cistina, mezcla de fermentos l\u00e1cteos (lactobacillus rhamnosus LR 32, bifidobacterium lactis BL 04, bifidobacterium longum BL 05), \u00e1cidos grasos, antiaglomerantes: sales de magnesio de los \u00e1cidos grasos, di\u00f3xido de silicio, vitamina B2 (riboflavina), colorante: di\u00f3xido de titanio.<\/p>\n<p>Modo de empleo:<br \/>\nTomar 2 c\u00e1psulas al d\u00eda, despu\u00e9s de las comidas.<\/p>\n","protected":false},"featured_media":7232,"comment_status":"open","ping_status":"closed","template":"","meta":{"_joinchat":[]},"product_brand":[],"product_cat":[128,127],"product_tag":[],"class_list":{"0":"post-7231","1":"product","2":"type-product","3":"status-publish","4":"has-post-thumbnail","6":"product_cat-fitoterapia-capsulas-y-comprimidos","7":"product_cat-nutricion-ortomolecular","9":"first","10":"instock","11":"taxable","12":"shipping-taxable","13":"purchasable","14":"product-type-simple"},"_links":{"self":[{"href":"https:\/\/www.naturclic.com\/index.php?rest_route=\/wp\/v2\/product\/7231","targetHints":{"allow":["GET"]}}],"collection":[{"href":"https:\/\/www.naturclic.com\/index.php?rest_route=\/wp\/v2\/product"}],"about":[{"href":"https:\/\/www.naturclic.com\/index.php?rest_route=\/wp\/v2\/types\/product"}],"replies":[{"embeddable":true,"href":"https:\/\/www.naturclic.com\/index.php?rest_route=%2Fwp%2Fv2%2Fcomments&post=7231"}],"wp:featuredmedia":[{"embeddable":true,"href":"https:\/\/www.naturclic.com\/index.php?rest_route=\/wp\/v2\/media\/7232"}],"wp:attachment":[{"href":"https:\/\/www.naturclic.com\/index.php?rest_route=%2Fwp%2Fv2%2Fmedia&parent=7231"}],"wp:term":[{"taxonomy":"product_brand","embeddable":true,"href":"https:\/\/www.naturclic.com\/index.php?rest_route=%2Fwp%2Fv2%2Fproduct_brand&post=7231"},{"taxonomy":"product_cat","embeddable":true,"href":"https:\/\/www.naturclic.com\/index.php?rest_route=%2Fwp%2Fv2%2Fproduct_cat&post=7231"},{"taxonomy":"product_tag","embeddable":true,"href":"https:\/\/www.naturclic.com\/index.php?rest_route=%2Fwp%2Fv2%2Fproduct_tag&post=7231"}],"curies":[{"name":"wp","href":"https:\/\/api.w.org\/{rel}","templated":true}]}}