{"id":7254,"date":"2021-04-22T16:25:29","date_gmt":"2021-04-22T14:25:29","guid":{"rendered":"https:\/\/www.naturclic.com\/?post_type=product&#038;p=7254"},"modified":"2022-02-02T18:55:17","modified_gmt":"2022-02-02T17:55:17","slug":"cyrasil-14-viales-soria-natural","status":"publish","type":"product","link":"https:\/\/www.naturclic.com\/?product=cyrasil-14-viales-soria-natural","title":{"rendered":"Cyrasil 14 viales Soria Natural"},"content":{"rendered":"<p><strong>Ayuda a depurar el organismo y favorece la renovaci\u00f3n interior.<\/strong><\/p>\n<p><strong>Ingredientes:<\/strong>\u00a0<strong>C\u00e1psula:\u00a0<\/strong>Lecitina de\u00a0<strong>soja<\/strong>\u00a0rica en fosfatidilcolina, maltodextrinas, antiaglomerantes: di\u00f3xido de silicio.<\/p>\n<p><strong>Vial:<\/strong>\u00a0Humectante: glicerina, extracto concentrado de<strong>\u00a0R\u00e1bano negro<\/strong>\u00a0(<em>Raphanus sativus L.\u00a0<\/em>var. nigra, ra\u00edz) (2682 mg), agua, extracto fluido concentrado de\u00a0<strong>Alcachofa<\/strong>\u00a0(<em>Cynara scolymus\u00a0<\/em>L., hoja) (592 mg), extracto fluido concentrado de\u00a0<strong>Cardo Mariano<\/strong>\u00a0(<em>Silybum marianum\u00a0<\/em>(L)\u00a0Gaertner, semilla) (592 mg), corrector de acidez: \u00e1cido c\u00edtrico, aroma a lim\u00f3n.<\/p>\n<p><strong>Consejo de uso:<\/strong>\u00a0Tomar un vial al d\u00eda directamente o diluido en agua.<\/p>\n<p><strong>Presentaci\u00f3n:<\/strong>\u00a014 viales de 10 mL.<\/p>\n<p><strong>Especificaciones:<\/strong>\u00a0Puede contener trazas de gluten y mostaza. Sin az\u00facares a\u00f1adidos. Contiene az\u00facares naturalmente presentes.<\/p>\n<p>El consumo excesivo puede producir efectos laxantes.<\/p>\n","protected":false},"excerpt":{"rendered":"<p>Ayuda a depurar el organismo y favorece la renovaci\u00f3n interior. Ingredientes:\u00a0C\u00e1psula:\u00a0Lecitina de\u00a0soja\u00a0rica en fosfatidilcolina, maltodextrinas, antiaglomerantes: di\u00f3xido de silicio. Vial:\u00a0Humectante: glicerina, extracto concentrado de\u00a0R\u00e1bano negro\u00a0(Raphanus sativus L.\u00a0var. nigra, ra\u00edz) (2682 mg), agua, extracto fluido concentrado de\u00a0Alcachofa\u00a0(Cynara scolymus\u00a0L., hoja) (592 mg), extracto fluido concentrado de\u00a0Cardo Mariano\u00a0(Silybum marianum\u00a0(L)\u00a0Gaertner, semilla) (592 mg), corrector de acidez: \u00e1cido c\u00edtrico, aroma &hellip; <\/p>\n<p class=\"link-more\"><a href=\"https:\/\/www.naturclic.com\/?product=cyrasil-14-viales-soria-natural\" class=\"more-link\">Continue reading<span class=\"screen-reader-text\"> &#8220;Cyrasil 14 viales Soria Natural&#8221;<\/span><\/a><\/p>\n","protected":false},"featured_media":7255,"comment_status":"open","ping_status":"closed","template":"","meta":{"_joinchat":[]},"product_brand":[],"product_cat":[129,126],"product_tag":[],"class_list":{"0":"post-7254","1":"product","2":"type-product","3":"status-publish","4":"has-post-thumbnail","6":"product_cat-fitoterapia-extracto-liquido","7":"product_cat-suplementos-naturales","9":"first","10":"instock","11":"taxable","12":"shipping-taxable","13":"purchasable","14":"product-type-simple"},"_links":{"self":[{"href":"https:\/\/www.naturclic.com\/index.php?rest_route=\/wp\/v2\/product\/7254","targetHints":{"allow":["GET"]}}],"collection":[{"href":"https:\/\/www.naturclic.com\/index.php?rest_route=\/wp\/v2\/product"}],"about":[{"href":"https:\/\/www.naturclic.com\/index.php?rest_route=\/wp\/v2\/types\/product"}],"replies":[{"embeddable":true,"href":"https:\/\/www.naturclic.com\/index.php?rest_route=%2Fwp%2Fv2%2Fcomments&post=7254"}],"wp:featuredmedia":[{"embeddable":true,"href":"https:\/\/www.naturclic.com\/index.php?rest_route=\/wp\/v2\/media\/7255"}],"wp:attachment":[{"href":"https:\/\/www.naturclic.com\/index.php?rest_route=%2Fwp%2Fv2%2Fmedia&parent=7254"}],"wp:term":[{"taxonomy":"product_brand","embeddable":true,"href":"https:\/\/www.naturclic.com\/index.php?rest_route=%2Fwp%2Fv2%2Fproduct_brand&post=7254"},{"taxonomy":"product_cat","embeddable":true,"href":"https:\/\/www.naturclic.com\/index.php?rest_route=%2Fwp%2Fv2%2Fproduct_cat&post=7254"},{"taxonomy":"product_tag","embeddable":true,"href":"https:\/\/www.naturclic.com\/index.php?rest_route=%2Fwp%2Fv2%2Fproduct_tag&post=7254"}],"curies":[{"name":"wp","href":"https:\/\/api.w.org\/{rel}","templated":true}]}}