{"id":7267,"date":"2021-05-07T10:19:54","date_gmt":"2021-05-07T08:19:54","guid":{"rendered":"https:\/\/www.naturclic.com\/?post_type=product&#038;p=7267"},"modified":"2025-11-19T22:45:28","modified_gmt":"2025-11-19T21:45:28","slug":"der-mer-tox-60-capsulas-douglas-laboratories","status":"publish","type":"product","link":"https:\/\/www.naturclic.com\/?product=der-mer-tox-60-capsulas-douglas-laboratories","title":{"rendered":"Der Mer Tox 60 c\u00e1psulas Douglas Laboratories"},"content":{"rendered":"<p>Descripci\u00f3n<br \/>\nLa De-Mer-Tox de Douglas Laboratories contienen diversas vitaminas y componentes nutricionales que favorecen los procesos metab\u00f3licos que pueden proteger al organismo contra el estr\u00e9s oxidativo.<\/p>\n<p>Propiedades y beneficios de De-Mer-Tox<br \/>\nEste complemento alimenticio contiene Selenio, que contribuye a la protecci\u00f3n de las c\u00e9lulas frente al da\u00f1o oxidativo, Vitaminas B1 y B2, que contribuyen al metabolismo normal del hierro, as\u00ed como diversas fuentes de azufre, como L-Glutati\u00f3n reducido, N-acetil L-ciste\u00edna (NAC), MSM y ajo (alicina, ali\u00edna).<\/p>\n<p>Advertencias<br \/>\nNo superar la dosis diaria expresamente recomendada. Los complementos alimenticios no deben utilizarse como sustitutos de una dieta variada y equilibrada o un modo de vida sano<\/p>\n<p>Composici\u00f3n<br \/>\nPor 1 c\u00e1psula:<\/p>\n<p>Metilsulfonilmetano (250 mg), N acetil l ciste\u00edna (250 mg), Extracto de Ajo (125 mg), Biotina (100 \u03bcg), Selenio (50 \u03bcg), Perejil (50 mg), L-Glutati\u00f3n (25 mg), Vitamina B1 (10 mg), Vitamina B2 (5 mg), Estearato de magnesio, Talco, Gelatina, Celulosa microcristalina.<\/p>\n","protected":false},"excerpt":{"rendered":"<p>Composici\u00f3n<br \/>\nPor 1 c\u00e1psula:<\/p>\n<p>Metilsulfonilmetano (250 mg), N acetil l ciste\u00edna (250 mg), Extracto de Ajo (125 mg), Biotina (100 \u03bcg), Selenio (50 \u03bcg), Perejil (50 mg), L-Glutati\u00f3n (25 mg), Vitamina B1 (10 mg), Vitamina B2 (5 mg), Estearato de magnesio, Talco, Gelatina, Celulosa microcristalina.<\/p>\n","protected":false},"featured_media":7268,"comment_status":"open","ping_status":"closed","template":"","meta":{"_joinchat":[]},"product_brand":[],"product_cat":[15],"product_tag":[],"class_list":{"0":"post-7267","1":"product","2":"type-product","3":"status-publish","4":"has-post-thumbnail","6":"product_cat-sin-categorizar","8":"first","9":"outofstock","10":"taxable","11":"shipping-taxable","12":"purchasable","13":"product-type-simple"},"_links":{"self":[{"href":"https:\/\/www.naturclic.com\/index.php?rest_route=\/wp\/v2\/product\/7267","targetHints":{"allow":["GET"]}}],"collection":[{"href":"https:\/\/www.naturclic.com\/index.php?rest_route=\/wp\/v2\/product"}],"about":[{"href":"https:\/\/www.naturclic.com\/index.php?rest_route=\/wp\/v2\/types\/product"}],"replies":[{"embeddable":true,"href":"https:\/\/www.naturclic.com\/index.php?rest_route=%2Fwp%2Fv2%2Fcomments&post=7267"}],"wp:featuredmedia":[{"embeddable":true,"href":"https:\/\/www.naturclic.com\/index.php?rest_route=\/wp\/v2\/media\/7268"}],"wp:attachment":[{"href":"https:\/\/www.naturclic.com\/index.php?rest_route=%2Fwp%2Fv2%2Fmedia&parent=7267"}],"wp:term":[{"taxonomy":"product_brand","embeddable":true,"href":"https:\/\/www.naturclic.com\/index.php?rest_route=%2Fwp%2Fv2%2Fproduct_brand&post=7267"},{"taxonomy":"product_cat","embeddable":true,"href":"https:\/\/www.naturclic.com\/index.php?rest_route=%2Fwp%2Fv2%2Fproduct_cat&post=7267"},{"taxonomy":"product_tag","embeddable":true,"href":"https:\/\/www.naturclic.com\/index.php?rest_route=%2Fwp%2Fv2%2Fproduct_tag&post=7267"}],"curies":[{"name":"wp","href":"https:\/\/api.w.org\/{rel}","templated":true}]}}