{"id":7484,"date":"2022-02-10T17:59:23","date_gmt":"2022-02-10T16:59:23","guid":{"rendered":"https:\/\/www.naturclic.com\/?post_type=product&#038;p=7484"},"modified":"2022-02-17T18:27:30","modified_gmt":"2022-02-17T17:27:30","slug":"floradix","status":"publish","type":"product","link":"https:\/\/www.naturclic.com\/?product=floradix","title":{"rendered":"Floradix"},"content":{"rendered":"<p>Floradix Hierro de Salus es un complemento vitam\u00ednico natural, compuesto de hierro, vitaminas, especies vegetales y zumos de fruta que te aporta los nutrientes y el hierro que tu cuerpo necesita en \u00e9pocas de decaimiento y astenia primaveral.<\/p>\n<p>Floradix contiene hierro de gluconato ferroso, una sal de hierro bivalente de f\u00e1cil absorci\u00f3n. La f\u00f3rmula de Floradix est\u00e1 especialmente dise\u00f1ada para optimizar la absorci\u00f3n del hierro, a esto contribuyen los \u00e1cidos de los jugos de frutas y la vitamina C.<\/p>\n<p>La vitamina B12 junto al hierro interviene en la formaci\u00f3n de nuevas unidades de gl\u00f3bulos rojos y los extractos de plantas que complementan la f\u00f3rmula le aportan un efecto digestivo, lo que hace que Floradix sea el jarabe de hierro mejor tolerado.<\/p>\n<p>Beneficios de Floradix<br \/>\nFloradix hierro + vitaminas aporta los nutrientes y el hierro que tu cuerpo necesita, sobre todo, en \u00e9pocas de decaimiento, estr\u00e9s por trabajo o ex\u00e1menes, y astenia primaveral.<\/p>\n<p>Guardar fuera del alcance de los ni\u00f1os m\u00e1s peque\u00f1os. No debe beberse directamente del frasco, tampoco superar la dosis diaria recomendada. Los complementos alimenticios no deben usarse como sustituto de una alimentaci\u00f3n variada y equilibrada. Es importante seguir un estilo de vida saludable.<\/p>\n<p>La botella a\u00fan no abierta ha de guardarse en un lugar seco y fresco (15-25 \u00baC). Para evitar su deterioro se debe cerrar bien el frasco despu\u00e9s de cada uso. Conviene guardarlo siempre en la nevera y debe ser consumido en un periodo no superior a 4<\/p>\n","protected":false},"excerpt":{"rendered":"<p>Floradix Hierro de Salus es un complemento vitam\u00ednico natural, compuesto de hierro, vitaminas, especies vegetales y zumos de fruta que te aporta los nutrientes y el hierro que tu cuerpo necesita en \u00e9pocas de decaimiento y astenia primaveral. Floradix contiene hierro de gluconato ferroso, una sal de hierro bivalente de f\u00e1cil absorci\u00f3n. La f\u00f3rmula de &hellip; <\/p>\n<p class=\"link-more\"><a href=\"https:\/\/www.naturclic.com\/?product=floradix\" class=\"more-link\">Continue reading<span class=\"screen-reader-text\"> &#8220;Floradix&#8221;<\/span><\/a><\/p>\n","protected":false},"featured_media":7493,"comment_status":"open","ping_status":"closed","template":"","meta":{"_joinchat":[]},"product_brand":[],"product_cat":[15],"product_tag":[],"class_list":{"0":"post-7484","1":"product","2":"type-product","3":"status-publish","4":"has-post-thumbnail","6":"product_cat-sin-categorizar","8":"first","9":"instock","10":"taxable","11":"shipping-taxable","12":"purchasable","13":"product-type-simple"},"_links":{"self":[{"href":"https:\/\/www.naturclic.com\/index.php?rest_route=\/wp\/v2\/product\/7484","targetHints":{"allow":["GET"]}}],"collection":[{"href":"https:\/\/www.naturclic.com\/index.php?rest_route=\/wp\/v2\/product"}],"about":[{"href":"https:\/\/www.naturclic.com\/index.php?rest_route=\/wp\/v2\/types\/product"}],"replies":[{"embeddable":true,"href":"https:\/\/www.naturclic.com\/index.php?rest_route=%2Fwp%2Fv2%2Fcomments&post=7484"}],"wp:featuredmedia":[{"embeddable":true,"href":"https:\/\/www.naturclic.com\/index.php?rest_route=\/wp\/v2\/media\/7493"}],"wp:attachment":[{"href":"https:\/\/www.naturclic.com\/index.php?rest_route=%2Fwp%2Fv2%2Fmedia&parent=7484"}],"wp:term":[{"taxonomy":"product_brand","embeddable":true,"href":"https:\/\/www.naturclic.com\/index.php?rest_route=%2Fwp%2Fv2%2Fproduct_brand&post=7484"},{"taxonomy":"product_cat","embeddable":true,"href":"https:\/\/www.naturclic.com\/index.php?rest_route=%2Fwp%2Fv2%2Fproduct_cat&post=7484"},{"taxonomy":"product_tag","embeddable":true,"href":"https:\/\/www.naturclic.com\/index.php?rest_route=%2Fwp%2Fv2%2Fproduct_tag&post=7484"}],"curies":[{"name":"wp","href":"https:\/\/api.w.org\/{rel}","templated":true}]}}