{"id":7511,"date":"2022-03-28T09:00:52","date_gmt":"2022-03-28T07:00:52","guid":{"rendered":"https:\/\/www.naturclic.com\/?post_type=product&#038;p=7511"},"modified":"2022-03-31T18:22:45","modified_gmt":"2022-03-31T16:22:45","slug":"intesreg-plus-14-sobres-soria-natural","status":"publish","type":"product","link":"https:\/\/www.naturclic.com\/?product=intesreg-plus-14-sobres-soria-natural","title":{"rendered":"Intesreg Plus 14 sobres Soria Natural"},"content":{"rendered":"<p>\u00bfQu\u00e9 es el Intesreg Plus de Soria Natural de 14 sobres?<br \/>\nComplemento alimenticio. La vitamina B6 contribuye al funcionamiento normal del sistema inmunitario. Fermentos protegidos contra el pH del est\u00f3mago mediante doble microencapsulaci\u00f3n (S. thermophilus L. acidophilus, L. rhamnosus, L. casei, L. paracasei, L. plantarum, B. infantis, B. bifidum, B. longum en una cantidad m\u00ednima de 75&#215;108 UFC\/sobre).<\/p>\n<p>Ingredientes:<br \/>\nPor sobre: Inulina, L-glutamina, aroma a fresa, aroma a vainilla, Streptococcus thermophilus, almid\u00f3n de ma\u00edz, Lactobacillus acidophilus, Lactobacillus rhamnosus, Lactobacillus casei, Lactobacillus paracasei, Lactobacillus plantarum, Bifidobacterium infantis, Bifidobacterium bifidum, Bifidobacterium longum, edulcorante: gluc\u00f3sidos de esteviol, clorhidrato de piridoxina (Vit B6).<\/p>\n<p>Cantidad de Nutrientes Por sobre %VRN*<br \/>\nInulina 6427 mg **<br \/>\nL-glutamina 2000 mg **<br \/>\nStreptococcus thermophilus TH4 1,5&#215;10^9 UFC **<br \/>\nLactobacillus acidophilus CBT LA1 7,5&#215;10^8 UFC **<br \/>\nLactobacillus rhamnosus CBT LR5 7,5&#215;10^8 UFC **<br \/>\nLactobacillus casei CBT LC5 7,5&#215;10^8 UFC **<br \/>\nLactobacillus paracasei CBT LPC5 7,5&#215;10^8 UFC **<br \/>\nLactobacillus plantarum CBT LP3 7,5&#215;10^8 UFC **<br \/>\nBifidobacterium infantis CBT BT1 7,5&#215;10^8 UFC **<br \/>\nBifidobacterium bifidum CBT BF3 7,5&#215;10^8 UFC **<br \/>\nBifidobacterium longum CBT BG7 7,5&#215;10^8 UFC **<br \/>\nVitamina B6 1,4 mg 100 %<br \/>\n\u00bfC\u00f3mo se toma el Intesreg Plus?<br \/>\nSe recomienda tomar un sobre al d\u00eda diluido en 100 ml de agua en el desayuno. Agitar vigorosamente hasta total disoluci\u00f3n.<\/p>\n<p>Presentaci\u00f3n:<br \/>\nEnvase de 14 sobres.<\/p>\n<p>Advertencias:<br \/>\nNo superar la dosis diaria recomendada.<br \/>\nLos complementos alimenticios no deben utilizar como sustituto de una dieta variada y equilibrada.<br \/>\nMantener fuera del alcance de los ni\u00f1os m\u00e1s peque\u00f1os.<\/p>\n","protected":false},"excerpt":{"rendered":"<p>\u00bfQu\u00e9 es el Intesreg Plus de Soria Natural de 14 sobres? Complemento alimenticio. La vitamina B6 contribuye al funcionamiento normal del sistema inmunitario. Fermentos protegidos contra el pH del est\u00f3mago mediante doble microencapsulaci\u00f3n (S. thermophilus L. acidophilus, L. rhamnosus, L. casei, L. paracasei, L. plantarum, B. infantis, B. bifidum, B. longum en una cantidad m\u00ednima &hellip; <\/p>\n<p class=\"link-more\"><a href=\"https:\/\/www.naturclic.com\/?product=intesreg-plus-14-sobres-soria-natural\" class=\"more-link\">Continue reading<span class=\"screen-reader-text\"> &#8220;Intesreg Plus 14 sobres Soria Natural&#8221;<\/span><\/a><\/p>\n","protected":false},"featured_media":7512,"comment_status":"open","ping_status":"closed","template":"","meta":{"_joinchat":[]},"product_brand":[],"product_cat":[15],"product_tag":[],"class_list":{"0":"post-7511","1":"product","2":"type-product","3":"status-publish","4":"has-post-thumbnail","6":"product_cat-sin-categorizar","8":"first","9":"instock","10":"taxable","11":"shipping-taxable","12":"purchasable","13":"product-type-simple"},"_links":{"self":[{"href":"https:\/\/www.naturclic.com\/index.php?rest_route=\/wp\/v2\/product\/7511","targetHints":{"allow":["GET"]}}],"collection":[{"href":"https:\/\/www.naturclic.com\/index.php?rest_route=\/wp\/v2\/product"}],"about":[{"href":"https:\/\/www.naturclic.com\/index.php?rest_route=\/wp\/v2\/types\/product"}],"replies":[{"embeddable":true,"href":"https:\/\/www.naturclic.com\/index.php?rest_route=%2Fwp%2Fv2%2Fcomments&post=7511"}],"wp:featuredmedia":[{"embeddable":true,"href":"https:\/\/www.naturclic.com\/index.php?rest_route=\/wp\/v2\/media\/7512"}],"wp:attachment":[{"href":"https:\/\/www.naturclic.com\/index.php?rest_route=%2Fwp%2Fv2%2Fmedia&parent=7511"}],"wp:term":[{"taxonomy":"product_brand","embeddable":true,"href":"https:\/\/www.naturclic.com\/index.php?rest_route=%2Fwp%2Fv2%2Fproduct_brand&post=7511"},{"taxonomy":"product_cat","embeddable":true,"href":"https:\/\/www.naturclic.com\/index.php?rest_route=%2Fwp%2Fv2%2Fproduct_cat&post=7511"},{"taxonomy":"product_tag","embeddable":true,"href":"https:\/\/www.naturclic.com\/index.php?rest_route=%2Fwp%2Fv2%2Fproduct_tag&post=7511"}],"curies":[{"name":"wp","href":"https:\/\/api.w.org\/{rel}","templated":true}]}}