{"id":7513,"date":"2022-03-28T09:03:41","date_gmt":"2022-03-28T07:03:41","guid":{"rendered":"https:\/\/www.naturclic.com\/?post_type=product&#038;p=7513"},"modified":"2022-03-28T09:03:41","modified_gmt":"2022-03-28T07:03:41","slug":"aceite-natural-oil-blend-10-cbd-origin-10-ml","status":"publish","type":"product","link":"https:\/\/www.naturclic.com\/?product=aceite-natural-oil-blend-10-cbd-origin-10-ml","title":{"rendered":"Aceite Natural Oil Blend 10% CBD Origin &#8211; 10 ml"},"content":{"rendered":"<p>Aceite Natural Oil Blend 10% CBD Origin<br \/>\nAceite nutritivo, calmante y antioxidante.<\/p>\n<p>\u00bfQu\u00e9 es el Aceite Natural Oil Blend 10% CBD Origin?<br \/>\nEs una mezcla de aceites naturales, aceite de oliva virgen ECO, aceite de semilla de c\u00e1\u00f1amo virgen, aceite de coco natural (MCT), enriquecido con vitamina E y 10% Cannabidiol (935 mg CBD), que ayuda a proporcionar alivio y bienestar.<\/p>\n<p>Tiene propiedades nutritivas, calmantes y antixodiantes.<\/p>\n<p>El cannabidiol es un componente no psicoactivo que deriva t\u00edpicamente del c\u00e1\u00f1amo, una forma com\u00fan de denominar la planta Cannabis Sativa L., y que participa en la regulaci\u00f3n de nuestro sistema cannabinoide end\u00f3geno.<\/p>\n<p>El Sistema Cannabinoide End\u00f3geno (SEC) es un sistema neuromodulador generalizado que adapta la respuesta a las agresiones end\u00f3genas y ambientales; regula la memoria, la emoci\u00f3n, el desarrollo muscular, el balance energ\u00e9tico, la inflamaci\u00f3n, la agregaci\u00f3n plaquetaria, la vasodilataci\u00f3n y la percepci\u00f3n del dolor entre otras funciones.<\/p>\n<p>Efectos del CBD para la piel:<\/p>\n<p>Antioxidante<br \/>\nAntiinflamatorios<br \/>\nAntinociceptivos<br \/>\nSin THC.<\/p>\n<p>Ingredientes INCI:<br \/>\nCaprylic\/capric triglyceride, olea europaea (olive) fruit oil, cannabidiol, cannabis sativa seed oil, glycine max (soybean) oil, tocopherol.<\/p>\n<p>\u00bfC\u00f3mo se utiliza el Aceite Natural Oil Blend 10% CBD Origin?<br \/>\nSe recomienda aplicar de 2 a 3 gotas sobre la zona deseada. Uso t\u00f3pico.<\/p>\n<p>Presentaci\u00f3n:<br \/>\nEnvase de 10 ml.<\/p>\n","protected":false},"excerpt":{"rendered":"<p>Aceite Natural Oil Blend 10% CBD Origin Aceite nutritivo, calmante y antioxidante. \u00bfQu\u00e9 es el Aceite Natural Oil Blend 10% CBD Origin? Es una mezcla de aceites naturales, aceite de oliva virgen ECO, aceite de semilla de c\u00e1\u00f1amo virgen, aceite de coco natural (MCT), enriquecido con vitamina E y 10% Cannabidiol (935 mg CBD), que &hellip; <\/p>\n<p class=\"link-more\"><a href=\"https:\/\/www.naturclic.com\/?product=aceite-natural-oil-blend-10-cbd-origin-10-ml\" class=\"more-link\">Continue reading<span class=\"screen-reader-text\"> &#8220;Aceite Natural Oil Blend 10% CBD Origin &#8211; 10 ml&#8221;<\/span><\/a><\/p>\n","protected":false},"featured_media":7514,"comment_status":"open","ping_status":"closed","template":"","meta":{"_joinchat":[]},"product_brand":[],"product_cat":[129],"product_tag":[],"class_list":{"0":"post-7513","1":"product","2":"type-product","3":"status-publish","4":"has-post-thumbnail","6":"product_cat-fitoterapia-extracto-liquido","8":"first","9":"instock","10":"taxable","11":"shipping-taxable","12":"purchasable","13":"product-type-simple"},"_links":{"self":[{"href":"https:\/\/www.naturclic.com\/index.php?rest_route=\/wp\/v2\/product\/7513","targetHints":{"allow":["GET"]}}],"collection":[{"href":"https:\/\/www.naturclic.com\/index.php?rest_route=\/wp\/v2\/product"}],"about":[{"href":"https:\/\/www.naturclic.com\/index.php?rest_route=\/wp\/v2\/types\/product"}],"replies":[{"embeddable":true,"href":"https:\/\/www.naturclic.com\/index.php?rest_route=%2Fwp%2Fv2%2Fcomments&post=7513"}],"wp:featuredmedia":[{"embeddable":true,"href":"https:\/\/www.naturclic.com\/index.php?rest_route=\/wp\/v2\/media\/7514"}],"wp:attachment":[{"href":"https:\/\/www.naturclic.com\/index.php?rest_route=%2Fwp%2Fv2%2Fmedia&parent=7513"}],"wp:term":[{"taxonomy":"product_brand","embeddable":true,"href":"https:\/\/www.naturclic.com\/index.php?rest_route=%2Fwp%2Fv2%2Fproduct_brand&post=7513"},{"taxonomy":"product_cat","embeddable":true,"href":"https:\/\/www.naturclic.com\/index.php?rest_route=%2Fwp%2Fv2%2Fproduct_cat&post=7513"},{"taxonomy":"product_tag","embeddable":true,"href":"https:\/\/www.naturclic.com\/index.php?rest_route=%2Fwp%2Fv2%2Fproduct_tag&post=7513"}],"curies":[{"name":"wp","href":"https:\/\/api.w.org\/{rel}","templated":true}]}}