{"id":7792,"date":"2023-05-31T05:28:24","date_gmt":"2023-05-31T03:28:24","guid":{"rendered":"https:\/\/www.naturclic.com\/?post_type=product&#038;p=7792"},"modified":"2023-05-31T05:28:24","modified_gmt":"2023-05-31T03:28:24","slug":"inmune-paleo-60c-paleobull","status":"publish","type":"product","link":"https:\/\/www.naturclic.com\/?product=inmune-paleo-60c-paleobull","title":{"rendered":"Inmune Paleo 60c Paleobull"},"content":{"rendered":"<p>Inmune es un suplemento pensado especialmente para fortalecer el\u00a0<strong>sistema inmunitario<\/strong>\u00a0y ayudar a tus defensas.<\/p>\n<p>Se recomienda tomar 1 c\u00e1psula al d\u00eda, preferiblemente por la ma\u00f1ana.<\/p>\n<h2 class=\"product-rich-descriptive-content-title\">Advertencias<\/h2>\n<p>Inmune es un complemento alimenticio y debe mantenerse fuera del alcance de los ni\u00f1os. En el caso de menores, consultar a un especialista.<\/p>\n","protected":false},"excerpt":{"rendered":"<p>Inmune es un suplemento pensado especialmente para fortalecer el\u00a0sistema inmunitario\u00a0y ayudar a tus defensas. Se recomienda tomar 1 c\u00e1psula al d\u00eda, preferiblemente por la ma\u00f1ana. Advertencias Inmune es un complemento alimenticio y debe mantenerse fuera del alcance de los ni\u00f1os. En el caso de menores, consultar a un especialista.<\/p>\n","protected":false},"featured_media":7793,"comment_status":"open","ping_status":"closed","template":"","meta":{"_joinchat":[]},"product_brand":[],"product_cat":[127],"product_tag":[],"class_list":{"0":"post-7792","1":"product","2":"type-product","3":"status-publish","4":"has-post-thumbnail","6":"product_cat-nutricion-ortomolecular","8":"first","9":"instock","10":"taxable","11":"shipping-taxable","12":"purchasable","13":"product-type-simple"},"_links":{"self":[{"href":"https:\/\/www.naturclic.com\/index.php?rest_route=\/wp\/v2\/product\/7792","targetHints":{"allow":["GET"]}}],"collection":[{"href":"https:\/\/www.naturclic.com\/index.php?rest_route=\/wp\/v2\/product"}],"about":[{"href":"https:\/\/www.naturclic.com\/index.php?rest_route=\/wp\/v2\/types\/product"}],"replies":[{"embeddable":true,"href":"https:\/\/www.naturclic.com\/index.php?rest_route=%2Fwp%2Fv2%2Fcomments&post=7792"}],"wp:featuredmedia":[{"embeddable":true,"href":"https:\/\/www.naturclic.com\/index.php?rest_route=\/wp\/v2\/media\/7793"}],"wp:attachment":[{"href":"https:\/\/www.naturclic.com\/index.php?rest_route=%2Fwp%2Fv2%2Fmedia&parent=7792"}],"wp:term":[{"taxonomy":"product_brand","embeddable":true,"href":"https:\/\/www.naturclic.com\/index.php?rest_route=%2Fwp%2Fv2%2Fproduct_brand&post=7792"},{"taxonomy":"product_cat","embeddable":true,"href":"https:\/\/www.naturclic.com\/index.php?rest_route=%2Fwp%2Fv2%2Fproduct_cat&post=7792"},{"taxonomy":"product_tag","embeddable":true,"href":"https:\/\/www.naturclic.com\/index.php?rest_route=%2Fwp%2Fv2%2Fproduct_tag&post=7792"}],"curies":[{"name":"wp","href":"https:\/\/api.w.org\/{rel}","templated":true}]}}