{"id":7795,"date":"2023-05-31T05:38:21","date_gmt":"2023-05-31T03:38:21","guid":{"rendered":"https:\/\/www.naturclic.com\/?post_type=product&#038;p=7795"},"modified":"2023-05-31T05:38:21","modified_gmt":"2023-05-31T03:38:21","slug":"supramineral-desmodium-250ml-nutergia","status":"publish","type":"product","link":"https:\/\/www.naturclic.com\/?product=supramineral-desmodium-250ml-nutergia","title":{"rendered":"Supramineral Desmodium 250ml Nutergia"},"content":{"rendered":"<p>Supramineral Desmodium de Nutergia es un complemento alimenticio elaborado con\u00a0<em>Desmodium Ascendens<\/em>\u00a0y oligoelementos como el selenio para\u00a0<strong>proteger a las c\u00e9lulas frente al estr\u00e9s oxidativo<\/strong>.<\/p>\n<p><strong><em>Desmodium Ascendens<\/em><\/strong>\u00a0es una planta tradicional africana que favorece el funcionamiento hep\u00e1tico y tiene un efecto ben\u00e9fico en caso de alergias. Adem\u00e1s, tambi\u00e9n entre sus componentes est\u00e1n los\u00a0<strong>oligoelementos marinos<\/strong>\u00a0que completan la f\u00f3rmula. Destaca, en particular, el\u00a0<strong>selenio\u00a0<\/strong>que contribuye al buen funcionamiento del sistema inmunitario.<\/p>\n<p>Supramineral Desmodium es un\u00a0<strong>gran antioxidante<\/strong>\u00a0y un complemento beneficioso para\u00a0<strong>prevenir o aliviar los casos de asma y de alergias<\/strong>. Tambi\u00e9n, ayuda a regenerar y proteger las c\u00e9lulas frente al estr\u00e9s oxidativo.<\/p>\n<h2><strong>Advertencias<\/strong><\/h2>\n<p>Antes de tomar Supramineral Desmodium conviene prestar atenci\u00f3n a las siguientes advertencias:<\/p>\n<ul>\n<li>No se recomienda superar la dosis expresamente recomendada.<\/li>\n<li>Debe mantenerse el producto fuera del alcance de los ni\u00f1os.<\/li>\n<li>No sustituye a una dieta variada y equilibrada.<\/li>\n<\/ul>\n<h2><strong>\u00bfC\u00f3mo tomar Supramineral Desmodium?<\/strong><\/h2>\n<p>Se recomienda tomar de a\u00a0<strong>1 a 2 dosis (tap\u00f3n)<\/strong>\u00a0al d\u00eda en 1\/2 vaso de agua fuera de las comidas. El tratamiento puede durar de 2 a 3 meses.<\/p>\n<h2 class=\"product-rich-descriptive-content-title\">Composici\u00f3n de Supramineral desmodium protector hep\u00e1tico<\/h2>\n<p>Por 20 ml:<\/p>\n<p>Extracto de desmodium (Desmodium adscendens) 600 mg, Selenio (selenita de sodio) 16 mcg.<\/p>\n","protected":false},"excerpt":{"rendered":"<p>Supramineral Desmodium de Nutergia es un complemento alimenticio elaborado con\u00a0Desmodium Ascendens\u00a0y oligoelementos como el selenio para\u00a0proteger a las c\u00e9lulas frente al estr\u00e9s oxidativo. Desmodium Ascendens\u00a0es una planta tradicional africana que favorece el funcionamiento hep\u00e1tico y tiene un efecto ben\u00e9fico en caso de alergias. Adem\u00e1s, tambi\u00e9n entre sus componentes est\u00e1n los\u00a0oligoelementos marinos\u00a0que completan la f\u00f3rmula. Destaca, &hellip; <\/p>\n<p class=\"link-more\"><a href=\"https:\/\/www.naturclic.com\/?product=supramineral-desmodium-250ml-nutergia\" class=\"more-link\">Continue reading<span class=\"screen-reader-text\"> &#8220;Supramineral Desmodium 250ml Nutergia&#8221;<\/span><\/a><\/p>\n","protected":false},"featured_media":7796,"comment_status":"open","ping_status":"closed","template":"","meta":{"_joinchat":[]},"product_brand":[],"product_cat":[129],"product_tag":[],"class_list":{"0":"post-7795","1":"product","2":"type-product","3":"status-publish","4":"has-post-thumbnail","6":"product_cat-fitoterapia-extracto-liquido","8":"first","9":"instock","10":"taxable","11":"shipping-taxable","12":"purchasable","13":"product-type-simple"},"_links":{"self":[{"href":"https:\/\/www.naturclic.com\/index.php?rest_route=\/wp\/v2\/product\/7795","targetHints":{"allow":["GET"]}}],"collection":[{"href":"https:\/\/www.naturclic.com\/index.php?rest_route=\/wp\/v2\/product"}],"about":[{"href":"https:\/\/www.naturclic.com\/index.php?rest_route=\/wp\/v2\/types\/product"}],"replies":[{"embeddable":true,"href":"https:\/\/www.naturclic.com\/index.php?rest_route=%2Fwp%2Fv2%2Fcomments&post=7795"}],"wp:featuredmedia":[{"embeddable":true,"href":"https:\/\/www.naturclic.com\/index.php?rest_route=\/wp\/v2\/media\/7796"}],"wp:attachment":[{"href":"https:\/\/www.naturclic.com\/index.php?rest_route=%2Fwp%2Fv2%2Fmedia&parent=7795"}],"wp:term":[{"taxonomy":"product_brand","embeddable":true,"href":"https:\/\/www.naturclic.com\/index.php?rest_route=%2Fwp%2Fv2%2Fproduct_brand&post=7795"},{"taxonomy":"product_cat","embeddable":true,"href":"https:\/\/www.naturclic.com\/index.php?rest_route=%2Fwp%2Fv2%2Fproduct_cat&post=7795"},{"taxonomy":"product_tag","embeddable":true,"href":"https:\/\/www.naturclic.com\/index.php?rest_route=%2Fwp%2Fv2%2Fproduct_tag&post=7795"}],"curies":[{"name":"wp","href":"https:\/\/api.w.org\/{rel}","templated":true}]}}