{"id":7828,"date":"2023-06-29T16:29:20","date_gmt":"2023-06-29T14:29:20","guid":{"rendered":"https:\/\/www.naturclic.com\/?post_type=product&#038;p=7828"},"modified":"2023-06-29T16:29:20","modified_gmt":"2023-06-29T14:29:20","slug":"cartilago-de-tiburon-750mg-180c-dietmed","status":"publish","type":"product","link":"https:\/\/www.naturclic.com\/?product=cartilago-de-tiburon-750mg-180c-dietmed","title":{"rendered":"Cart\u00edlago de Tibur\u00f3n 750mg 180c Dietmed"},"content":{"rendered":"<p><b>CONTIENE 750 MG DE CART\u00cdLAGO DE TIBUR\u00d3N EN CONFORMIDAD CON LA CONVENCI\u00d3N DE CITES*<\/b><\/p>\n<p>*Comercio Internacional de Especies de Fauna y Flora Silvestres Amenazadas de Extinci\u00f3n<\/p>\n","protected":false},"excerpt":{"rendered":"<p>CONTIENE 750 MG DE CART\u00cdLAGO DE TIBUR\u00d3N EN CONFORMIDAD CON LA CONVENCI\u00d3N DE CITES* *Comercio Internacional de Especies de Fauna y Flora Silvestres Amenazadas de Extinci\u00f3n<\/p>\n","protected":false},"featured_media":7829,"comment_status":"open","ping_status":"closed","template":"","meta":{"_joinchat":[]},"product_brand":[],"product_cat":[127],"product_tag":[],"class_list":{"0":"post-7828","1":"product","2":"type-product","3":"status-publish","4":"has-post-thumbnail","6":"product_cat-nutricion-ortomolecular","8":"first","9":"instock","10":"taxable","11":"shipping-taxable","12":"purchasable","13":"product-type-simple"},"_links":{"self":[{"href":"https:\/\/www.naturclic.com\/index.php?rest_route=\/wp\/v2\/product\/7828","targetHints":{"allow":["GET"]}}],"collection":[{"href":"https:\/\/www.naturclic.com\/index.php?rest_route=\/wp\/v2\/product"}],"about":[{"href":"https:\/\/www.naturclic.com\/index.php?rest_route=\/wp\/v2\/types\/product"}],"replies":[{"embeddable":true,"href":"https:\/\/www.naturclic.com\/index.php?rest_route=%2Fwp%2Fv2%2Fcomments&post=7828"}],"wp:featuredmedia":[{"embeddable":true,"href":"https:\/\/www.naturclic.com\/index.php?rest_route=\/wp\/v2\/media\/7829"}],"wp:attachment":[{"href":"https:\/\/www.naturclic.com\/index.php?rest_route=%2Fwp%2Fv2%2Fmedia&parent=7828"}],"wp:term":[{"taxonomy":"product_brand","embeddable":true,"href":"https:\/\/www.naturclic.com\/index.php?rest_route=%2Fwp%2Fv2%2Fproduct_brand&post=7828"},{"taxonomy":"product_cat","embeddable":true,"href":"https:\/\/www.naturclic.com\/index.php?rest_route=%2Fwp%2Fv2%2Fproduct_cat&post=7828"},{"taxonomy":"product_tag","embeddable":true,"href":"https:\/\/www.naturclic.com\/index.php?rest_route=%2Fwp%2Fv2%2Fproduct_tag&post=7828"}],"curies":[{"name":"wp","href":"https:\/\/api.w.org\/{rel}","templated":true}]}}