{"id":7857,"date":"2023-11-14T21:35:04","date_gmt":"2023-11-14T20:35:04","guid":{"rendered":"https:\/\/www.naturclic.com\/?post_type=product&#038;p=7857"},"modified":"2023-11-14T21:35:04","modified_gmt":"2023-11-14T20:35:04","slug":"disbiosin-15-capsulas-welmont","status":"publish","type":"product","link":"https:\/\/www.naturclic.com\/?product=disbiosin-15-capsulas-welmont","title":{"rendered":"Disbiosin 15 c\u00e1psulas Welmont"},"content":{"rendered":"<div class=\"product-collateral toggle-content tabs\">\n<div class=\"tab-content fullwidth\">\n<div id=\"tab1\" class=\"container tab-pane active\" role=\"tabpanel\">\n<div class=\"content-pane\">\n<div class=\"product-description\">\n<p>Complemento alimenticio que combina prebi\u00f3ticos, probi\u00f3ticos y paraprobi\u00f3ticos. Se puede usar como complemento de los tratamientos, ya que tiene la ventaja de carecer de efectos secundarios o interacciones y es compatible con cualquier medicaci\u00f3n o tratamiento.<\/p>\n<p><strong>Precauciones:<\/strong><br \/>\nLos complementos alimenticios no deben usarse como sustitutos de una dieta equilibrada ni de un modo de vida sano.<br \/>\nNo superar la dosis recomendada.<br \/>\nMantener fuera del alcance de los ni\u00f1os m\u00e1s peque\u00f1os.<\/p>\n<p><strong>Composici\u00f3n:<\/strong><br \/>\nMaltodextrina de ma\u00edz: Inulina: Mezcla de fermentos l\u00e1cticos vivos [L. rhamnosus (SGL 06), L. casei (SGL 15), St. thermophilus (SGSt 01), B. bifidum (SGB 02), S. boulardii (DBVPG 6763)]: c\u00e1psula vegetal en HPMC, colorante: di\u00f3xido de titanio: Mezcla de fermentos l\u00e1cticos no viables [L. ramhamus (SGL 06), L. casei (SGL 15), St. thermophilus (SGSt 01), B. bifidum (SGB 02), B. subtilis (BSGA28), maltodextrina de ma\u00edz]<\/p>\n<p><strong>Modo de empleo:<\/strong><br \/>\nLa dosis m\u00e1xima recomendada es de 2 c\u00e1psulas al d\u00eda.<\/p>\n<\/div>\n<\/div>\n<\/div>\n<\/div>\n<\/div>\n","protected":false},"excerpt":{"rendered":"<p>Complemento alimenticio que combina prebi\u00f3ticos, probi\u00f3ticos y paraprobi\u00f3ticos. Se puede usar como complemento de los tratamientos, ya que tiene la ventaja de carecer de efectos secundarios o interacciones y es compatible con cualquier medicaci\u00f3n o tratamiento. Precauciones: Los complementos alimenticios no deben usarse como sustitutos de una dieta equilibrada ni de un modo de vida &hellip; <\/p>\n<p class=\"link-more\"><a href=\"https:\/\/www.naturclic.com\/?product=disbiosin-15-capsulas-welmont\" class=\"more-link\">Continue reading<span class=\"screen-reader-text\"> &#8220;Disbiosin 15 c\u00e1psulas Welmont&#8221;<\/span><\/a><\/p>\n","protected":false},"featured_media":7858,"comment_status":"open","ping_status":"closed","template":"","meta":{"_joinchat":[]},"product_brand":[],"product_cat":[127],"product_tag":[],"class_list":{"0":"post-7857","1":"product","2":"type-product","3":"status-publish","4":"has-post-thumbnail","6":"product_cat-nutricion-ortomolecular","8":"first","9":"instock","10":"taxable","11":"shipping-taxable","12":"purchasable","13":"product-type-simple"},"_links":{"self":[{"href":"https:\/\/www.naturclic.com\/index.php?rest_route=\/wp\/v2\/product\/7857","targetHints":{"allow":["GET"]}}],"collection":[{"href":"https:\/\/www.naturclic.com\/index.php?rest_route=\/wp\/v2\/product"}],"about":[{"href":"https:\/\/www.naturclic.com\/index.php?rest_route=\/wp\/v2\/types\/product"}],"replies":[{"embeddable":true,"href":"https:\/\/www.naturclic.com\/index.php?rest_route=%2Fwp%2Fv2%2Fcomments&post=7857"}],"wp:featuredmedia":[{"embeddable":true,"href":"https:\/\/www.naturclic.com\/index.php?rest_route=\/wp\/v2\/media\/7858"}],"wp:attachment":[{"href":"https:\/\/www.naturclic.com\/index.php?rest_route=%2Fwp%2Fv2%2Fmedia&parent=7857"}],"wp:term":[{"taxonomy":"product_brand","embeddable":true,"href":"https:\/\/www.naturclic.com\/index.php?rest_route=%2Fwp%2Fv2%2Fproduct_brand&post=7857"},{"taxonomy":"product_cat","embeddable":true,"href":"https:\/\/www.naturclic.com\/index.php?rest_route=%2Fwp%2Fv2%2Fproduct_cat&post=7857"},{"taxonomy":"product_tag","embeddable":true,"href":"https:\/\/www.naturclic.com\/index.php?rest_route=%2Fwp%2Fv2%2Fproduct_tag&post=7857"}],"curies":[{"name":"wp","href":"https:\/\/api.w.org\/{rel}","templated":true}]}}