{"id":7859,"date":"2023-11-14T21:37:46","date_gmt":"2023-11-14T20:37:46","guid":{"rendered":"https:\/\/www.naturclic.com\/?post_type=product&#038;p=7859"},"modified":"2023-11-14T21:37:46","modified_gmt":"2023-11-14T20:37:46","slug":"cistibiot-30-comprimidos-weltmont","status":"publish","type":"product","link":"https:\/\/www.naturclic.com\/?product=cistibiot-30-comprimidos-weltmont","title":{"rendered":"Cistibiot 30 comprimidos Weltmont"},"content":{"rendered":"<p>Complemento alimenticio a base de probi\u00f3ticos tindalizados y Ar\u00e1ndano. Incluye prote\u00ednas estructurales activas de procedencia probi\u00f3tica y que son comunes a la microbiota del tracto urinario inferior. Es compatible con cualquier tratamiento convencional o medicaci\u00f3n.<\/p>\n<p><strong>Precauciones:<\/strong><br \/>\nLos complementos alimenticios no deben usarse como sustitutos de una dieta equilibrada ni de un modo de vida sano.<br \/>\nNo superar la dosis recomendada.<br \/>\nMantener fuera del alcance de los ni\u00f1os m\u00e1s peque\u00f1os.<\/p>\n<p><strong>Composici\u00f3n:<\/strong><br \/>\nMaltodextrina de ma\u00edz: mezcla de fermentos l\u00e1cticos probi\u00f3ticos no viables [S. boulardii (DBVPG6763), L. jensenii (SGL 17), L. gasseri (SGL 09), L. crispatus (6272), St. termophilus (SGSt 01), L. casei (SGL 15), L. rhamnosus (SGL 06), L. plantarum (SGL 07), B. subtilis (BS-GA28): soporte: maltodextrina de ma\u00edz]: agente de recubrimiento: hidroxipropilmetilcelulosa, talco, goma laca alimentaria, colorante (E555, E172): e.s Ar\u00e1ndano tit. 1% en proantocianidinas (Vaccinium Macrocarpum Aiton, fruto: soporte: maltodextrina de ma\u00edz): agente de carga: hidroxipropilmetilcelulosa: antiaglomerantes: sales magn\u00e9sicas de \u00e1cidos grasos, di\u00f3xido de silicio<\/p>\n<p>Por 1 c\u00e1psula:<br \/>\nFermentos l\u00e1cticos probioticos no viables 100 mg<br \/>\n\u2013 Tindalizado (carga inicial)&gt; 85&#215;109 UFC\/g<br \/>\nAr\u00e1ndano e.s 100 mg<\/p>\n<p><strong>Modo de empleo:<\/strong><br \/>\nSe recomienda tomar un m\u00e1ximo de 2 comprimidos al d\u00eda. Tragar con agua sin masticar.<\/p>\n","protected":false},"excerpt":{"rendered":"<p>Complemento alimenticio a base de probi\u00f3ticos tindalizados y Ar\u00e1ndano. Incluye prote\u00ednas estructurales activas de procedencia probi\u00f3tica y que son comunes a la microbiota del tracto urinario inferior. Es compatible con cualquier tratamiento convencional o medicaci\u00f3n. Precauciones: Los complementos alimenticios no deben usarse como sustitutos de una dieta equilibrada ni de un modo de vida sano. &hellip; <\/p>\n<p class=\"link-more\"><a href=\"https:\/\/www.naturclic.com\/?product=cistibiot-30-comprimidos-weltmont\" class=\"more-link\">Continue reading<span class=\"screen-reader-text\"> &#8220;Cistibiot 30 comprimidos Weltmont&#8221;<\/span><\/a><\/p>\n","protected":false},"featured_media":7860,"comment_status":"open","ping_status":"closed","template":"","meta":{"_joinchat":[]},"product_brand":[],"product_cat":[15],"product_tag":[],"class_list":{"0":"post-7859","1":"product","2":"type-product","3":"status-publish","4":"has-post-thumbnail","6":"product_cat-sin-categorizar","8":"first","9":"instock","10":"taxable","11":"shipping-taxable","12":"purchasable","13":"product-type-simple"},"_links":{"self":[{"href":"https:\/\/www.naturclic.com\/index.php?rest_route=\/wp\/v2\/product\/7859","targetHints":{"allow":["GET"]}}],"collection":[{"href":"https:\/\/www.naturclic.com\/index.php?rest_route=\/wp\/v2\/product"}],"about":[{"href":"https:\/\/www.naturclic.com\/index.php?rest_route=\/wp\/v2\/types\/product"}],"replies":[{"embeddable":true,"href":"https:\/\/www.naturclic.com\/index.php?rest_route=%2Fwp%2Fv2%2Fcomments&post=7859"}],"wp:featuredmedia":[{"embeddable":true,"href":"https:\/\/www.naturclic.com\/index.php?rest_route=\/wp\/v2\/media\/7860"}],"wp:attachment":[{"href":"https:\/\/www.naturclic.com\/index.php?rest_route=%2Fwp%2Fv2%2Fmedia&parent=7859"}],"wp:term":[{"taxonomy":"product_brand","embeddable":true,"href":"https:\/\/www.naturclic.com\/index.php?rest_route=%2Fwp%2Fv2%2Fproduct_brand&post=7859"},{"taxonomy":"product_cat","embeddable":true,"href":"https:\/\/www.naturclic.com\/index.php?rest_route=%2Fwp%2Fv2%2Fproduct_cat&post=7859"},{"taxonomy":"product_tag","embeddable":true,"href":"https:\/\/www.naturclic.com\/index.php?rest_route=%2Fwp%2Fv2%2Fproduct_tag&post=7859"}],"curies":[{"name":"wp","href":"https:\/\/api.w.org\/{rel}","templated":true}]}}