{"id":7887,"date":"2024-02-21T22:49:04","date_gmt":"2024-02-21T21:49:04","guid":{"rendered":"https:\/\/www.naturclic.com\/?post_type=product&#038;p=7887"},"modified":"2024-08-12T15:51:22","modified_gmt":"2024-08-12T13:51:22","slug":"vitamina-d3-4000ui-suravitasan","status":"publish","type":"product","link":"https:\/\/www.naturclic.com\/?product=vitamina-d3-4000ui-suravitasan","title":{"rendered":"Vitamina D3 4000ui SuraVitasan"},"content":{"rendered":"<p>Complemento alimenticio a base de Vitamina D3 (colecalciferol) aportando 100 mcg (4.000 UI) por gota.<\/p>\n<p><em><em id=\"juntar-linea\">Declaraciones saludables\u00a0<\/em><\/em><em>(Reglamento UE N\u00ba 432\/2012):\u00a0<\/em><em>La Vitamina D3 contribuye a la absorci\u00f3n y utilizaci\u00f3n normal del calcio y el f\u00f3sforo. Ayuda a mantener niveles normales de\u00a0<strong>calcio<\/strong>\u00a0en sangre y contribuye al mantenimiento de los\u00a0<strong>huesos<\/strong>\u00a0y\u00a0<strong>dientes<\/strong>\u00a0en condiciones normales. Apoya el funcionamiento normal de los\u00a0<strong>m\u00fasculos y del sistema inmunitario<\/strong>\u00a0y contribuye al proceso de divisi\u00f3n celular.<\/em><\/p>\n","protected":false},"excerpt":{"rendered":"<p>Complemento alimenticio a base de Vitamina D3 (colecalciferol) aportando 100 mcg (4.000 UI) por gota. Declaraciones saludables\u00a0(Reglamento UE N\u00ba 432\/2012):\u00a0La Vitamina D3 contribuye a la absorci\u00f3n y utilizaci\u00f3n normal del calcio y el f\u00f3sforo. Ayuda a mantener niveles normales de\u00a0calcio\u00a0en sangre y contribuye al mantenimiento de los\u00a0huesos\u00a0y\u00a0dientes\u00a0en condiciones normales. Apoya el funcionamiento normal de los\u00a0m\u00fasculos &hellip; <\/p>\n<p class=\"link-more\"><a href=\"https:\/\/www.naturclic.com\/?product=vitamina-d3-4000ui-suravitasan\" class=\"more-link\">Continue reading<span class=\"screen-reader-text\"> &#8220;Vitamina D3 4000ui SuraVitasan&#8221;<\/span><\/a><\/p>\n","protected":false},"featured_media":7888,"comment_status":"open","ping_status":"closed","template":"","meta":{"_joinchat":[]},"product_brand":[],"product_cat":[15],"product_tag":[],"class_list":{"0":"post-7887","1":"product","2":"type-product","3":"status-publish","4":"has-post-thumbnail","6":"product_cat-sin-categorizar","8":"first","9":"instock","10":"taxable","11":"shipping-taxable","12":"purchasable","13":"product-type-simple"},"_links":{"self":[{"href":"https:\/\/www.naturclic.com\/index.php?rest_route=\/wp\/v2\/product\/7887","targetHints":{"allow":["GET"]}}],"collection":[{"href":"https:\/\/www.naturclic.com\/index.php?rest_route=\/wp\/v2\/product"}],"about":[{"href":"https:\/\/www.naturclic.com\/index.php?rest_route=\/wp\/v2\/types\/product"}],"replies":[{"embeddable":true,"href":"https:\/\/www.naturclic.com\/index.php?rest_route=%2Fwp%2Fv2%2Fcomments&post=7887"}],"wp:featuredmedia":[{"embeddable":true,"href":"https:\/\/www.naturclic.com\/index.php?rest_route=\/wp\/v2\/media\/7888"}],"wp:attachment":[{"href":"https:\/\/www.naturclic.com\/index.php?rest_route=%2Fwp%2Fv2%2Fmedia&parent=7887"}],"wp:term":[{"taxonomy":"product_brand","embeddable":true,"href":"https:\/\/www.naturclic.com\/index.php?rest_route=%2Fwp%2Fv2%2Fproduct_brand&post=7887"},{"taxonomy":"product_cat","embeddable":true,"href":"https:\/\/www.naturclic.com\/index.php?rest_route=%2Fwp%2Fv2%2Fproduct_cat&post=7887"},{"taxonomy":"product_tag","embeddable":true,"href":"https:\/\/www.naturclic.com\/index.php?rest_route=%2Fwp%2Fv2%2Fproduct_tag&post=7887"}],"curies":[{"name":"wp","href":"https:\/\/api.w.org\/{rel}","templated":true}]}}