{"id":7897,"date":"2024-02-21T23:17:54","date_gmt":"2024-02-21T22:17:54","guid":{"rendered":"https:\/\/www.naturclic.com\/?post_type=product&#038;p=7897"},"modified":"2024-02-21T23:17:54","modified_gmt":"2024-02-21T22:17:54","slug":"colageno-multi-max-5-330g-suravitasan","status":"publish","type":"product","link":"https:\/\/www.naturclic.com\/?product=colageno-multi-max-5-330g-suravitasan","title":{"rendered":"Col\u00e1geno Multi Max 5 330g SuraVitasan"},"content":{"rendered":"<div class=\"product-name\">\n<h1>Col\u00e1geno Multi Max 5<\/h1>\n<\/div>\n<div class=\"short-description\">\n<div class=\"std justified\">\n<div>\n<p>Potente mezcla de col\u00e1genos reforzada con vitaminas, minerales y nutrac\u00e9uticos. Col\u00e1geno MultiMax 5 de SuraVitasan contiene 5 tipos de p\u00e9ptidos de col\u00e1geno bioactivos (tipos I, II, III, V y X) presentes principalmente en huesos, tendones, cart\u00edlagos y piel.<\/p>\n<div>\n<p><em><strong>DECLARACIONES SALUDABLES (Reglamento UE N\u00ba 432\/2012):<\/strong><\/em><\/p>\n<p><em>La vitamina C contribuye a la formaci\u00f3n normal de col\u00e1geno para el funcionamiento normal de los vasos sangu\u00edneos, huesos, cart\u00edlagos y piel. El magnesio ayuda a disminuir el cansancio y la fatiga, al funcionamiento normal de los m\u00fasculos, a la s\u00edntesis proteica normal, al mantenimiento de los huesos en condiciones normales y al metabolismo energ\u00e9tico normal. El cobre contribuye al mantenimiento del tejido conectivo en condiciones normales y al funcionamiento normal del sistema inmunitario.<\/em><\/p>\n<\/div>\n<\/div>\n<\/div>\n<\/div>\n","protected":false},"excerpt":{"rendered":"<p>Col\u00e1geno Multi Max 5 Potente mezcla de col\u00e1genos reforzada con vitaminas, minerales y nutrac\u00e9uticos. Col\u00e1geno MultiMax 5 de SuraVitasan contiene 5 tipos de p\u00e9ptidos de col\u00e1geno bioactivos (tipos I, II, III, V y X) presentes principalmente en huesos, tendones, cart\u00edlagos y piel. DECLARACIONES SALUDABLES (Reglamento UE N\u00ba 432\/2012): La vitamina C contribuye a la formaci\u00f3n &hellip; <\/p>\n<p class=\"link-more\"><a href=\"https:\/\/www.naturclic.com\/?product=colageno-multi-max-5-330g-suravitasan\" class=\"more-link\">Continue reading<span class=\"screen-reader-text\"> &#8220;Col\u00e1geno Multi Max 5 330g SuraVitasan&#8221;<\/span><\/a><\/p>\n","protected":false},"featured_media":7898,"comment_status":"open","ping_status":"closed","template":"","meta":{"_joinchat":[]},"product_brand":[],"product_cat":[127,126],"product_tag":[],"class_list":{"0":"post-7897","1":"product","2":"type-product","3":"status-publish","4":"has-post-thumbnail","6":"product_cat-nutricion-ortomolecular","7":"product_cat-suplementos-naturales","9":"first","10":"instock","11":"taxable","12":"shipping-taxable","13":"purchasable","14":"product-type-simple"},"_links":{"self":[{"href":"https:\/\/www.naturclic.com\/index.php?rest_route=\/wp\/v2\/product\/7897","targetHints":{"allow":["GET"]}}],"collection":[{"href":"https:\/\/www.naturclic.com\/index.php?rest_route=\/wp\/v2\/product"}],"about":[{"href":"https:\/\/www.naturclic.com\/index.php?rest_route=\/wp\/v2\/types\/product"}],"replies":[{"embeddable":true,"href":"https:\/\/www.naturclic.com\/index.php?rest_route=%2Fwp%2Fv2%2Fcomments&post=7897"}],"wp:featuredmedia":[{"embeddable":true,"href":"https:\/\/www.naturclic.com\/index.php?rest_route=\/wp\/v2\/media\/7898"}],"wp:attachment":[{"href":"https:\/\/www.naturclic.com\/index.php?rest_route=%2Fwp%2Fv2%2Fmedia&parent=7897"}],"wp:term":[{"taxonomy":"product_brand","embeddable":true,"href":"https:\/\/www.naturclic.com\/index.php?rest_route=%2Fwp%2Fv2%2Fproduct_brand&post=7897"},{"taxonomy":"product_cat","embeddable":true,"href":"https:\/\/www.naturclic.com\/index.php?rest_route=%2Fwp%2Fv2%2Fproduct_cat&post=7897"},{"taxonomy":"product_tag","embeddable":true,"href":"https:\/\/www.naturclic.com\/index.php?rest_route=%2Fwp%2Fv2%2Fproduct_tag&post=7897"}],"curies":[{"name":"wp","href":"https:\/\/api.w.org\/{rel}","templated":true}]}}