{"id":7938,"date":"2024-05-27T21:17:24","date_gmt":"2024-05-27T19:17:24","guid":{"rendered":"https:\/\/www.naturclic.com\/?post_type=product&#038;p=7938"},"modified":"2024-05-27T21:17:24","modified_gmt":"2024-05-27T19:17:24","slug":"azafran-60c-suravitasan","status":"publish","type":"product","link":"https:\/\/www.naturclic.com\/?product=azafran-60c-suravitasan","title":{"rendered":"Azafr\u00e1n 60c SuraVitasan"},"content":{"rendered":"<p>Azafr\u00e1n<br \/>\nEl azafr\u00e1n es una especia derivada de los estigmas y estilos secos de la flor de Crocus sativus. Los principales compuestos bioactivos de los estigmas del azafr\u00e1n son: crocinas, crocetina, picrocrocina y safranal. Adem\u00e1s, el azafr\u00e1n tambi\u00e9n contiene otros componentes activos como: carotenoides, zeaxantina, licopeno, betacaroteno y polisac\u00e1ridos. El azafr\u00e1n, adem\u00e1s de su uso culinario, se ha utilizado en la medicina tradicional, entre otros usos, para promover un equilibrio saludable del estado de \u00e1nimo.<\/p>\n<p>Azafr\u00e1n de SuraVitasan proporciona extracto de estigmas de azafr\u00e1n (Crocus sativus) (affron\u00ae) cl\u00ednicamente estudiado de la m\u00e1s alta calidad. Nuestro extracto de azafr\u00e1n est\u00e1 estandarizado al 3,5% en Lepticrosalides\u00ae, por HPLC. Lepticrosalides\u00ae es una combinaci\u00f3n patentada de las sustancias activas del azafr\u00e1n: crocina, safranal y picrocrocina.<\/p>\n<p>La calidad de affron\u00ae reside en sus or\u00edgenes, cultivado en campos de Castilla-La Mancha, la selecci\u00f3n de la especie Crocus sativus L. y el exclusivo proceso patentado de extracci\u00f3n a baja temperatura que permite preservar los compuesto bioactivos, con un coste energ\u00e9tico m\u00ednimo.<\/p>\n<p>DECLARACIONES SALUDABLES (Reglamento UE N\u00ba 432\/2012):<\/p>\n<p>Crocus sativus contribuye al equilibrio emocional, a la relajaci\u00f3n y a mantener un estado de \u00e1nimo positivo. (EFSA On hold: 2038)<\/p>\n","protected":false},"excerpt":{"rendered":"<p>Azafr\u00e1n El azafr\u00e1n es una especia derivada de los estigmas y estilos secos de la flor de Crocus sativus. Los principales compuestos bioactivos de los estigmas del azafr\u00e1n son: crocinas, crocetina, picrocrocina y safranal. Adem\u00e1s, el azafr\u00e1n tambi\u00e9n contiene otros componentes activos como: carotenoides, zeaxantina, licopeno, betacaroteno y polisac\u00e1ridos. El azafr\u00e1n, adem\u00e1s de su uso &hellip; <\/p>\n<p class=\"link-more\"><a href=\"https:\/\/www.naturclic.com\/?product=azafran-60c-suravitasan\" class=\"more-link\">Continue reading<span class=\"screen-reader-text\"> &#8220;Azafr\u00e1n 60c SuraVitasan&#8221;<\/span><\/a><\/p>\n","protected":false},"featured_media":7939,"comment_status":"open","ping_status":"closed","template":"","meta":{"_joinchat":[]},"product_brand":[],"product_cat":[15],"product_tag":[],"class_list":{"0":"post-7938","1":"product","2":"type-product","3":"status-publish","4":"has-post-thumbnail","6":"product_cat-sin-categorizar","8":"first","9":"instock","10":"taxable","11":"shipping-taxable","12":"purchasable","13":"product-type-simple"},"_links":{"self":[{"href":"https:\/\/www.naturclic.com\/index.php?rest_route=\/wp\/v2\/product\/7938","targetHints":{"allow":["GET"]}}],"collection":[{"href":"https:\/\/www.naturclic.com\/index.php?rest_route=\/wp\/v2\/product"}],"about":[{"href":"https:\/\/www.naturclic.com\/index.php?rest_route=\/wp\/v2\/types\/product"}],"replies":[{"embeddable":true,"href":"https:\/\/www.naturclic.com\/index.php?rest_route=%2Fwp%2Fv2%2Fcomments&post=7938"}],"wp:featuredmedia":[{"embeddable":true,"href":"https:\/\/www.naturclic.com\/index.php?rest_route=\/wp\/v2\/media\/7939"}],"wp:attachment":[{"href":"https:\/\/www.naturclic.com\/index.php?rest_route=%2Fwp%2Fv2%2Fmedia&parent=7938"}],"wp:term":[{"taxonomy":"product_brand","embeddable":true,"href":"https:\/\/www.naturclic.com\/index.php?rest_route=%2Fwp%2Fv2%2Fproduct_brand&post=7938"},{"taxonomy":"product_cat","embeddable":true,"href":"https:\/\/www.naturclic.com\/index.php?rest_route=%2Fwp%2Fv2%2Fproduct_cat&post=7938"},{"taxonomy":"product_tag","embeddable":true,"href":"https:\/\/www.naturclic.com\/index.php?rest_route=%2Fwp%2Fv2%2Fproduct_tag&post=7938"}],"curies":[{"name":"wp","href":"https:\/\/api.w.org\/{rel}","templated":true}]}}