{"id":7970,"date":"2024-08-07T12:58:24","date_gmt":"2024-08-07T10:58:24","guid":{"rendered":"https:\/\/www.naturclic.com\/?post_type=product&#038;p=7970"},"modified":"2024-08-07T12:58:24","modified_gmt":"2024-08-07T10:58:24","slug":"vitamina-k2-d3-15ml-suravitasan","status":"publish","type":"product","link":"https:\/\/www.naturclic.com\/?product=vitamina-k2-d3-15ml-suravitasan","title":{"rendered":"Vitamina k2 + d3 15ml SuraVitasan"},"content":{"rendered":"<p>Cada dosis diaria de Vitamina K2+D3 de Sura Vitasan aporta 120 \u00b5g de vitamina K2 como menaquinona-7 y 1.000 UI de vitamina D3 (colecalciferol), formulada en una matriz de triglic\u00e9ridos de cadena media. Este t\u00e1ndem de nutrientes es fundamental para el mantenimiento de la salud \u00f3sea. La importancia de una dieta adecuada calcio para la salud \u00f3sea es bien conocida, sin embargo, las investigaciones sobre la absorci\u00f3n del calcio ha identificado que las vitaminas biol\u00f3gicamente activas K2 y D3 son factores cr\u00edticos para la formaci\u00f3n y renovaci\u00f3n de los huesos.<\/p>\n<p>Declaraciones saludables (Reglamento UE N\u00ba 432\/2012): La vitamina K contribuye a la coagulaci\u00f3n sangu\u00ednea normal y al mantenimiento de los huesos en condiciones normales. La vitamina D contribuye a la absorci\u00f3n y utilizaci\u00f3n normal del calcio y el f\u00f3sforo, al mantenimiento de niveles normales de calcio en sangre, al mantenimiento de los huesos en condiciones normales, al funcionamiento normal de los m\u00fasculos, al mantenimiento de los dientes en condiciones normales, al funcionamiento normal del sistema inmunitario y al proceso de divisi\u00f3n celular.<\/p>\n<p>Ovolactovegetariano, Sin gluten, Sin l\u00e1cteos<\/p>\n<p>Origen animal: Vitamina D3 (lanolina oveja)<\/p>\n","protected":false},"excerpt":{"rendered":"<p>Vitamina K2+D3<br \/>\nCada dosis diaria de Vitamina K2+D3 de Sura Vitasan aporta 120 \u00b5g de vitamina K2 como menaquinona-7 y 1.000 UI de vitamina D3 (colecalciferol), formulada en una matriz de triglic\u00e9ridos de cadena media. Este t\u00e1ndem de nutrientes es fundamental para el mantenimiento de la salud \u00f3sea. La importancia de una dieta adecuada calcio para la salud \u00f3sea es bien conocida, sin embargo, las investigaciones sobre la absorci\u00f3n del calcio ha identificado que las vitaminas biol\u00f3gicamente activas K2 y D3 son factores cr\u00edticos para la formaci\u00f3n y renovaci\u00f3n de los huesos.<\/p>\n<p>Declaraciones saludables (Reglamento UE N\u00ba 432\/2012): La vitamina K contribuye a la coagulaci\u00f3n sangu\u00ednea normal y al mantenimiento de los huesos en condiciones normales. La vitamina D contribuye a la absorci\u00f3n y utilizaci\u00f3n normal del calcio y el f\u00f3sforo, al mantenimiento de niveles normales de calcio en sangre, al mantenimiento de los huesos en condiciones normales, al funcionamiento normal de los m\u00fasculos, al mantenimiento de los dientes en condiciones normales, al funcionamiento normal del sistema inmunitario y al proceso de divisi\u00f3n celular.<\/p>\n<p>Ovolactovegetariano, Sin gluten, Sin l\u00e1cteos<\/p>\n<p>Origen animal: Vitamina D3 (lanolina oveja)<\/p>\n","protected":false},"featured_media":7971,"comment_status":"open","ping_status":"closed","template":"","meta":{"_joinchat":[]},"product_brand":[],"product_cat":[15],"product_tag":[],"class_list":{"0":"post-7970","1":"product","2":"type-product","3":"status-publish","4":"has-post-thumbnail","6":"product_cat-sin-categorizar","8":"first","9":"instock","10":"taxable","11":"shipping-taxable","12":"purchasable","13":"product-type-simple"},"_links":{"self":[{"href":"https:\/\/www.naturclic.com\/index.php?rest_route=\/wp\/v2\/product\/7970","targetHints":{"allow":["GET"]}}],"collection":[{"href":"https:\/\/www.naturclic.com\/index.php?rest_route=\/wp\/v2\/product"}],"about":[{"href":"https:\/\/www.naturclic.com\/index.php?rest_route=\/wp\/v2\/types\/product"}],"replies":[{"embeddable":true,"href":"https:\/\/www.naturclic.com\/index.php?rest_route=%2Fwp%2Fv2%2Fcomments&post=7970"}],"wp:featuredmedia":[{"embeddable":true,"href":"https:\/\/www.naturclic.com\/index.php?rest_route=\/wp\/v2\/media\/7971"}],"wp:attachment":[{"href":"https:\/\/www.naturclic.com\/index.php?rest_route=%2Fwp%2Fv2%2Fmedia&parent=7970"}],"wp:term":[{"taxonomy":"product_brand","embeddable":true,"href":"https:\/\/www.naturclic.com\/index.php?rest_route=%2Fwp%2Fv2%2Fproduct_brand&post=7970"},{"taxonomy":"product_cat","embeddable":true,"href":"https:\/\/www.naturclic.com\/index.php?rest_route=%2Fwp%2Fv2%2Fproduct_cat&post=7970"},{"taxonomy":"product_tag","embeddable":true,"href":"https:\/\/www.naturclic.com\/index.php?rest_route=%2Fwp%2Fv2%2Fproduct_tag&post=7970"}],"curies":[{"name":"wp","href":"https:\/\/api.w.org\/{rel}","templated":true}]}}