{"id":7984,"date":"2024-08-14T13:27:04","date_gmt":"2024-08-14T11:27:04","guid":{"rendered":"https:\/\/www.naturclic.com\/?post_type=product&#038;p=7984"},"modified":"2024-08-14T13:27:04","modified_gmt":"2024-08-14T11:27:04","slug":"aid-inflam-90cap-suravitasan","status":"publish","type":"product","link":"https:\/\/www.naturclic.com\/?product=aid-inflam-90cap-suravitasan","title":{"rendered":"Aid-Inflam 90cap SuraVitasan"},"content":{"rendered":"<p><strong>Aid-Inflam<\/strong>\u00a0es una f\u00f3rmula que utiliza ingredientes de la m\u00e1s alta calidad donde se combinan sin\u00e9rgicamente los extractos m\u00e1s potentes de\u00a0<em>Boswelia serrata<\/em>, C\u00farcuma y Quercitina junto a la Bromelina.<\/p>\n<p><em id=\"juntar-linea\">Declaraciones saludables:\u00a0<\/em><em>La\u00a0<strong>c\u00farcuma<\/strong>\u00a0ayuda a mantener la salud del sistema inmunitario y la protecci\u00f3n de las c\u00e9lulas frente al da\u00f1o oxidativo. La\u00a0<strong>Boswellia serrata<\/strong>\u00a0puede ayudar a mantener el confort de las<strong>\u00a0articulaciones<\/strong>.<\/em><\/p>\n<p>&nbsp;<\/p>\n<hr \/>\n<p><strong>Vegano, Ovolactovegetariano, Sin gluten, Sin l\u00e1cteos<\/strong><\/p>\n","protected":false},"excerpt":{"rendered":"<p><strong>Aid-Inflam<\/strong>\u00a0es una f\u00f3rmula que utiliza ingredientes de la m\u00e1s alta calidad donde se combinan sin\u00e9rgicamente los extractos m\u00e1s potentes de\u00a0<em>Boswelia serrata<\/em>, C\u00farcuma y Quercitina junto a la Bromelina.<\/p>\n<p><em id=\"juntar-linea\">Declaraciones saludables:\u00a0<\/em><em>La\u00a0<strong>c\u00farcuma<\/strong>\u00a0ayuda a mantener la salud del sistema inmunitario y la protecci\u00f3n de las c\u00e9lulas frente al da\u00f1o oxidativo. La\u00a0<strong>Boswellia serrata<\/strong>\u00a0puede ayudar a mantener el confort de las<strong>\u00a0articulaciones<\/strong>.<\/em><\/p>\n<p>&nbsp;<\/p>\n<hr \/>\n<p><strong>Vegano, Ovolactovegetariano, Sin gluten, Sin l\u00e1cteos<\/strong><\/p>\n","protected":false},"featured_media":7985,"comment_status":"open","ping_status":"closed","template":"","meta":{"_joinchat":[]},"product_brand":[],"product_cat":[126],"product_tag":[],"class_list":{"0":"post-7984","1":"product","2":"type-product","3":"status-publish","4":"has-post-thumbnail","6":"product_cat-suplementos-naturales","8":"first","9":"instock","10":"taxable","11":"shipping-taxable","12":"purchasable","13":"product-type-simple"},"_links":{"self":[{"href":"https:\/\/www.naturclic.com\/index.php?rest_route=\/wp\/v2\/product\/7984","targetHints":{"allow":["GET"]}}],"collection":[{"href":"https:\/\/www.naturclic.com\/index.php?rest_route=\/wp\/v2\/product"}],"about":[{"href":"https:\/\/www.naturclic.com\/index.php?rest_route=\/wp\/v2\/types\/product"}],"replies":[{"embeddable":true,"href":"https:\/\/www.naturclic.com\/index.php?rest_route=%2Fwp%2Fv2%2Fcomments&post=7984"}],"wp:featuredmedia":[{"embeddable":true,"href":"https:\/\/www.naturclic.com\/index.php?rest_route=\/wp\/v2\/media\/7985"}],"wp:attachment":[{"href":"https:\/\/www.naturclic.com\/index.php?rest_route=%2Fwp%2Fv2%2Fmedia&parent=7984"}],"wp:term":[{"taxonomy":"product_brand","embeddable":true,"href":"https:\/\/www.naturclic.com\/index.php?rest_route=%2Fwp%2Fv2%2Fproduct_brand&post=7984"},{"taxonomy":"product_cat","embeddable":true,"href":"https:\/\/www.naturclic.com\/index.php?rest_route=%2Fwp%2Fv2%2Fproduct_cat&post=7984"},{"taxonomy":"product_tag","embeddable":true,"href":"https:\/\/www.naturclic.com\/index.php?rest_route=%2Fwp%2Fv2%2Fproduct_tag&post=7984"}],"curies":[{"name":"wp","href":"https:\/\/api.w.org\/{rel}","templated":true}]}}