{"id":7987,"date":"2024-08-14T13:32:00","date_gmt":"2024-08-14T11:32:00","guid":{"rendered":"https:\/\/www.naturclic.com\/?post_type=product&#038;p=7987"},"modified":"2024-08-14T13:32:00","modified_gmt":"2024-08-14T11:32:00","slug":"astragalus-30cap-suravitasan","status":"publish","type":"product","link":"https:\/\/www.naturclic.com\/?product=astragalus-30cap-suravitasan","title":{"rendered":"Astr\u00e1galus 30cap SuraVitasan"},"content":{"rendered":"<p>La\u00a0<strong>ra\u00edz de Astr\u00e1galo<\/strong>\u00a0(<em>Astragalus membranaceus<\/em>) es una planta utilizada tradicionalmente en China y el este de Asia. Sus principios activos comprenden una combinaci\u00f3n de polisac\u00e1ridos, triterpenos, gluc\u00f3sidos, flavonoides, amino\u00e1cidos y minerales traza. El Astr\u00e1galo de Sura Vitasan es un extracto estandarizado que garantiza un 16% de\u00a0<strong>polisac\u00e1ridos<\/strong>. Cada c\u00e1psula aporta\u00a0<strong>500 mg\u00a0<\/strong>de un extracto de<strong>\u00a0ra\u00edz de astr\u00e1galo\u00a0<\/strong>que equivale a 8.000 mg de ra\u00edz, por lo que nuestra presentaci\u00f3n es una de \u00a0las m\u00e1s potentes del mercado.<\/p>\n<hr \/>\n<p><strong>Vegano, Ovolactovegetariano, Sin gluten, Sin l\u00e1cteos<\/strong><\/p>\n","protected":false},"excerpt":{"rendered":"<p>La\u00a0<strong>ra\u00edz de Astr\u00e1galo<\/strong>\u00a0(<em>Astragalus membranaceus<\/em>) es una planta utilizada tradicionalmente en China y el este de Asia. Sus principios activos comprenden una combinaci\u00f3n de polisac\u00e1ridos, triterpenos, gluc\u00f3sidos, flavonoides, amino\u00e1cidos y minerales traza. El Astr\u00e1galo de Sura Vitasan es un extracto estandarizado que garantiza un 16% de\u00a0<strong>polisac\u00e1ridos<\/strong>. Cada c\u00e1psula aporta\u00a0<strong>500 mg\u00a0<\/strong>de un extracto de<strong>\u00a0ra\u00edz de astr\u00e1galo\u00a0<\/strong>que equivale a 8.000 mg de ra\u00edz, por lo que nuestra presentaci\u00f3n es una de \u00a0las m\u00e1s potentes del mercado.<\/p>\n<hr \/>\n<p><strong>Vegano, Ovolactovegetariano, Sin gluten, Sin l\u00e1cteos<\/strong><\/p>\n","protected":false},"featured_media":7988,"comment_status":"open","ping_status":"closed","template":"","meta":{"_joinchat":[]},"product_brand":[],"product_cat":[126],"product_tag":[],"class_list":{"0":"post-7987","1":"product","2":"type-product","3":"status-publish","4":"has-post-thumbnail","6":"product_cat-suplementos-naturales","8":"first","9":"instock","10":"taxable","11":"shipping-taxable","12":"purchasable","13":"product-type-simple"},"_links":{"self":[{"href":"https:\/\/www.naturclic.com\/index.php?rest_route=\/wp\/v2\/product\/7987","targetHints":{"allow":["GET"]}}],"collection":[{"href":"https:\/\/www.naturclic.com\/index.php?rest_route=\/wp\/v2\/product"}],"about":[{"href":"https:\/\/www.naturclic.com\/index.php?rest_route=\/wp\/v2\/types\/product"}],"replies":[{"embeddable":true,"href":"https:\/\/www.naturclic.com\/index.php?rest_route=%2Fwp%2Fv2%2Fcomments&post=7987"}],"wp:featuredmedia":[{"embeddable":true,"href":"https:\/\/www.naturclic.com\/index.php?rest_route=\/wp\/v2\/media\/7988"}],"wp:attachment":[{"href":"https:\/\/www.naturclic.com\/index.php?rest_route=%2Fwp%2Fv2%2Fmedia&parent=7987"}],"wp:term":[{"taxonomy":"product_brand","embeddable":true,"href":"https:\/\/www.naturclic.com\/index.php?rest_route=%2Fwp%2Fv2%2Fproduct_brand&post=7987"},{"taxonomy":"product_cat","embeddable":true,"href":"https:\/\/www.naturclic.com\/index.php?rest_route=%2Fwp%2Fv2%2Fproduct_cat&post=7987"},{"taxonomy":"product_tag","embeddable":true,"href":"https:\/\/www.naturclic.com\/index.php?rest_route=%2Fwp%2Fv2%2Fproduct_tag&post=7987"}],"curies":[{"name":"wp","href":"https:\/\/api.w.org\/{rel}","templated":true}]}}