{"id":7989,"date":"2024-08-14T13:38:23","date_gmt":"2024-08-14T11:38:23","guid":{"rendered":"https:\/\/www.naturclic.com\/?post_type=product&#038;p=7989"},"modified":"2024-08-14T13:38:23","modified_gmt":"2024-08-14T11:38:23","slug":"beta-caroteno-90perlas-suravitasan","status":"publish","type":"product","link":"https:\/\/www.naturclic.com\/?product=beta-caroteno-90perlas-suravitasan","title":{"rendered":"Beta-Caroteno 90perlas SuraVitasan"},"content":{"rendered":"<p><strong>Beta-Caroteno<\/strong>\u00a0es un complejo de carotenoides mixtos\u00a0<strong>100 % natural<\/strong>\u00a0extra\u00eddos del aceite crudo de palma roja (<em>Elaeis guineensis<\/em>),\u00a0que la mayor fuente natural de carotenos (equivalentes de retinol). Contiene aproximadamente entre 15 y 300 veces m\u00e1s equivalentes de retinol que la zanahoria o el tomate.\u00a0El complejo de carotenoides mixtos de acite de palma crudo contiene aproximadamente un 33 % de \u03b1-caroteno y un 65 % de \u03b2-caroteno, adem\u00e1s de otros carotenoides (gama-caroteno, licopeno, etc.).\u00a0El\u00a0<strong>\u03b1-caroteno<\/strong>\u00a0y el\u00a0<strong>\u03b2-caroteno<\/strong>\u00a0act\u00faan de forma sin\u00e9rgica ofreciendo mayores beneficios para la salud, en comparaci\u00f3n con el \u03b2-caroteno s\u00f3lo.\u00a0Nuestra formulaci\u00f3n presenta una de las m\u00e1s altas concentraciones en betacaroteno como precursor de la\u00a0<strong>vitamina A<\/strong>\u00a0en combinaci\u00f3n con otros carotenos adicionales.<\/p>\n<p><em>Declaraciones saludables\u00a0<\/em><em>(Reglamento UE N\u00ba 432\/2012):\u00a0<\/em><em>La\u00a0<strong>vitamina A<\/strong>\u00a0contribuye al metabolismo normal del hierro y al mantenimiento de las\u00a0<strong>mucosas<\/strong>, la\u00a0<strong>piel<\/strong>\u00a0y la\u00a0<strong>visi\u00f3n<\/strong>\u00a0en condiciones normales as\u00ed como a apoyar el funcionamiento normal del\u00a0<strong>sistema inmunitario<\/strong>\u00a0y el proceso de diferenciaci\u00f3n celular.<\/em><\/p>\n<p>&nbsp;<\/p>\n<hr \/>\n<p>&nbsp;<\/p>\n<p><strong>Sin gluten, Sin l\u00e1cteos<\/strong><\/p>\n<p><strong>Origen animal: gelatina bovina (perla)<\/strong><\/p>\n","protected":false},"excerpt":{"rendered":"<p><strong>Beta-Caroteno<\/strong>\u00a0es un complejo de carotenoides mixtos\u00a0<strong>100 % natural<\/strong>\u00a0extra\u00eddos del aceite crudo de palma roja (<em>Elaeis guineensis<\/em>),\u00a0que la mayor fuente natural de carotenos (equivalentes de retinol). Contiene aproximadamente entre 15 y 300 veces m\u00e1s equivalentes de retinol que la zanahoria o el tomate.\u00a0El complejo de carotenoides mixtos de acite de palma crudo contiene aproximadamente un 33 % de \u03b1-caroteno y un 65 % de \u03b2-caroteno, adem\u00e1s de otros carotenoides (gama-caroteno, licopeno, etc.).\u00a0El\u00a0<strong>\u03b1-caroteno<\/strong>\u00a0y el\u00a0<strong>\u03b2-caroteno<\/strong>\u00a0act\u00faan de forma sin\u00e9rgica ofreciendo mayores beneficios para la salud, en comparaci\u00f3n con el \u03b2-caroteno s\u00f3lo.\u00a0Nuestra formulaci\u00f3n presenta una de las m\u00e1s altas concentraciones en betacaroteno como precursor de la\u00a0<strong>vitamina A<\/strong>\u00a0en combinaci\u00f3n con otros carotenos adicionales.<\/p>\n<p><em>Declaraciones saludables\u00a0<\/em><em>(Reglamento UE N\u00ba 432\/2012):\u00a0<\/em><em>La\u00a0<strong>vitamina A<\/strong>\u00a0contribuye al metabolismo normal del hierro y al mantenimiento de las\u00a0<strong>mucosas<\/strong>, la\u00a0<strong>piel<\/strong>\u00a0y la\u00a0<strong>visi\u00f3n<\/strong>\u00a0en condiciones normales as\u00ed como a apoyar el funcionamiento normal del\u00a0<strong>sistema inmunitario<\/strong>\u00a0y el proceso de diferenciaci\u00f3n celular.<\/em><\/p>\n<p>&nbsp;<\/p>\n<hr \/>\n<p>&nbsp;<\/p>\n<p><strong>Sin gluten, Sin l\u00e1cteos<\/strong><\/p>\n<p><strong>Origen animal: gelatina bovina (perla)<\/strong><\/p>\n","protected":false},"featured_media":7990,"comment_status":"open","ping_status":"closed","template":"","meta":{"_joinchat":[]},"product_brand":[],"product_cat":[126],"product_tag":[],"class_list":{"0":"post-7989","1":"product","2":"type-product","3":"status-publish","4":"has-post-thumbnail","6":"product_cat-suplementos-naturales","8":"first","9":"instock","10":"taxable","11":"shipping-taxable","12":"purchasable","13":"product-type-simple"},"_links":{"self":[{"href":"https:\/\/www.naturclic.com\/index.php?rest_route=\/wp\/v2\/product\/7989","targetHints":{"allow":["GET"]}}],"collection":[{"href":"https:\/\/www.naturclic.com\/index.php?rest_route=\/wp\/v2\/product"}],"about":[{"href":"https:\/\/www.naturclic.com\/index.php?rest_route=\/wp\/v2\/types\/product"}],"replies":[{"embeddable":true,"href":"https:\/\/www.naturclic.com\/index.php?rest_route=%2Fwp%2Fv2%2Fcomments&post=7989"}],"wp:featuredmedia":[{"embeddable":true,"href":"https:\/\/www.naturclic.com\/index.php?rest_route=\/wp\/v2\/media\/7990"}],"wp:attachment":[{"href":"https:\/\/www.naturclic.com\/index.php?rest_route=%2Fwp%2Fv2%2Fmedia&parent=7989"}],"wp:term":[{"taxonomy":"product_brand","embeddable":true,"href":"https:\/\/www.naturclic.com\/index.php?rest_route=%2Fwp%2Fv2%2Fproduct_brand&post=7989"},{"taxonomy":"product_cat","embeddable":true,"href":"https:\/\/www.naturclic.com\/index.php?rest_route=%2Fwp%2Fv2%2Fproduct_cat&post=7989"},{"taxonomy":"product_tag","embeddable":true,"href":"https:\/\/www.naturclic.com\/index.php?rest_route=%2Fwp%2Fv2%2Fproduct_tag&post=7989"}],"curies":[{"name":"wp","href":"https:\/\/api.w.org\/{rel}","templated":true}]}}