{"id":7993,"date":"2024-08-14T13:43:39","date_gmt":"2024-08-14T11:43:39","guid":{"rendered":"https:\/\/www.naturclic.com\/?post_type=product&#038;p=7993"},"modified":"2024-08-14T13:43:39","modified_gmt":"2024-08-14T11:43:39","slug":"biotina-60cap-suravitasan","status":"publish","type":"product","link":"https:\/\/www.naturclic.com\/?product=biotina-60cap-suravitasan","title":{"rendered":"Biotina 60cap SuraVitasan"},"content":{"rendered":"<p>Nuestra biotina pura proporciona una dosis de 10.000 \u00b5g por c\u00e1psula, miembro esencial de la familia de las vitaminas del grupo B.<\/p>\n<p>La biotina (tambi\u00e9n llamada vitamina B7) es una vitamina hidrosoluble cr\u00edtica, presente en peque\u00f1as concentraciones en alimentos como huevos, leche y pl\u00e1tanos. Sirve como componente b\u00e1sico de enzimas que impulsan el metabolismo de nutrientes y ayuda a mantener el rendimiento cognitivo y las membranas mucosas, as\u00ed como el cabello, la piel y las u\u00f1as saludables.<\/p>\n<p><em><strong>DECLARACIONES SALUDABLES (Reglamento UE N\u00ba 432\/2012):<\/strong><\/em><\/p>\n<p><em>La biotina contribuye al metabolismo energ\u00e9tico normal, al funcionamiento normal del sistema nervioso, al metabolismo normal de los macronutrientes, a la funci\u00f3n psicol\u00f3gica normal y al mantenimiento del cabello, mucosas y piel en condiciones normales.<\/em><\/p>\n<p>&nbsp;<\/p>\n<hr \/>\n<p>&nbsp;<\/p>\n<p><strong>Vegano, Ovolactovegetariano, Sin gluten, Sin l\u00e1cteos<\/strong><\/p>\n","protected":false},"excerpt":{"rendered":"<p>Nuestra biotina pura proporciona una dosis de 10.000 \u00b5g por c\u00e1psula, miembro esencial de la familia de las vitaminas del grupo B.<\/p>\n<p>La biotina (tambi\u00e9n llamada vitamina B7) es una vitamina hidrosoluble cr\u00edtica, presente en peque\u00f1as concentraciones en alimentos como huevos, leche y pl\u00e1tanos. Sirve como componente b\u00e1sico de enzimas que impulsan el metabolismo de nutrientes y ayuda a mantener el rendimiento cognitivo y las membranas mucosas, as\u00ed como el cabello, la piel y las u\u00f1as saludables.<\/p>\n<p><em><strong>DECLARACIONES SALUDABLES (Reglamento UE N\u00ba 432\/2012):<\/strong><\/em><\/p>\n<p><em>La biotina contribuye al metabolismo energ\u00e9tico normal, al funcionamiento normal del sistema nervioso, al metabolismo normal de los macronutrientes, a la funci\u00f3n psicol\u00f3gica normal y al mantenimiento del cabello, mucosas y piel en condiciones normales.<\/em><\/p>\n<p>&nbsp;<\/p>\n<hr \/>\n<p>&nbsp;<\/p>\n<p><strong>Vegano, Ovolactovegetariano, Sin gluten, Sin l\u00e1cteos<\/strong><\/p>\n","protected":false},"featured_media":7994,"comment_status":"open","ping_status":"closed","template":"","meta":{"_joinchat":[]},"product_brand":[],"product_cat":[126],"product_tag":[],"class_list":{"0":"post-7993","1":"product","2":"type-product","3":"status-publish","4":"has-post-thumbnail","6":"product_cat-suplementos-naturales","8":"first","9":"instock","10":"taxable","11":"shipping-taxable","12":"purchasable","13":"product-type-simple"},"_links":{"self":[{"href":"https:\/\/www.naturclic.com\/index.php?rest_route=\/wp\/v2\/product\/7993","targetHints":{"allow":["GET"]}}],"collection":[{"href":"https:\/\/www.naturclic.com\/index.php?rest_route=\/wp\/v2\/product"}],"about":[{"href":"https:\/\/www.naturclic.com\/index.php?rest_route=\/wp\/v2\/types\/product"}],"replies":[{"embeddable":true,"href":"https:\/\/www.naturclic.com\/index.php?rest_route=%2Fwp%2Fv2%2Fcomments&post=7993"}],"wp:featuredmedia":[{"embeddable":true,"href":"https:\/\/www.naturclic.com\/index.php?rest_route=\/wp\/v2\/media\/7994"}],"wp:attachment":[{"href":"https:\/\/www.naturclic.com\/index.php?rest_route=%2Fwp%2Fv2%2Fmedia&parent=7993"}],"wp:term":[{"taxonomy":"product_brand","embeddable":true,"href":"https:\/\/www.naturclic.com\/index.php?rest_route=%2Fwp%2Fv2%2Fproduct_brand&post=7993"},{"taxonomy":"product_cat","embeddable":true,"href":"https:\/\/www.naturclic.com\/index.php?rest_route=%2Fwp%2Fv2%2Fproduct_cat&post=7993"},{"taxonomy":"product_tag","embeddable":true,"href":"https:\/\/www.naturclic.com\/index.php?rest_route=%2Fwp%2Fv2%2Fproduct_tag&post=7993"}],"curies":[{"name":"wp","href":"https:\/\/api.w.org\/{rel}","templated":true}]}}