{"id":8005,"date":"2024-08-14T13:59:26","date_gmt":"2024-08-14T11:59:26","guid":{"rendered":"https:\/\/www.naturclic.com\/?post_type=product&#038;p=8005"},"modified":"2024-08-14T13:59:26","modified_gmt":"2024-08-14T11:59:26","slug":"chlorella-300cap-suravitasan","status":"publish","type":"product","link":"https:\/\/www.naturclic.com\/?product=chlorella-300cap-suravitasan","title":{"rendered":"Chlorella 300cap SuraVitasan"},"content":{"rendered":"<p><strong>Chlorella 100%<\/strong>\u00a0pura, cultivada en estaques controlados libre de contaminantes y altamente digerible para una \u00f3ptima asimilaci\u00f3n de sus nutrientes. Se trata de una microalga verde unicelular que aporta una amplia gama de nutrientes esenciales. Destaca por su alto contenido en\u00a0<strong>clorofila<\/strong>,\u00a0<strong>vitaminas<\/strong>\u00a0(Beta-caroteno, B1, B2, B5, B12, Biotina, Niacina, C y E, entre otras)\u00a0<strong>minerales<\/strong>\u00a0(sodio, cloro, potasio, f\u00f3sforo, magnesio, hierro&#8230;),\u00a0<strong>fibra<\/strong>\u00a0y\u00a0<strong>prote\u00ednas<\/strong>\u00a0que pueden considerarse de alto valor biol\u00f3gico, ya que son interesantes por su alta composici\u00f3n en amino\u00e1cidos esenciales, haciendo de esta alga un valioso suplemento para nuestra dieta.<\/p>\n<hr \/>\n<p><strong>Vegano, Ovolactovegetariano, Sin gluten, Sin l\u00e1cteos<\/strong><\/p>\n","protected":false},"excerpt":{"rendered":"<p><strong>Chlorella 100%<\/strong>\u00a0pura, cultivada en estaques controlados libre de contaminantes y altamente digerible para una \u00f3ptima asimilaci\u00f3n de sus nutrientes. Se trata de una microalga verde unicelular que aporta una amplia gama de nutrientes esenciales. Destaca por su alto contenido en\u00a0<strong>clorofila<\/strong>,\u00a0<strong>vitaminas<\/strong>\u00a0(Beta-caroteno, B1, B2, B5, B12, Biotina, Niacina, C y E, entre otras)\u00a0<strong>minerales<\/strong>\u00a0(sodio, cloro, potasio, f\u00f3sforo, magnesio, hierro&#8230;),\u00a0<strong>fibra<\/strong>\u00a0y\u00a0<strong>prote\u00ednas<\/strong>\u00a0que pueden considerarse de alto valor biol\u00f3gico, ya que son interesantes por su alta composici\u00f3n en amino\u00e1cidos esenciales, haciendo de esta alga un valioso suplemento para nuestra dieta.<\/p>\n<hr \/>\n<p><strong>Vegano, Ovolactovegetariano, Sin gluten, Sin l\u00e1cteos<\/strong><\/p>\n","protected":false},"featured_media":8006,"comment_status":"open","ping_status":"closed","template":"","meta":{"_joinchat":[]},"product_brand":[],"product_cat":[126],"product_tag":[],"class_list":{"0":"post-8005","1":"product","2":"type-product","3":"status-publish","4":"has-post-thumbnail","6":"product_cat-suplementos-naturales","8":"first","9":"instock","10":"taxable","11":"shipping-taxable","12":"purchasable","13":"product-type-simple"},"_links":{"self":[{"href":"https:\/\/www.naturclic.com\/index.php?rest_route=\/wp\/v2\/product\/8005","targetHints":{"allow":["GET"]}}],"collection":[{"href":"https:\/\/www.naturclic.com\/index.php?rest_route=\/wp\/v2\/product"}],"about":[{"href":"https:\/\/www.naturclic.com\/index.php?rest_route=\/wp\/v2\/types\/product"}],"replies":[{"embeddable":true,"href":"https:\/\/www.naturclic.com\/index.php?rest_route=%2Fwp%2Fv2%2Fcomments&post=8005"}],"wp:featuredmedia":[{"embeddable":true,"href":"https:\/\/www.naturclic.com\/index.php?rest_route=\/wp\/v2\/media\/8006"}],"wp:attachment":[{"href":"https:\/\/www.naturclic.com\/index.php?rest_route=%2Fwp%2Fv2%2Fmedia&parent=8005"}],"wp:term":[{"taxonomy":"product_brand","embeddable":true,"href":"https:\/\/www.naturclic.com\/index.php?rest_route=%2Fwp%2Fv2%2Fproduct_brand&post=8005"},{"taxonomy":"product_cat","embeddable":true,"href":"https:\/\/www.naturclic.com\/index.php?rest_route=%2Fwp%2Fv2%2Fproduct_cat&post=8005"},{"taxonomy":"product_tag","embeddable":true,"href":"https:\/\/www.naturclic.com\/index.php?rest_route=%2Fwp%2Fv2%2Fproduct_tag&post=8005"}],"curies":[{"name":"wp","href":"https:\/\/api.w.org\/{rel}","templated":true}]}}