{"id":8009,"date":"2024-08-14T14:06:26","date_gmt":"2024-08-14T12:06:26","guid":{"rendered":"https:\/\/www.naturclic.com\/?post_type=product&#038;p=8009"},"modified":"2024-08-14T14:06:26","modified_gmt":"2024-08-14T12:06:26","slug":"comino-negro-60perlas-suravitasan","status":"publish","type":"product","link":"https:\/\/www.naturclic.com\/?product=comino-negro-60perlas-suravitasan","title":{"rendered":"Comino Negro 60perlas SuraVitasan"},"content":{"rendered":"<p>Las semillas de comino negro (<em>Nigella sativa<\/em>) provienen de una planta herb\u00e1cea anual aut\u00f3ctona del Mediterr\u00e1neo. Su uso tiene una historia de m\u00e1s de 3.000 a\u00f1os en Oriente Medio, el norte de \u00c1frica y partes de Asia.<\/p>\n<p><em><strong>DECLARACIONES SALUDABLES (Reglamento UE N\u00ba 432\/2012):<\/strong><\/em><\/p>\n<p><em>El extracto de semilla decomino negro (Nigella sativa) ayuda a regular los niveles de glucosa en sangre.<\/em><\/p>\n<hr \/>\n<p>&nbsp;<\/p>\n<p>&nbsp;<\/p>\n<p><strong>Sin gluten, Sin l\u00e1cteos<\/strong><\/p>\n<p><strong>Origen animal: gelatina bovina (perla)<\/strong><\/p>\n","protected":false},"excerpt":{"rendered":"<p>Las semillas de comino negro (<em>Nigella sativa<\/em>) provienen de una planta herb\u00e1cea anual aut\u00f3ctona del Mediterr\u00e1neo. Su uso tiene una historia de m\u00e1s de 3.000 a\u00f1os en Oriente Medio, el norte de \u00c1frica y partes de Asia.<\/p>\n<p><em><strong>DECLARACIONES SALUDABLES (Reglamento UE N\u00ba 432\/2012):<\/strong><\/em><\/p>\n<p><em>El extracto de semilla decomino negro (Nigella sativa) ayuda a regular los niveles de glucosa en sangre.<\/em><\/p>\n<hr \/>\n<p>&nbsp;<\/p>\n<p>&nbsp;<\/p>\n<p><strong>Sin gluten, Sin l\u00e1cteos<\/strong><\/p>\n<p><strong>Origen animal: gelatina bovina (perla)<\/strong><\/p>\n","protected":false},"featured_media":8010,"comment_status":"open","ping_status":"closed","template":"","meta":{"_joinchat":[]},"product_brand":[],"product_cat":[126],"product_tag":[],"class_list":{"0":"post-8009","1":"product","2":"type-product","3":"status-publish","4":"has-post-thumbnail","6":"product_cat-suplementos-naturales","8":"first","9":"instock","10":"taxable","11":"shipping-taxable","12":"purchasable","13":"product-type-simple"},"_links":{"self":[{"href":"https:\/\/www.naturclic.com\/index.php?rest_route=\/wp\/v2\/product\/8009","targetHints":{"allow":["GET"]}}],"collection":[{"href":"https:\/\/www.naturclic.com\/index.php?rest_route=\/wp\/v2\/product"}],"about":[{"href":"https:\/\/www.naturclic.com\/index.php?rest_route=\/wp\/v2\/types\/product"}],"replies":[{"embeddable":true,"href":"https:\/\/www.naturclic.com\/index.php?rest_route=%2Fwp%2Fv2%2Fcomments&post=8009"}],"wp:featuredmedia":[{"embeddable":true,"href":"https:\/\/www.naturclic.com\/index.php?rest_route=\/wp\/v2\/media\/8010"}],"wp:attachment":[{"href":"https:\/\/www.naturclic.com\/index.php?rest_route=%2Fwp%2Fv2%2Fmedia&parent=8009"}],"wp:term":[{"taxonomy":"product_brand","embeddable":true,"href":"https:\/\/www.naturclic.com\/index.php?rest_route=%2Fwp%2Fv2%2Fproduct_brand&post=8009"},{"taxonomy":"product_cat","embeddable":true,"href":"https:\/\/www.naturclic.com\/index.php?rest_route=%2Fwp%2Fv2%2Fproduct_cat&post=8009"},{"taxonomy":"product_tag","embeddable":true,"href":"https:\/\/www.naturclic.com\/index.php?rest_route=%2Fwp%2Fv2%2Fproduct_tag&post=8009"}],"curies":[{"name":"wp","href":"https:\/\/api.w.org\/{rel}","templated":true}]}}