{"id":8013,"date":"2024-08-14T14:13:19","date_gmt":"2024-08-14T12:13:19","guid":{"rendered":"https:\/\/www.naturclic.com\/?post_type=product&#038;p=8013"},"modified":"2024-08-14T14:13:19","modified_gmt":"2024-08-14T12:13:19","slug":"curcuma-95-90cap-suravitasan","status":"publish","type":"product","link":"https:\/\/www.naturclic.com\/?product=curcuma-95-90cap-suravitasan","title":{"rendered":"C\u00farcuma 95 90cap SuraVitasan"},"content":{"rendered":"<p>Complemento alimenticio que aporta un extracto estandarizado procedente de la\u00a0<strong>C\u00farcuma<\/strong>\u00a0(<strong><em>Curcuma longa<\/em><\/strong>) con un\u00a0<strong>95% de curcuminoides<\/strong>\u00a0garantizado.C\u00farcuma 95 de Sura Vitasan, contiene en cada c\u00e1psula 500 mg del extracto, asegurando una alta potencia.<\/p>\n<p><em>Declaraciones saludables\u00a0<\/em><em>(Reglamento UE N\u00ba432\/2012):\u00a0<\/em><em>La c\u00farcuma es una planta que favorece el\u00a0<strong>normal funcionamiento del h\u00edgado<\/strong>\u00a0y contribuye a la protecci\u00f3n de las c\u00e9lulas frente al da\u00f1o oxidativo. Los curcuminoides,<\/em><em>como la curcumina presentes en la planta se asocian al confort\u00a0<strong>digestivo<\/strong>\u00a0y participan en la normal respuesta\u00a0<strong>inflamatoria<\/strong>.\u00a0<\/em><em>Ayuda a mantener la eficacia del sistema inmunol\u00f3gico y la\u00a0<strong>resistencia a las<\/strong>\u00a0<strong>alergias<\/strong>.<\/em><\/p>\n<p>&nbsp;<\/p>\n<hr \/>\n<p>&nbsp;<\/p>\n<p><strong>Vegano, Ovolactovegetariano, Sin gluten, Sin l\u00e1cteos<\/strong><\/p>\n","protected":false},"excerpt":{"rendered":"<p>Complemento alimenticio que aporta un extracto estandarizado procedente de la\u00a0<strong>C\u00farcuma<\/strong>\u00a0(<strong><em>Curcuma longa<\/em><\/strong>) con un\u00a0<strong>95% de curcuminoides<\/strong>\u00a0garantizado.C\u00farcuma 95 de Sura Vitasan, contiene en cada c\u00e1psula 500 mg del extracto, asegurando una alta potencia.<\/p>\n<p><em>Declaraciones saludables\u00a0<\/em><em>(Reglamento UE N\u00ba432\/2012):\u00a0<\/em><em>La c\u00farcuma es una planta que favorece el\u00a0<strong>normal funcionamiento del h\u00edgado<\/strong>\u00a0y contribuye a la protecci\u00f3n de las c\u00e9lulas frente al da\u00f1o oxidativo. Los curcuminoides,<\/em><em>como la curcumina presentes en la planta se asocian al confort\u00a0<strong>digestivo<\/strong>\u00a0y participan en la normal respuesta\u00a0<strong>inflamatoria<\/strong>.\u00a0<\/em><em>Ayuda a mantener la eficacia del sistema inmunol\u00f3gico y la\u00a0<strong>resistencia a las<\/strong>\u00a0<strong>alergias<\/strong>.<\/em><\/p>\n<p>&nbsp;<\/p>\n<hr \/>\n<p>&nbsp;<\/p>\n<p><strong>Vegano, Ovolactovegetariano, Sin gluten, Sin l\u00e1cteos<\/strong><\/p>\n","protected":false},"featured_media":8014,"comment_status":"open","ping_status":"closed","template":"","meta":{"_joinchat":[]},"product_brand":[],"product_cat":[126],"product_tag":[],"class_list":{"0":"post-8013","1":"product","2":"type-product","3":"status-publish","4":"has-post-thumbnail","6":"product_cat-suplementos-naturales","8":"first","9":"instock","10":"taxable","11":"shipping-taxable","12":"purchasable","13":"product-type-simple"},"_links":{"self":[{"href":"https:\/\/www.naturclic.com\/index.php?rest_route=\/wp\/v2\/product\/8013","targetHints":{"allow":["GET"]}}],"collection":[{"href":"https:\/\/www.naturclic.com\/index.php?rest_route=\/wp\/v2\/product"}],"about":[{"href":"https:\/\/www.naturclic.com\/index.php?rest_route=\/wp\/v2\/types\/product"}],"replies":[{"embeddable":true,"href":"https:\/\/www.naturclic.com\/index.php?rest_route=%2Fwp%2Fv2%2Fcomments&post=8013"}],"wp:featuredmedia":[{"embeddable":true,"href":"https:\/\/www.naturclic.com\/index.php?rest_route=\/wp\/v2\/media\/8014"}],"wp:attachment":[{"href":"https:\/\/www.naturclic.com\/index.php?rest_route=%2Fwp%2Fv2%2Fmedia&parent=8013"}],"wp:term":[{"taxonomy":"product_brand","embeddable":true,"href":"https:\/\/www.naturclic.com\/index.php?rest_route=%2Fwp%2Fv2%2Fproduct_brand&post=8013"},{"taxonomy":"product_cat","embeddable":true,"href":"https:\/\/www.naturclic.com\/index.php?rest_route=%2Fwp%2Fv2%2Fproduct_cat&post=8013"},{"taxonomy":"product_tag","embeddable":true,"href":"https:\/\/www.naturclic.com\/index.php?rest_route=%2Fwp%2Fv2%2Fproduct_tag&post=8013"}],"curies":[{"name":"wp","href":"https:\/\/api.w.org\/{rel}","templated":true}]}}