{"id":8018,"date":"2024-08-14T16:38:14","date_gmt":"2024-08-14T14:38:14","guid":{"rendered":"https:\/\/www.naturclic.com\/?post_type=product&#038;p=8018"},"modified":"2024-08-14T16:38:14","modified_gmt":"2024-08-14T14:38:14","slug":"diente-de-leon-semilla-de-apio-100cap-suravitasan","status":"publish","type":"product","link":"https:\/\/www.naturclic.com\/?product=diente-de-leon-semilla-de-apio-100cap-suravitasan","title":{"rendered":"Diente de le\u00f3n &#038; Semilla de apio 100cap SuraVitasan"},"content":{"rendered":"<p><strong>Diente de Le\u00f3n &amp; Semilla de Apio<\/strong>\u00a0es una combinaci\u00f3n sin\u00e9rgica de ra\u00edz de diente de le\u00f3n (<em>Taraxacum officinale<\/em>) y semilla de apio (<em>Apium graveolens var. Dulce<\/em>) . El diente de le\u00f3n contiene principios activos amargos y es<strong>\u00a0rico en inulina<\/strong>. Es una planta que contribuye al<strong>\u00a0normal funcionamiento<\/strong>\u00a0del\u00a0<strong>est\u00f3mago<\/strong>\u00a0y del\u00a0<strong>h\u00edgado<\/strong>. La semilla de apio presenta aceites esenciales cuyo principal componente es el limoneno. Cada c\u00e1psula aporta\u00a0<strong>323mg de diente de le\u00f3n<\/strong>\u00a0y<strong>\u00a0107mg de semilla de apio<\/strong>.<\/p>\n<hr \/>\n<p><strong>Vegano, Ovolactovegetariano, Sin gluten, Sin l\u00e1cteos<\/strong><\/p>\n<p><strong>Al\u00e9rgenes comunes: apio<\/strong><\/p>\n","protected":false},"excerpt":{"rendered":"<p><strong>Diente de Le\u00f3n &amp; Semilla de Apio<\/strong>\u00a0es una combinaci\u00f3n sin\u00e9rgica de ra\u00edz de diente de le\u00f3n (<em>Taraxacum officinale<\/em>) y semilla de apio (<em>Apium graveolens var. Dulce<\/em>) . El diente de le\u00f3n contiene principios activos amargos y es<strong>\u00a0rico en inulina<\/strong>. Es una planta que contribuye al<strong>\u00a0normal funcionamiento<\/strong>\u00a0del\u00a0<strong>est\u00f3mago<\/strong>\u00a0y del\u00a0<strong>h\u00edgado<\/strong>. La semilla de apio presenta aceites esenciales cuyo principal componente es el limoneno. Cada c\u00e1psula aporta\u00a0<strong>323mg de diente de le\u00f3n<\/strong>\u00a0y<strong>\u00a0107mg de semilla de apio<\/strong>.<\/p>\n<hr \/>\n<p><strong>Vegano, Ovolactovegetariano, Sin gluten, Sin l\u00e1cteos<\/strong><\/p>\n<p><strong>Al\u00e9rgenes comunes: apio<\/strong><\/p>\n","protected":false},"featured_media":8019,"comment_status":"open","ping_status":"closed","template":"","meta":{"_joinchat":[]},"product_brand":[],"product_cat":[126],"product_tag":[],"class_list":{"0":"post-8018","1":"product","2":"type-product","3":"status-publish","4":"has-post-thumbnail","6":"product_cat-suplementos-naturales","8":"first","9":"instock","10":"taxable","11":"shipping-taxable","12":"purchasable","13":"product-type-simple"},"_links":{"self":[{"href":"https:\/\/www.naturclic.com\/index.php?rest_route=\/wp\/v2\/product\/8018","targetHints":{"allow":["GET"]}}],"collection":[{"href":"https:\/\/www.naturclic.com\/index.php?rest_route=\/wp\/v2\/product"}],"about":[{"href":"https:\/\/www.naturclic.com\/index.php?rest_route=\/wp\/v2\/types\/product"}],"replies":[{"embeddable":true,"href":"https:\/\/www.naturclic.com\/index.php?rest_route=%2Fwp%2Fv2%2Fcomments&post=8018"}],"wp:featuredmedia":[{"embeddable":true,"href":"https:\/\/www.naturclic.com\/index.php?rest_route=\/wp\/v2\/media\/8019"}],"wp:attachment":[{"href":"https:\/\/www.naturclic.com\/index.php?rest_route=%2Fwp%2Fv2%2Fmedia&parent=8018"}],"wp:term":[{"taxonomy":"product_brand","embeddable":true,"href":"https:\/\/www.naturclic.com\/index.php?rest_route=%2Fwp%2Fv2%2Fproduct_brand&post=8018"},{"taxonomy":"product_cat","embeddable":true,"href":"https:\/\/www.naturclic.com\/index.php?rest_route=%2Fwp%2Fv2%2Fproduct_cat&post=8018"},{"taxonomy":"product_tag","embeddable":true,"href":"https:\/\/www.naturclic.com\/index.php?rest_route=%2Fwp%2Fv2%2Fproduct_tag&post=8018"}],"curies":[{"name":"wp","href":"https:\/\/api.w.org\/{rel}","templated":true}]}}