{"id":8020,"date":"2024-08-14T16:40:37","date_gmt":"2024-08-14T14:40:37","guid":{"rendered":"https:\/\/www.naturclic.com\/?post_type=product&#038;p=8020"},"modified":"2024-08-14T16:40:37","modified_gmt":"2024-08-14T14:40:37","slug":"dmg-n-dimetilglicina-100cap-suravitasan","status":"publish","type":"product","link":"https:\/\/www.naturclic.com\/?product=dmg-n-dimetilglicina-100cap-suravitasan","title":{"rendered":"DMG N, Dimetilglicina 100cap SuraVitasan"},"content":{"rendered":"<p><strong>DMG<\/strong>\u00a0(N, N-Dimetilglicina), o principio activo del\u00a0<strong>\u00e1cido pang\u00e1mico<\/strong>\u00a0o\u00a0<strong>vitamina B15<\/strong>, es un\u00a0<strong>amino\u00e1cido<\/strong>\u00a0derivado de la glicina que se encuentra en el cuerpo en cantidades peque\u00f1as. Act\u00faa como mediador en numerosos procesos bioqu\u00edmicos y es precursor del amino\u00e1cido metionina. Este producto aporta\u00a0<strong>125 mg de N-Dimetilglicina<\/strong>\u00a0por c\u00e1psula.<\/p>\n<hr \/>\n<p><strong>Vegano, Ovolactovegetariano, Sin gluten, Sin l\u00e1cteos<\/strong><\/p>\n","protected":false},"excerpt":{"rendered":"<p><strong>DMG<\/strong>\u00a0(N, N-Dimetilglicina), o principio activo del\u00a0<strong>\u00e1cido pang\u00e1mico<\/strong>\u00a0o\u00a0<strong>vitamina B15<\/strong>, es un\u00a0<strong>amino\u00e1cido<\/strong>\u00a0derivado de la glicina que se encuentra en el cuerpo en cantidades peque\u00f1as. Act\u00faa como mediador en numerosos procesos bioqu\u00edmicos y es precursor del amino\u00e1cido metionina. Este producto aporta\u00a0<strong>125 mg de N-Dimetilglicina<\/strong>\u00a0por c\u00e1psula.<\/p>\n<hr \/>\n<p><strong>Vegano, Ovolactovegetariano, Sin gluten, Sin l\u00e1cteos<\/strong><\/p>\n","protected":false},"featured_media":8021,"comment_status":"open","ping_status":"closed","template":"","meta":{"_joinchat":[]},"product_brand":[],"product_cat":[126],"product_tag":[],"class_list":{"0":"post-8020","1":"product","2":"type-product","3":"status-publish","4":"has-post-thumbnail","6":"product_cat-suplementos-naturales","8":"first","9":"instock","10":"taxable","11":"shipping-taxable","12":"purchasable","13":"product-type-simple"},"_links":{"self":[{"href":"https:\/\/www.naturclic.com\/index.php?rest_route=\/wp\/v2\/product\/8020","targetHints":{"allow":["GET"]}}],"collection":[{"href":"https:\/\/www.naturclic.com\/index.php?rest_route=\/wp\/v2\/product"}],"about":[{"href":"https:\/\/www.naturclic.com\/index.php?rest_route=\/wp\/v2\/types\/product"}],"replies":[{"embeddable":true,"href":"https:\/\/www.naturclic.com\/index.php?rest_route=%2Fwp%2Fv2%2Fcomments&post=8020"}],"wp:featuredmedia":[{"embeddable":true,"href":"https:\/\/www.naturclic.com\/index.php?rest_route=\/wp\/v2\/media\/8021"}],"wp:attachment":[{"href":"https:\/\/www.naturclic.com\/index.php?rest_route=%2Fwp%2Fv2%2Fmedia&parent=8020"}],"wp:term":[{"taxonomy":"product_brand","embeddable":true,"href":"https:\/\/www.naturclic.com\/index.php?rest_route=%2Fwp%2Fv2%2Fproduct_brand&post=8020"},{"taxonomy":"product_cat","embeddable":true,"href":"https:\/\/www.naturclic.com\/index.php?rest_route=%2Fwp%2Fv2%2Fproduct_cat&post=8020"},{"taxonomy":"product_tag","embeddable":true,"href":"https:\/\/www.naturclic.com\/index.php?rest_route=%2Fwp%2Fv2%2Fproduct_tag&post=8020"}],"curies":[{"name":"wp","href":"https:\/\/api.w.org\/{rel}","templated":true}]}}