{"id":8023,"date":"2024-08-14T16:42:41","date_gmt":"2024-08-14T14:42:41","guid":{"rendered":"https:\/\/www.naturclic.com\/?post_type=product&#038;p=8023"},"modified":"2024-08-14T16:42:42","modified_gmt":"2024-08-14T14:42:42","slug":"dong-quai-100cap-suravitasan","status":"publish","type":"product","link":"https:\/\/www.naturclic.com\/?product=dong-quai-100cap-suravitasan","title":{"rendered":"Dong quai 100cap SuraVitasan"},"content":{"rendered":"<p>El\u00a0<strong>Don Qua<\/strong>i o\u00a0<strong><em>Ang\u00e9lica sinensis<\/em><\/strong>\u00a0es una planta de larga tradici\u00f3n en medicina china. La ra\u00edz de la planta contiene los principios activos, entre los que destaca el lingust\u00edlido. Tambi\u00e9n es rica en vitamina A y carotenoides, vitamina B12, vitamina E, \u00e1cido asc\u00f3rbico, \u00e1cido fol\u00ednico, biotina y varios fitoesteroles. Adem\u00e1s contiene calcio y magnesio. Contiene un alto contenido por c\u00e1psula.<\/p>\n<p><em><em id=\"juntar-linea\">Declaraciones saludables\u00a0<\/em>(Reglamento UE N\u00ba 432\/2012):\u00a0Dong quai o Angelica sienesis es una planta tradicionalmente utilizada como apoyo a la\u00a0<strong>salud de la mujer<\/strong><\/em><\/p>\n<hr \/>\n<p>&nbsp;<\/p>\n<p><strong>Vegano, Ovolactovegetariano, Sin gluten, Sin l\u00e1cteos<\/strong><\/p>\n","protected":false},"excerpt":{"rendered":"<p>El\u00a0<strong>Don Qua<\/strong>i o\u00a0<strong><em>Ang\u00e9lica sinensis<\/em><\/strong>\u00a0es una planta de larga tradici\u00f3n en medicina china. La ra\u00edz de la planta contiene los principios activos, entre los que destaca el lingust\u00edlido. Tambi\u00e9n es rica en vitamina A y carotenoides, vitamina B12, vitamina E, \u00e1cido asc\u00f3rbico, \u00e1cido fol\u00ednico, biotina y varios fitoesteroles. Adem\u00e1s contiene calcio y magnesio. Contiene un alto contenido por c\u00e1psula.<\/p>\n<p><em><em id=\"juntar-linea\">Declaraciones saludables\u00a0<\/em>(Reglamento UE N\u00ba 432\/2012):\u00a0Dong quai o Angelica sienesis es una planta tradicionalmente utilizada como apoyo a la\u00a0<strong>salud de la mujer<\/strong><\/em><\/p>\n<hr \/>\n<p>&nbsp;<\/p>\n<p><strong>Vegano, Ovolactovegetariano, Sin gluten, Sin l\u00e1cteos<\/strong><\/p>\n","protected":false},"featured_media":8024,"comment_status":"open","ping_status":"closed","template":"","meta":{"_joinchat":[]},"product_brand":[],"product_cat":[126],"product_tag":[],"class_list":{"0":"post-8023","1":"product","2":"type-product","3":"status-publish","4":"has-post-thumbnail","6":"product_cat-suplementos-naturales","8":"first","9":"instock","10":"taxable","11":"shipping-taxable","12":"purchasable","13":"product-type-simple"},"_links":{"self":[{"href":"https:\/\/www.naturclic.com\/index.php?rest_route=\/wp\/v2\/product\/8023","targetHints":{"allow":["GET"]}}],"collection":[{"href":"https:\/\/www.naturclic.com\/index.php?rest_route=\/wp\/v2\/product"}],"about":[{"href":"https:\/\/www.naturclic.com\/index.php?rest_route=\/wp\/v2\/types\/product"}],"replies":[{"embeddable":true,"href":"https:\/\/www.naturclic.com\/index.php?rest_route=%2Fwp%2Fv2%2Fcomments&post=8023"}],"wp:featuredmedia":[{"embeddable":true,"href":"https:\/\/www.naturclic.com\/index.php?rest_route=\/wp\/v2\/media\/8024"}],"wp:attachment":[{"href":"https:\/\/www.naturclic.com\/index.php?rest_route=%2Fwp%2Fv2%2Fmedia&parent=8023"}],"wp:term":[{"taxonomy":"product_brand","embeddable":true,"href":"https:\/\/www.naturclic.com\/index.php?rest_route=%2Fwp%2Fv2%2Fproduct_brand&post=8023"},{"taxonomy":"product_cat","embeddable":true,"href":"https:\/\/www.naturclic.com\/index.php?rest_route=%2Fwp%2Fv2%2Fproduct_cat&post=8023"},{"taxonomy":"product_tag","embeddable":true,"href":"https:\/\/www.naturclic.com\/index.php?rest_route=%2Fwp%2Fv2%2Fproduct_tag&post=8023"}],"curies":[{"name":"wp","href":"https:\/\/api.w.org\/{rel}","templated":true}]}}