{"id":8035,"date":"2024-08-14T16:56:57","date_gmt":"2024-08-14T14:56:57","guid":{"rendered":"https:\/\/www.naturclic.com\/?post_type=product&#038;p=8035"},"modified":"2024-08-14T16:56:57","modified_gmt":"2024-08-14T14:56:57","slug":"femina-balance-90cap-suravitasan","status":"publish","type":"product","link":"https:\/\/www.naturclic.com\/?product=femina-balance-90cap-suravitasan","title":{"rendered":"F\u00e9mina-Balance 90cap SuraVitasan"},"content":{"rendered":"<p><strong>F\u00e9mina-Balance<\/strong>\u00a0es un complemento alimenticio a base de una combinaci\u00f3n de\u00a0<strong>8 extractos<\/strong>\u00a0estandarizados de plantas de alta calidad.<\/p>\n<p><strong><em><em id=\"juntar-linea\">Declaraciones saludables\u00a0<\/em><\/em><\/strong><em><strong>(Reglamento UE N\u00ba 432\/2012):<\/strong>\u00a0<\/em><\/p>\n<p><em>El sauzgatillo contribuye al equilibrio hormonal femenino. El Dong Quai contribuye al mantenimiento de la salud de la mujer y del sistema urogenital. La bola de nieve calma los espasmos en la dismenorrea (menstruaci\u00f3n dolorosa). El ginseng siberiano es un t\u00f3nico contribuye a una mayor energ\u00eda mental y f\u00edsica.<\/em><\/p>\n<hr \/>\n<p>&nbsp;<\/p>\n<p><strong>Vegano, Ovolactovegetariano, Sin gluten, Sin l\u00e1cteos<\/strong><\/p>\n","protected":false},"excerpt":{"rendered":"<p><strong>F\u00e9mina-Balance<\/strong>\u00a0es un complemento alimenticio a base de una combinaci\u00f3n de\u00a0<strong>8 extractos<\/strong>\u00a0estandarizados de plantas de alta calidad.<\/p>\n<p><strong><em><em id=\"juntar-linea\">Declaraciones saludables\u00a0<\/em><\/em><\/strong><em><strong>(Reglamento UE N\u00ba 432\/2012):<\/strong>\u00a0<\/em><\/p>\n<p><em>El sauzgatillo contribuye al equilibrio hormonal femenino. El Dong Quai contribuye al mantenimiento de la salud de la mujer y del sistema urogenital. La bola de nieve calma los espasmos en la dismenorrea (menstruaci\u00f3n dolorosa). El ginseng siberiano es un t\u00f3nico contribuye a una mayor energ\u00eda mental y f\u00edsica.<\/em><\/p>\n<hr \/>\n<p>&nbsp;<\/p>\n<p><strong>Vegano, Ovolactovegetariano, Sin gluten, Sin l\u00e1cteos<\/strong><\/p>\n","protected":false},"featured_media":8036,"comment_status":"open","ping_status":"closed","template":"","meta":{"_joinchat":[]},"product_brand":[],"product_cat":[126],"product_tag":[],"class_list":{"0":"post-8035","1":"product","2":"type-product","3":"status-publish","4":"has-post-thumbnail","6":"product_cat-suplementos-naturales","8":"first","9":"instock","10":"taxable","11":"shipping-taxable","12":"purchasable","13":"product-type-simple"},"_links":{"self":[{"href":"https:\/\/www.naturclic.com\/index.php?rest_route=\/wp\/v2\/product\/8035","targetHints":{"allow":["GET"]}}],"collection":[{"href":"https:\/\/www.naturclic.com\/index.php?rest_route=\/wp\/v2\/product"}],"about":[{"href":"https:\/\/www.naturclic.com\/index.php?rest_route=\/wp\/v2\/types\/product"}],"replies":[{"embeddable":true,"href":"https:\/\/www.naturclic.com\/index.php?rest_route=%2Fwp%2Fv2%2Fcomments&post=8035"}],"wp:featuredmedia":[{"embeddable":true,"href":"https:\/\/www.naturclic.com\/index.php?rest_route=\/wp\/v2\/media\/8036"}],"wp:attachment":[{"href":"https:\/\/www.naturclic.com\/index.php?rest_route=%2Fwp%2Fv2%2Fmedia&parent=8035"}],"wp:term":[{"taxonomy":"product_brand","embeddable":true,"href":"https:\/\/www.naturclic.com\/index.php?rest_route=%2Fwp%2Fv2%2Fproduct_brand&post=8035"},{"taxonomy":"product_cat","embeddable":true,"href":"https:\/\/www.naturclic.com\/index.php?rest_route=%2Fwp%2Fv2%2Fproduct_cat&post=8035"},{"taxonomy":"product_tag","embeddable":true,"href":"https:\/\/www.naturclic.com\/index.php?rest_route=%2Fwp%2Fv2%2Fproduct_tag&post=8035"}],"curies":[{"name":"wp","href":"https:\/\/api.w.org\/{rel}","templated":true}]}}